{"id":1001,"date":"2023-04-26T13:20:41","date_gmt":"2023-04-26T10:20:41","guid":{"rendered":"https:\/\/new.usm.md\/?page_id=1001"},"modified":"2025-01-27T18:26:35","modified_gmt":"2025-01-27T15:26:35","slug":"tehnici-de-programare","status":"publish","type":"page","link":"https:\/\/fmi.usm.md\/en\/tehnici-de-programare\/","title":{"rendered":"Tehnici de Programare"},"content":{"rendered":"<section id=\"block-views-block-discipline-block-2\" class=\"views-element-container block block-views block-views-blockdiscipline-block-2 clearfix\">\n<div class=\"form-group\">\n<div class=\"view view-discipline view-id-discipline view-display-id-block_2 js-view-dom-id-77d8dadcb5a8ebfe60892bf777e175a167421e4fa6ae6c6dfd5bb7abb180425b\">\n<div class=\"view-content\">\n<div class=\"table-responsive\">\n<table class=\"table table-hover table-striped\">\n<thead>\n<tr>\n<th id=\"view-field-cod-disciplina-table-column\" class=\"views-align-center views-field views-field-field-cod-disciplina views-align-center\" scope=\"col\">Codul disciplinei<\/th>\n<th id=\"view-title-table-column\" class=\"views-align-center views-field views-field-title views-align-center\" scope=\"col\">Denumirea disciplinei<\/th>\n<th id=\"view-field-responsabil-table-column\" class=\"views-align-center views-field views-field-field-responsabil views-align-center\" scope=\"col\">Persoana(e) responsabil\u0103(e)<\/th>\n<th id=\"view-field-semestrul-table-column\" class=\"views-align-center views-field views-field-field-semestrul views-align-center\" scope=\"col\">Semestrul<\/th>\n<th id=\"view-field-tip-evaluare-table-column\" class=\"views-align-center views-field views-field-field-tip-evaluare views-align-center\" scope=\"col\">Tipul de evaluare<\/th>\n<th id=\"view-field-numarul-de-credite-table-column\" class=\"views-align-center views-field views-field-field-numarul-de-credite views-align-center\" scope=\"col\">Num\u0103rul de credite<\/th>\n<th id=\"view-field-specialitati-table-column\" class=\"views-align-center views-field views-field-field-specialitati views-align-center\" scope=\"col\">Specialitatea(\u0103\u021bi)<\/th>\n<\/tr>\n<\/thead>\n<tbody>\n<tr class=\"info\">\n<td class=\"views-field views-field-field-cod-disciplina views-align-center\" headers=\"view-field-cod-disciplina-table-column\">F.02.O.009<\/td>\n<td class=\"views-field views-field-title views-align-center\" headers=\"view-title-table-column\">Tehnici de Programare<\/td>\n<td class=\"views-field views-field-field-responsabil views-align-center\" headers=\"view-field-responsabil-table-column\"><a href=\"https:\/\/fmi.usm.md\/?page_id=627\" hreflang=\"ro\">Arnaut.Vsevolod<\/a>, <a href=\"https:\/\/fmi.usm.md\/?page_id=777\" hreflang=\"ro\">Seiciuc.Eleonora<\/a><\/td>\n<td class=\"views-field views-field-field-semestrul views-align-center\" headers=\"view-field-semestrul-table-column\">II (Ciclu I)<\/td>\n<td class=\"views-field views-field-field-tip-evaluare views-align-center\" headers=\"view-field-tip-evaluare-table-column\">Examen<\/td>\n<td class=\"views-field views-field-field-numarul-de-credite views-align-center\" headers=\"view-field-numarul-de-credite-table-column\">5<\/td>\n<td class=\"views-field views-field-field-specialitati views-align-center\" headers=\"view-field-specialitati-table-column\"><a href=\"https:\/\/fmi.usm.md\/?page_id=809\">Informatica<\/a><a href=\"http:\/\/fmi.usm.md\/ro\/specialitate-informatica-aplicata\" hreflang=\"ro\">, <\/a><a href=\"https:\/\/fmi.usm.md\/?page_id=848\">Informatica (\u0218tiin\u021be ale Educa\u021biei)<\/a><a href=\"http:\/\/fmi.usm.md\/ro\/specialitate-informatica-aplicata\" hreflang=\"ro\">, <\/a><a href=\"https:\/\/fmi.usm.md\/?page_id=871\">Informatica Aplicat\u0103<\/a><\/td>\n<\/tr>\n<\/tbody>\n<\/table>\n<\/div>\n<\/div>\n<\/div>\n<\/div>\n<\/section>\n<article class=\"curriculum full clearfix\" role=\"article\" data-history-node-id=\"181\">\n<div class=\"content\">\n<div class=\"field field--name-field-rezumat field--type-text-long field--label-hidden field--item\">\n<p>Obiectivul pred\u0103rii disciplinei \u201cTehnici de programare\u201d este de a-i familiariza pe studen\u0163i cu limbaje de programare de nivel mediu, disciplina fiind continuare a cursului \u201dFundamentele program\u0103rii\u201d. Se introduc tipurile compuse \u0219i structurate de date, lucrul cu fi\u0219ierele, structuri dinamice de date, instruc\u021biuni avansate ale limbajelor C\/C++.<\/p>\n<p>Se studiaz\u0103 tehnici de baz\u0103 de programare pentru diverse clase de probleme. Se introduc diferi\u021bi algoritmi de solu\u021bionare a problemelor de complexitate mare \u0219i a problemelor combinatorice.<\/p>\n<\/div>\n<\/div>\n<\/article>\n","protected":false},"excerpt":{"rendered":"<p>Codul disciplinei Denumirea disciplinei Persoana(e) responsabil\u0103(e) Semestrul Tipul de evaluare Num\u0103rul de credite Specialitatea(\u0103\u021bi) F.02.O.009 Tehnici de Programare Arnaut.Vsevolod, Seiciuc.Eleonora II (Ciclu I) Examen 5 Informatica, Informatica (\u0218tiin\u021be ale Educa\u021biei), Informatica Aplicat\u0103 Obiectivul pred\u0103rii disciplinei \u201cTehnici de programare\u201d este de a-i familiariza pe studen\u0163i cu limbaje de programare de nivel mediu, disciplina fiind continuare a&hellip; <br \/> <a class=\"read-more\" href=\"https:\/\/fmi.usm.md\/en\/tehnici-de-programare\/\">Read more<\/a><\/p>\n","protected":false},"author":1,"featured_media":0,"parent":0,"menu_order":0,"comment_status":"closed","ping_status":"closed","template":"elementor_theme","meta":{"_seopress_robots_primary_cat":"","_seopress_titles_title":"","_seopress_titles_desc":"","_seopress_robots_index":"","footnotes":""},"class_list":["post-1001","page","type-page","status-publish","hentry"],"rttpg_featured_image_url":null,"rttpg_author":{"display_name":"","author_link":"https:\/\/fmi.usm.md\/en\/author\/"},"rttpg_comment":0,"rttpg_category":null,"rttpg_excerpt":"Codul disciplinei Denumirea disciplinei Persoana(e) responsabil\u0103(e) Semestrul Tipul de evaluare Num\u0103rul de credite Specialitatea(\u0103\u021bi) F.02.O.009 Tehnici de Programare Arnaut.Vsevolod, Seiciuc.Eleonora II (Ciclu I) Examen 5 Informatica, Informatica (\u0218tiin\u021be ale Educa\u021biei), Informatica Aplicat\u0103 Obiectivul pred\u0103rii disciplinei \u201cTehnici de programare\u201d este de a-i familiariza pe studen\u0163i cu limbaje de programare de nivel mediu, disciplina fiind continuare a&hellip;&hellip;","_links":{"self":[{"href":"https:\/\/fmi.usm.md\/en\/wp-json\/wp\/v2\/pages\/1001","targetHints":{"allow":["GET"]}}],"collection":[{"href":"https:\/\/fmi.usm.md\/en\/wp-json\/wp\/v2\/pages"}],"about":[{"href":"https:\/\/fmi.usm.md\/en\/wp-json\/wp\/v2\/types\/page"}],"author":[{"embeddable":true,"href":"https:\/\/fmi.usm.md\/en\/wp-json\/wp\/v2\/users\/1"}],"replies":[{"embeddable":true,"href":"https:\/\/fmi.usm.md\/en\/wp-json\/wp\/v2\/comments?post=1001"}],"version-history":[{"count":2,"href":"https:\/\/fmi.usm.md\/en\/wp-json\/wp\/v2\/pages\/1001\/revisions"}],"predecessor-version":[{"id":1007,"href":"https:\/\/fmi.usm.md\/en\/wp-json\/wp\/v2\/pages\/1001\/revisions\/1007"}],"wp:attachment":[{"href":"https:\/\/fmi.usm.md\/en\/wp-json\/wp\/v2\/media?parent=1001"}],"curies":[{"name":"wp","href":"https:\/\/api.w.org\/{rel}","templated":true}]}}