{"id":1063,"date":"2023-04-26T14:43:16","date_gmt":"2023-04-26T11:43:16","guid":{"rendered":"https:\/\/new.usm.md\/?page_id=1063"},"modified":"2025-12-11T01:22:43","modified_gmt":"2025-12-10T22:22:43","slug":"seminare-stiintifice-de-profil","status":"publish","type":"page","link":"https:\/\/fmi.usm.md\/en\/seminare-stiintifice-de-profil\/","title":{"rendered":"Scientific Seminars"},"content":{"rendered":"<div class=\"views-element-container form-group\">\n<div class=\"view view--consilii-stiintifice view-id-_consilii_stiintifice view-display-id-page_1 js-view-dom-id-1becef0c61ffe22c3f4fa200a5f944e03828236fc5015513e25707352aff1d0b\">\n<div class=\"view-content\">\n<div class=\"views-row\">\n<div>\n<h3 class=\"field field--name-name field--type-string field--label-hidden field--item\">Scientific Seminar: 111. Pure mathematics<\/h3>\n<div class=\"field field--name-field-specialitati-stiintifice field--type-entity-reference field--label-above\">\n<div class=\"field--label\">Scientific specialities<\/div>\n<div class=\"field--items\">\n<div class=\"field--item\">111. 01. Mathematical analysis<\/div>\n<div class=\"field--item\">111. 02. Differential equations<\/div>\n<\/div>\n<\/div>\n<div class=\"field field--name-description field--type-text-long field--label-hidden field--item\">\n<p><strong>Members of scientific seminar:<\/strong><\/p>\n<ol>\n<li><strong>Chairman:<\/strong><\/li>\n<li><strong>Vice-Chairman<\/strong>:<\/li>\n<li><strong>Scientific secretary<\/strong>:<\/li>\n<li>Vulpe Nicolae, doctor habilitat \u00een \u015ftiin\u0163e fizico-matematice, profesor universitar, m.c.<\/li>\n<li>Glavan Vasile, doctor habilitat \u00een \u015ftiin\u0163e fizico-matematice, profesor universitar<\/li>\n<li>Popa Mihail, doctor habilitat \u00een \u015ftiin\u0163e fizico-matematice, profesor universitar<\/li>\n<li>\u015eub\u0103 Alexandru, doctor habilitat \u00een \u015ftiin\u0163e fizico-matematice, profesor universitar<\/li>\n<li>Baltag Valeriu, doctor \u00een \u015ftiin\u0163e fizico-matematice, conferen\u0163iar cercet\u0103tor<\/li>\n<li>Braicov Andrei, doctor \u00een \u015ftiin\u0163e fizico-matematice, conferen\u0163iar universitar<\/li>\n<li>Calin Iurie, doctor \u00een \u015ftiin\u0163e fizico-matematice, conferen\u0163iar universitar<\/li>\n<li>Cozma Dumitru, doctor habilitat\u00a0 \u00een \u015ftiin\u0163e matematice, conferen\u0163iar universitar<\/li>\n<li>Driuma Valerii, doctor \u00een \u015ftiin\u0163e fizico-matematice, conferen\u0163iar cercet\u0103tor<\/li>\n<li>Gu\u021bu Valeriu, doctor \u00een \u015ftiin\u0163e fizico-matematice, conferen\u0163iar universitar<\/li>\n<li>Pu\u0163untic\u0103 Vitalie, doctor \u00een \u015ftiin\u0163e fizico-matematice<\/li>\n<li>Dovbu\u015f Petru, doctor habilitat \u00een \u015ftiin\u0163e fizico-matematice<\/li>\n<li>Ciobanu Vasile, doctor \u00een \u015ftiin\u0163e fizico-matematice, conferen\u0163iar universitar<\/li>\n<li>Rusu Gheorghe, doctor \u00een \u015ftiin\u0163e fizico-matematice, conferen\u0163iar universitar<\/li>\n<li>Semen\u0163ul Arcadie, doctor \u00een \u015ftiin\u0163e fizico-matematice, conferen\u0163iar universitar<\/li>\n<li>Taragan Dumitru, doctor \u00een \u015ftiin\u0163e fizico-matematice, conferen\u0163iar universitar<\/li>\n<\/ol>\n<\/div>\n<\/div>\n<\/div>\n<div class=\"views-row\">\n<div>\n<h3 class=\"field field--name-name field--type-string field--label-hidden field--item\">Scientific Seminar: 112. Applied mathematics<\/h3>\n<div class=\"field field--name-field-specialitati-stiintifice field--type-entity-reference field--label-above\">\n<div class=\"field--label\">Scientific specialities<\/div>\n<div class=\"field--items\">\n<div class=\"field--item\">112. 01. Computational mathematics<\/div>\n<div class=\"field--item\">112. 03. Mathematical cybernetics and operational research<\/div>\n<\/div>\n<\/div>\n<div class=\"field field--name-description field--type-text-long field--label-hidden field--item\">\n<p><strong>Members of the scientific seminar:<\/strong><\/p>\n<ol>\n<li><strong>Chairman:<\/strong><\/li>\n<li><strong>Vice-Chairmen:<\/strong><\/li>\n<li><strong>Scientific secretary:<\/strong><\/li>\n<li>Mi\u0219coi Gheorghe, doctor habilitat \u00een \u0219tiin\u021be fizico-matematice, profesor universitar, academician<\/li>\n<li>Lozovanu Dumitru, doctor habilitat \u00een \u0219tiin\u021be fizico-matematice, profesor universitar<\/li>\n<li>Solomon Dumitru, doctor habilitat \u00een \u0219tiin\u021be tehnice, conferen\u0163iar universitar<\/li>\n<li>Benderschi Olga, doctor \u00een \u015ftiin\u0163e fizico-matematice, conferen\u0163iar universitar<\/li>\n<li>Capcelea Titu, doctor \u00een \u015ftiin\u0163e fizico-matematice, conferen\u0163iar universitar<\/li>\n<li>Godonoag\u0103 Anatol, doctor \u00een \u015ftiin\u0163e fizico-matematice, conferen\u0163iar universitar<\/li>\n<li>H\u00e2ncu Boris, doctor \u00een \u015ftiin\u0163e fizico-matematice, conferen\u0163iar universitar<\/li>\n<li>Niculi\u021b\u0103 Angela, doctor \u00een \u015ftiin\u0163e fizico-matematice, conferen\u0163iar universitar<\/li>\n<li>Novac Ludmila, doctor \u00een \u015ftiin\u0163e fizico-matematice, conferen\u0163iar universitar<\/li>\n<li>Po\u0219taru Andrei, doctor \u00een \u015ftiin\u0163e fizico-matematice, conferen\u0163iar universitar<\/li>\n<li>Prisacaru Anatolie, doctor \u00een \u015ftiin\u0163e fizico-matematice, conferen\u0163iar universitar<\/li>\n<li>Secrieru Ion, doctor \u00een \u015ftiin\u0163e fizico-matematice, conferen\u0163iar universitar<\/li>\n<li>Seiciuc Vladislav, doctor \u00een \u015ftiin\u0163e fizico-matematice, conferen\u0163iar universitar<\/li>\n<li>Tkacenko Alexandra, doctor \u00een \u015ftiin\u0163e economice, conferen\u0163iar universitar<\/li>\n<li>Topal\u0103 Oleg, doctor \u00een \u015ftiin\u0163e fizico-matematice, conferen\u0163iar universitar<\/li>\n<li>Ungureanu Valeriu, doctor \u00een \u015ftiin\u0163e fizico-matematice, conferen\u0163iar universitar<\/li>\n<li>Zgureanu Aureliu, doctor \u00een \u015ftiin\u0163e fizico-matematice, conferen\u0163iar universitar<\/li>\n<\/ol>\n<\/div>\n<\/div>\n<\/div>\n<div class=\"views-row\">\n<div>\n<h3 class=\"field field--name-name field--type-string field--label-hidden field--item\">Scientific Seminar: 121. Informatic\u0103 teoretic\u0103; 122. Informatic\u0103 aplicat\u0103; 232. Calculatoare \u015fi tehnologii informa\u0163ionale<\/h3>\n<div class=\"field field--name-field-specialitati-stiintifice field--type-entity-reference field--label-above\">\n<div class=\"field--label\">Scientific specialities<\/div>\n<div class=\"field--items\">\n<div class=\"field--item\">121. 03. Computer programming<\/div>\n<div class=\"field--item\">122.03. Modelling, mathematical methods, software<\/div>\n<div class=\"field--item\">232.02. Information technologies, products and systems<\/div>\n<\/div>\n<\/div>\n<div class=\"field field--name-description field--type-text-long field--label-hidden field--item\">\n<p><strong>Members of the scientific seminar:<\/strong><\/p>\n<ol>\n<li><strong>Chairman:<\/strong><\/li>\n<li><strong>Vice-Chairmen<\/strong>:<\/li>\n<li><strong>Scientific secretary<\/strong>:<\/li>\n<li>Arnaut Vsevolod, doctor \u00een \u015ftiin\u0163e fizico-matematice, conferen\u021biar universitar<\/li>\n<li>Andrie\u0219 Ion, doctor \u00een \u0219tiin\u021be fizico-matematice, conferen\u0163iar universitar<\/li>\n<li>Be\u015fliu Victor, doctor \u00een informatic\u0103, conferen\u0163iar universitar<\/li>\n<li>Bragaru Tudor, doctor \u00een economie, conferen\u021biar universitar<\/li>\n<li>Cerbu Olga, doctor \u00een \u015ftiin\u0163e fizico-matematice, conferen\u0163iar universitar<\/li>\n<li>Ciubotaru Constantin, doctor \u00een informatic\u0103, conferen\u021biar universitar<\/li>\n<li>Ciubotaru Tudor, doctor \u00een \u015ftiin\u0163e fizico-matematice, conferen\u0163iar universitar<\/li>\n<li>Costa\u015f Ilie, doctor habilitat \u00een informatic\u0103, profesor universitar<\/li>\n<li>Gu\u0163uleac Emilian, doctor habilitat \u00een tehnic\u0103, profesor universitar<\/li>\n<li>Objelean Nicolae, doctor \u00een tehnic\u0103, conferen\u0163iar universitar<\/li>\n<li>Perju Veaceslav, doctor habilitat \u00een tehnic\u0103, conferen\u0163iar universitar<\/li>\n<li>Pereteatcu Sergiu, doctor \u00een tehnic\u0103, conferen\u0163iar universitar<\/li>\n<li>Prepeli\u0163\u0103 Aurelia, doctor \u00een \u0219tiin\u021be fizico-matematice, conferen\u021biar universitar<\/li>\n<li>Seiciuc Eleonora, doctor \u00een \u015ftiin\u0163e fizico-matematice, conferen\u0163iar universitar<\/li>\n<\/ol>\n<\/div>\n<\/div>\n<\/div>\n<\/div>\n<\/div>\n<\/div>\n","protected":false},"excerpt":{"rendered":"<p>Scientific Seminar: 111. Pure mathematics Scientific specialities 111. 01. Mathematical analysis 111. 02. Differential equations Members of scientific seminar: Chairman: Vice-Chairman: Scientific secretary: Vulpe Nicolae, doctor habilitat \u00een \u015ftiin\u0163e fizico-matematice, profesor universitar, m.c. Glavan Vasile, doctor habilitat \u00een \u015ftiin\u0163e fizico-matematice, profesor universitar Popa Mihail, doctor habilitat \u00een \u015ftiin\u0163e fizico-matematice, profesor universitar \u015eub\u0103 Alexandru, doctor habilitat&hellip; <br \/> <a class=\"read-more\" href=\"https:\/\/fmi.usm.md\/en\/seminare-stiintifice-de-profil\/\">Read more<\/a><\/p>\n","protected":false},"author":1,"featured_media":0,"parent":0,"menu_order":0,"comment_status":"closed","ping_status":"closed","template":"","meta":{"_seopress_robots_primary_cat":"","_seopress_titles_title":"","_seopress_titles_desc":"","_seopress_robots_index":"","footnotes":""},"class_list":["post-1063","page","type-page","status-publish","hentry"],"rttpg_featured_image_url":null,"rttpg_author":{"display_name":"","author_link":"https:\/\/fmi.usm.md\/en\/author\/"},"rttpg_comment":0,"rttpg_category":null,"rttpg_excerpt":"Scientific Seminar: 111. Pure mathematics Scientific specialities 111. 01. Mathematical analysis 111. 02. Differential equations Members of scientific seminar: Chairman: Vice-Chairman: Scientific secretary: Vulpe Nicolae, doctor habilitat \u00een \u015ftiin\u0163e fizico-matematice, profesor universitar, m.c. Glavan Vasile, doctor habilitat \u00een \u015ftiin\u0163e fizico-matematice, profesor universitar Popa Mihail, doctor habilitat \u00een \u015ftiin\u0163e fizico-matematice, profesor universitar \u015eub\u0103 Alexandru, doctor habilitat&hellip;&hellip;","_links":{"self":[{"href":"https:\/\/fmi.usm.md\/en\/wp-json\/wp\/v2\/pages\/1063","targetHints":{"allow":["GET"]}}],"collection":[{"href":"https:\/\/fmi.usm.md\/en\/wp-json\/wp\/v2\/pages"}],"about":[{"href":"https:\/\/fmi.usm.md\/en\/wp-json\/wp\/v2\/types\/page"}],"author":[{"embeddable":true,"href":"https:\/\/fmi.usm.md\/en\/wp-json\/wp\/v2\/users\/1"}],"replies":[{"embeddable":true,"href":"https:\/\/fmi.usm.md\/en\/wp-json\/wp\/v2\/comments?post=1063"}],"version-history":[{"count":6,"href":"https:\/\/fmi.usm.md\/en\/wp-json\/wp\/v2\/pages\/1063\/revisions"}],"predecessor-version":[{"id":6919,"href":"https:\/\/fmi.usm.md\/en\/wp-json\/wp\/v2\/pages\/1063\/revisions\/6919"}],"wp:attachment":[{"href":"https:\/\/fmi.usm.md\/en\/wp-json\/wp\/v2\/media?parent=1063"}],"curies":[{"name":"wp","href":"https:\/\/api.w.org\/{rel}","templated":true}]}}