{"id":1149,"date":"2023-05-02T12:24:00","date_gmt":"2023-05-02T09:24:00","guid":{"rendered":"https:\/\/new.usm.md\/?page_id=1149"},"modified":"2025-01-27T18:25:55","modified_gmt":"2025-01-27T15:25:55","slug":"burse-erasmus-la-universitatea-alexandru-ioan-cuza-din-iasi","status":"publish","type":"page","link":"https:\/\/fmi.usm.md\/en\/burse-erasmus-la-universitatea-alexandru-ioan-cuza-din-iasi\/","title":{"rendered":"Burse Erasmus+ la Universitatea \u201dAlexandru Ioan Cuza\u201d din Ia\u0219i"},"content":{"rendered":"<p>Se anun\u021b\u0103\u00a0oferta de burse Erasmus+ la Universitatea \u201eAlexandru Ioan Cuza\u201d din Ia\u0219i.<\/p>\n<p>Burs\u0103 Erasmus+ pentru semestrul II, anul academic 2017\/2018.<\/p>\n<p><strong>Dosarul se depune ONLINE<\/strong>. Termen limit\u0103\u00a0<strong>15 octombrie 2017.<\/strong><\/p>\n<p><a href=\"https:\/\/erasmusplus.uaic.ro\/application-procedure-2\">https:\/\/erasmusplus.uaic.ro\/application-procedure-2<\/a><\/p>\n<p><strong>Num\u0103rul locurilor disponibile pentru Republica Moldova:<\/strong>\u00a07 (licen\u021b\u0103, master sau doctorat), 5 (Teaching staff\/STA), 2 (Administrative staff\/STT)<\/p>\n<p><strong>Dosarul pentru Licen\u021b\u0103 (BACHELOR)<\/strong><\/p>\n<p><a href=\"https:\/\/erasmusplus.uaic.ro\/documents-to-be-uploaded\">https:\/\/erasmusplus.uaic.ro\/documents-to-be-uploaded<\/a><\/p>\n<p>1. ID\/passport<\/p>\n<p>2. CV<\/p>\n<p>3. Learning Agreement (vezi pe site-ul UAIC)<\/p>\n<p>4. Adeverin\u021ba academic\u0103 (original \u0219i traducerea autorizat\u0103 de notar)<\/p>\n<p>5. Adeverin\u021b\u0103 (c\u0103 sunte\u021bi student) (original and authorized translation into English\/certificate issued in English)<\/p>\n<p>6. Certificat lingvistic (Declara\u021bie \u00een form\u0103 liber\u0103 care certific\u0103 c\u0103 sunte\u021bi vorbitor native de rom\u00e2n\u0103)<\/p>\n<p>7. Scrisoarea de motivare (to be filled in online, in the application form)<\/p>\n<p><span lang=\"FR\" xml:lang=\"FR\">8. Declara\u021bia care certific\u0103 c\u0103 a\u021bi participat sau nu la programul Erasmus+, dac\u0103 da &#8211; specifica\u021bi perioada \u0219i institu\u021bia gazd\u0103.<\/span><\/p>\n<p><strong><span lang=\"FR\" xml:lang=\"FR\">Toate documentele se perfecteaz\u0103 \u00een limba englez\u0103.<\/span><\/strong><\/p>\n<p>&nbsp;<\/p>\n<p><strong><span lang=\"FR\" xml:lang=\"FR\">Dosarul de candidatur\u0103 M, D, STA \u0219i STT<\/span><\/strong><\/p>\n<p><a href=\"https:\/\/erasmusplus.uaic.ro\/documents-to-be-uploaded\"><span lang=\"FR\" xml:lang=\"FR\">https:\/\/erasmusplus.uaic.ro\/documents-to-be-uploaded<\/span><\/a><\/p>\n<p><span lang=\"RO\" xml:lang=\"RO\">Candida\u021bii<strong>\u00a0STA\u00a0<\/strong>\u0219i<strong>\u00a0STT\u00a0<\/strong>pentru a ob\u021bine\u00a0<\/span><span lang=\"FR\" xml:lang=\"FR\"><em>Pre-acceptance document from the host university<\/em>\u00a0contacteaz\u0103 Dna Ioana Carmen PASTINARU\u00a0<\/span><a href=\"mailto:ioana.pastinaru@uaic.ro\"><span lang=\"FR\" xml:lang=\"FR\">ioana.pastinaru@uaic.ro<\/span><\/a><span lang=\"RO\" xml:lang=\"RO\">\u00a0\u00een mesaj includ CV \u0219i inten\u021biile pentru vizita la Iasi,\u00a0<\/span><span lang=\"RO\" xml:lang=\"RO\">sau coordonatori Erasmus+ pe facult\u0103\u021bi a UAIC:<\/span><\/p>\n<p><a href=\"http:\/\/www.uaic.ro\/wp-content\/uploads\/2013\/12\/Coordonatori-pentru-stagii-de-studiu-Erasmus-pe-Facult%C4%83%C8%9Bi-.pdf\"><span lang=\"RO\" xml:lang=\"RO\">http:\/\/www.uaic.ro\/wp-content\/uploads\/2013\/12\/Coordonatori-pentru-stagii-de-studiu-Erasmus-pe-Facult%C4%83%C8%9Bi-.pdf<\/span><\/a><\/p>\n","protected":false},"excerpt":{"rendered":"<p>Se anun\u021b\u0103\u00a0oferta de burse Erasmus+ la Universitatea \u201eAlexandru Ioan Cuza\u201d din Ia\u0219i. Burs\u0103 Erasmus+ pentru semestrul II, anul academic 2017\/2018. Dosarul se depune ONLINE. Termen limit\u0103\u00a015 octombrie 2017. https:\/\/erasmusplus.uaic.ro\/application-procedure-2 Num\u0103rul locurilor disponibile pentru Republica Moldova:\u00a07 (licen\u021b\u0103, master sau doctorat), 5 (Teaching staff\/STA), 2 (Administrative staff\/STT) Dosarul pentru Licen\u021b\u0103 (BACHELOR) https:\/\/erasmusplus.uaic.ro\/documents-to-be-uploaded 1. ID\/passport 2. CV 3.&hellip; <br \/> <a class=\"read-more\" href=\"https:\/\/fmi.usm.md\/en\/burse-erasmus-la-universitatea-alexandru-ioan-cuza-din-iasi\/\">Read more<\/a><\/p>\n","protected":false},"author":1,"featured_media":0,"parent":0,"menu_order":0,"comment_status":"closed","ping_status":"closed","template":"elementor_theme","meta":{"_seopress_robots_primary_cat":"","_seopress_titles_title":"","_seopress_titles_desc":"","_seopress_robots_index":"","footnotes":""},"class_list":["post-1149","page","type-page","status-publish","hentry"],"rttpg_featured_image_url":null,"rttpg_author":{"display_name":"","author_link":"https:\/\/fmi.usm.md\/en\/author\/"},"rttpg_comment":0,"rttpg_category":null,"rttpg_excerpt":"Se anun\u021b\u0103\u00a0oferta de burse Erasmus+ la Universitatea \u201eAlexandru Ioan Cuza\u201d din Ia\u0219i. Burs\u0103 Erasmus+ pentru semestrul II, anul academic 2017\/2018. Dosarul se depune ONLINE. Termen limit\u0103\u00a015 octombrie 2017. https:\/\/erasmusplus.uaic.ro\/application-procedure-2 Num\u0103rul locurilor disponibile pentru Republica Moldova:\u00a07 (licen\u021b\u0103, master sau doctorat), 5 (Teaching staff\/STA), 2 (Administrative staff\/STT) Dosarul pentru Licen\u021b\u0103 (BACHELOR) https:\/\/erasmusplus.uaic.ro\/documents-to-be-uploaded 1. ID\/passport 2. CV 3.&hellip;&hellip;","_links":{"self":[{"href":"https:\/\/fmi.usm.md\/en\/wp-json\/wp\/v2\/pages\/1149","targetHints":{"allow":["GET"]}}],"collection":[{"href":"https:\/\/fmi.usm.md\/en\/wp-json\/wp\/v2\/pages"}],"about":[{"href":"https:\/\/fmi.usm.md\/en\/wp-json\/wp\/v2\/types\/page"}],"author":[{"embeddable":true,"href":"https:\/\/fmi.usm.md\/en\/wp-json\/wp\/v2\/users\/1"}],"replies":[{"embeddable":true,"href":"https:\/\/fmi.usm.md\/en\/wp-json\/wp\/v2\/comments?post=1149"}],"version-history":[{"count":1,"href":"https:\/\/fmi.usm.md\/en\/wp-json\/wp\/v2\/pages\/1149\/revisions"}],"predecessor-version":[{"id":1150,"href":"https:\/\/fmi.usm.md\/en\/wp-json\/wp\/v2\/pages\/1149\/revisions\/1150"}],"wp:attachment":[{"href":"https:\/\/fmi.usm.md\/en\/wp-json\/wp\/v2\/media?parent=1149"}],"curies":[{"name":"wp","href":"https:\/\/api.w.org\/{rel}","templated":true}]}}