{"id":1153,"date":"2023-05-02T12:27:11","date_gmt":"2023-05-02T09:27:11","guid":{"rendered":"https:\/\/new.usm.md\/?page_id=1153"},"modified":"2025-01-27T18:26:35","modified_gmt":"2025-01-27T15:26:35","slug":"stagiu-de-mobilitate-erasmus-pentru-personal-academic","status":"publish","type":"page","link":"https:\/\/fmi.usm.md\/en\/stagiu-de-mobilitate-erasmus-pentru-personal-academic\/","title":{"rendered":"Stagiu de mobilitate ERASMUS+ pentru personal academic"},"content":{"rendered":"<div class=\"field field--name-body field--type-text-with-summary field--label-hidden field--item\">\n<div class=\"field field--name-body field--type-text-with-summary field--label-hidden field--item\">\n<p><img decoding=\"async\" src=\"http:\/\/fmi.usm.md\/wp-content\/uploads\/2023\/05\/ubs.png\" \/><\/p>\n<p>Ca urmare a Acordului de Colaborare a Facult\u0103\u021bii de Matematic\u0103 \u0219i Informatic\u0103 a USM cu Facultatea de \u0218tiin\u021be \u0219i \u0218tiin\u021be Inginere\u0219ti a Universit\u0103\u021bii Bretagne Sud, Franta, se anun\u021b\u0103 concursul pentru\u00a0<strong>un stagiu de mobilitate<\/strong>\u00a0pentru\u00a0<strong>personalul academic<\/strong>.<\/p>\n<ul>\n<li><strong>Durata\/perioada mobili\u0103\u021bii:<\/strong>\u00a0<strong>10 zile (2 s\u0103pt\u0103m\u00e2ni)<\/strong>\u00a0\u00een semestrul de toamn\u0103 a anului de studii 2017-2018.<\/li>\n<li><strong>Sus\u021binere financiar\u0103:<\/strong>\u00a0<strong>140 \u20ac\/zi + 360 \u20ac\u00a0<\/strong>pentru c\u0103l\u0103torie.<\/li>\n<li><strong>Stagiul trebuie s\u0103 con\u021bin\u0103 8 ore predate\/s\u0103pt\u0103m\u00e2n\u0103.<\/strong><\/li>\n<li><strong>Limba de predare:<\/strong>\u00a0franceza.<\/li>\n<\/ul>\n<p><strong>Doritorii de a participa la concurs sunt ruga\u021bi s\u0103 prezinte dosarul la decanatul FMI pan\u0103 pe data de 18 martie 2017.<\/strong>\u00a0Dosarul va cuprinde:<\/p>\n<ol>\n<li>Copia pa\u0219aportului;<\/li>\n<li>CV \u2013 ul \u00een format Europass (perfectat \u00een limba englez\u0103 sau francez\u0103);<\/li>\n<li>Adeverin\u021ba de angajare;<\/li>\n<li>Scrisoare de motivare, care s\u0103 con\u021bin\u0103 inten\u021biile de predare \u0219i impactul preconizat al mobilit\u0103\u021bii (perfectat \u00een limba englez\u0103 sau francez\u0103);<\/li>\n<li>Certificat de cunoa\u0219tere a limbii franceze (minim nivel B2).<\/li>\n<\/ol>\n<p><strong>Informa\u021bii cu referire la programele de studii pot fi consultate:<\/strong><\/p>\n<ul>\n<li>Licence 1 &#8211; semestre 1:\u00a0<a href=\"http:\/\/www-facultededroit.univ-ubs.fr\/cours-l1-droit-semestre-1-350788.kjsp?RH=1348653485065\">http:\/\/www-facultededroit.univ-ubs.fr\/cours-l1-droit-semestre-1-350788.kjsp?RH=1348653485065<\/a><\/li>\n<li>Licence 1 &#8211; semestre 2:\u00a0<a href=\"http:\/\/www-facultededroit.univ-ubs.fr\/cours-l1-droit-semestre-2-350789.kjsp?RH=1348653485065\">http:\/\/www-facultededroit.univ-ubs.fr\/cours-l1-droit-semestre-2-350789.kjsp?RH=1348653485065<\/a><\/li>\n<li>Licence 2 &#8211; semestre 3:\u00a0<a href=\"http:\/\/www-facultededroit.univ-ubs.fr\/cours-l2-droit-semestre-3-350790.kjsp?RH=1349362775746\">http:\/\/www-facultededroit.univ-ubs.fr\/cours-l2-droit-semestre-3-350790.kjsp?RH=1349362775746<\/a><\/li>\n<li>Licence 2 &#8211; semestre 4:\u00a0<a href=\"http:\/\/www-facultededroit.univ-ubs.fr\/cours-l2-droit-semestre-4-350791.kjsp?RH=1349362775746\">http:\/\/www-facultededroit.univ-ubs.fr\/cours-l2-droit-semestre-4-350791.kjsp?RH=1349362775746<\/a><\/li>\n<li>Licence 3 &#8211; semestre 5:\u00a0<a href=\"http:\/\/www-facultededroit.univ-ubs.fr\/cours-l3-droit-semestre-5-350793.kjsp?RH=1349362948887\">http:\/\/www-facultededroit.univ-ubs.fr\/cours-l3-droit-semestre-5-350793.kjsp?RH=1349362948887<\/a><\/li>\n<li>Licence 3 &#8211; semestre 6:\u00a0<a href=\"http:\/\/www-facultededroit.univ-ubs.fr\/cours-l3-droit-semestre-6-352401.kjsp?RH=1349362948887\">http:\/\/www-facultededroit.univ-ubs.fr\/cours-l3-droit-semestre-6-352401.kjsp?RH=1349362948887<\/a><\/li>\n<\/ul>\n<\/div>\n<div class=\"field field--name-field-tags field--type-entity-reference field--label-above\"><\/div>\n<\/div>\n","protected":false},"excerpt":{"rendered":"<p>Ca urmare a Acordului de Colaborare a Facult\u0103\u021bii de Matematic\u0103 \u0219i Informatic\u0103 a USM cu Facultatea de \u0218tiin\u021be \u0219i \u0218tiin\u021be Inginere\u0219ti a Universit\u0103\u021bii Bretagne Sud, Franta, se anun\u021b\u0103 concursul pentru\u00a0un stagiu de mobilitate\u00a0pentru\u00a0personalul academic. Durata\/perioada mobili\u0103\u021bii:\u00a010 zile (2 s\u0103pt\u0103m\u00e2ni)\u00a0\u00een semestrul de toamn\u0103 a anului de studii 2017-2018. Sus\u021binere financiar\u0103:\u00a0140 \u20ac\/zi + 360 \u20ac\u00a0pentru c\u0103l\u0103torie. Stagiul&hellip; <br \/> <a class=\"read-more\" href=\"https:\/\/fmi.usm.md\/en\/stagiu-de-mobilitate-erasmus-pentru-personal-academic\/\">Read more<\/a><\/p>\n","protected":false},"author":1,"featured_media":0,"parent":0,"menu_order":0,"comment_status":"closed","ping_status":"closed","template":"elementor_theme","meta":{"_seopress_robots_primary_cat":"","_seopress_titles_title":"","_seopress_titles_desc":"","_seopress_robots_index":"","footnotes":""},"class_list":["post-1153","page","type-page","status-publish","hentry"],"rttpg_featured_image_url":null,"rttpg_author":{"display_name":"","author_link":"https:\/\/fmi.usm.md\/en\/author\/"},"rttpg_comment":0,"rttpg_category":null,"rttpg_excerpt":"Ca urmare a Acordului de Colaborare a Facult\u0103\u021bii de Matematic\u0103 \u0219i Informatic\u0103 a USM cu Facultatea de \u0218tiin\u021be \u0219i \u0218tiin\u021be Inginere\u0219ti a Universit\u0103\u021bii Bretagne Sud, Franta, se anun\u021b\u0103 concursul pentru\u00a0un stagiu de mobilitate\u00a0pentru\u00a0personalul academic. Durata\/perioada mobili\u0103\u021bii:\u00a010 zile (2 s\u0103pt\u0103m\u00e2ni)\u00a0\u00een semestrul de toamn\u0103 a anului de studii 2017-2018. Sus\u021binere financiar\u0103:\u00a0140 \u20ac\/zi + 360 \u20ac\u00a0pentru c\u0103l\u0103torie. Stagiul&hellip;&hellip;","_links":{"self":[{"href":"https:\/\/fmi.usm.md\/en\/wp-json\/wp\/v2\/pages\/1153","targetHints":{"allow":["GET"]}}],"collection":[{"href":"https:\/\/fmi.usm.md\/en\/wp-json\/wp\/v2\/pages"}],"about":[{"href":"https:\/\/fmi.usm.md\/en\/wp-json\/wp\/v2\/types\/page"}],"author":[{"embeddable":true,"href":"https:\/\/fmi.usm.md\/en\/wp-json\/wp\/v2\/users\/1"}],"replies":[{"embeddable":true,"href":"https:\/\/fmi.usm.md\/en\/wp-json\/wp\/v2\/comments?post=1153"}],"version-history":[{"count":1,"href":"https:\/\/fmi.usm.md\/en\/wp-json\/wp\/v2\/pages\/1153\/revisions"}],"predecessor-version":[{"id":1155,"href":"https:\/\/fmi.usm.md\/en\/wp-json\/wp\/v2\/pages\/1153\/revisions\/1155"}],"wp:attachment":[{"href":"https:\/\/fmi.usm.md\/en\/wp-json\/wp\/v2\/media?parent=1153"}],"curies":[{"name":"wp","href":"https:\/\/api.w.org\/{rel}","templated":true}]}}