{"id":5016,"date":"2025-03-18T14:04:23","date_gmt":"2025-03-18T11:04:23","guid":{"rendered":"https:\/\/fmi.usm.md\/?page_id=5016"},"modified":"2025-03-19T22:46:09","modified_gmt":"2025-03-19T19:46:09","slug":"student-fmi-pentru-1-zi","status":"publish","type":"page","link":"https:\/\/fmi.usm.md\/en\/student-fmi-pentru-1-zi\/","title":{"rendered":"Student FMI pentru 1 zi"},"content":{"rendered":"\t\t<div data-elementor-type=\"wp-page\" data-elementor-id=\"5016\" class=\"elementor elementor-5016\">\n\t\t\t\t\t\t<section class=\"has_ma_el_bg_slider elementor-section elementor-top-section elementor-element elementor-element-183ad3d elementor-section-boxed elementor-section-height-default elementor-section-height-default jltma-glass-effect-no\" data-id=\"183ad3d\" data-element_type=\"section\">\n\t\t\t\t\t\t<div class=\"elementor-container elementor-column-gap-default\">\n\t\t\t\t\t<div class=\"has_ma_el_bg_slider elementor-column elementor-col-100 elementor-top-column elementor-element elementor-element-36869d0 jltma-glass-effect-no\" data-id=\"36869d0\" data-element_type=\"column\">\n\t\t\t<div class=\"elementor-widget-wrap elementor-element-populated\">\n\t\t\t\t\t\t<div class=\"elementor-element elementor-element-157457c section-title-style-style4 jltma-glass-effect-no elementor-widget elementor-widget-tpg-section-title\" data-id=\"157457c\" data-element_type=\"widget\" data-widget_type=\"tpg-section-title.default\">\n\t\t\t\t<div class=\"elementor-widget-container\">\n\t\t\t\t\t\t\t<div class=\"rt-container-fluid rt-tpg-container tpg-el-main-wrapper clearfix  section-title-style-style4\">\n\t\t\t<div class='tpg-header-wrapper'>\n        <div class=\"tpg-widget-heading-wrapper rt-clear heading-style4 \">\n            <span class=\"tpg-widget-heading-line line-left\"><\/span>\n\t\t\t<h2 class='tpg-widget-heading'>\n\t\t\t\n\t\t\t\t                    <span>\n\t\t\t\t\t\tAbout the campaign\t\t\t\t\t<\/span>\n\t\t\t\t\t\n\t\t\t\t\t\t\t<\/h2>            <span class=\"tpg-widget-heading-line line-right\"><\/span>\n\n\t\t\t\n        <\/div>\n\n\t\t\n\t\t<\/div>\t\t<\/div>\n\t\t\t\t\t\t<\/div>\n\t\t\t\t<\/div>\n\t\t\t\t\t<\/div>\n\t\t<\/div>\n\t\t\t\t\t<\/div>\n\t\t<\/section>\n\t\t\t\t<section class=\"has_ma_el_bg_slider elementor-section elementor-top-section elementor-element elementor-element-7c95e45 elementor-section-boxed elementor-section-height-default elementor-section-height-default jltma-glass-effect-no\" data-id=\"7c95e45\" data-element_type=\"section\">\n\t\t\t\t\t\t<div class=\"elementor-container elementor-column-gap-default\">\n\t\t\t\t\t<div class=\"has_ma_el_bg_slider elementor-column elementor-col-100 elementor-top-column elementor-element elementor-element-ed39aa5 jltma-glass-effect-no\" data-id=\"ed39aa5\" data-element_type=\"column\">\n\t\t\t<div class=\"elementor-widget-wrap elementor-element-populated\">\n\t\t\t\t\t\t<div class=\"elementor-element elementor-element-89029c8 jltma-glass-effect-no elementor-widget elementor-widget-text-editor\" data-id=\"89029c8\" data-element_type=\"widget\" data-widget_type=\"text-editor.default\">\n\t\t\t\t<div class=\"elementor-widget-container\">\n\t\t\t\t\t\t\t\t\t<p>Este deja o tradi\u021bie frumoas\u0103 ca\u00a0Facultatea Matematic\u0103 \u0219i Informatic\u0103 s\u0103 desf\u0103\u0219oare <strong>anual \u00een luna aprilie campania &#8220;Student FMI pentru 1 zi&#8221;<\/strong>. Prin aceast\u0103 campanie invit\u0103m to\u021bi elevii doritori, \u00een special elevii absolven\u021bi din gimnazii, licee, colegii \u0219i centre de excelen\u021b\u0103, care doresc s\u0103 fac\u0103 cuno\u0219tin\u021b\u0103 cu oferta educa\u021bional\u0103 a facult\u0103\u021bii, s\u0103 interac\u021bioneze cu profesorii \u0219i studen\u021bii de la facultate, s\u0103 asiste la ore, s\u0103 viziteze s\u0103lile de curs \u0219i laboratoarele specializate ale facult\u0103\u021bii.<\/p><p>Vizitele deobicei au loc \u00een grupuri de p\u00een\u0103 la 20 persoane \u0219i sunt coordonate \u00een prealabil cu persoana responsabil\u0103 de la institu\u021bia de \u00eenv\u0103\u021b\u0103m\u00e2nt care ne viziteaz\u0103, pentru a asigura elevilor spa\u021biu \u0219i timp suficient. Prin urmare, pentru a planifica vizita dvs c\u00eet mai optimal, contacta\u021bi-ne din timp la adresa de email fmi@usm.md sau pe <a href=\"https:\/\/www.facebook.com\/FMIUSM\/\" target=\"_blank\" rel=\"noopener\">pagina facebook a facult\u0103\u021bii<\/a>.<\/p>\t\t\t\t\t\t\t\t<\/div>\n\t\t\t\t<\/div>\n\t\t\t\t\t<\/div>\n\t\t<\/div>\n\t\t\t\t\t<\/div>\n\t\t<\/section>\n\t\t\t\t<section class=\"has_ma_el_bg_slider elementor-section elementor-top-section elementor-element elementor-element-eb7e1ed elementor-section-boxed elementor-section-height-default elementor-section-height-default jltma-glass-effect-no\" data-id=\"eb7e1ed\" data-element_type=\"section\">\n\t\t\t\t\t\t<div class=\"elementor-container elementor-column-gap-default\">\n\t\t\t\t\t<div class=\"has_ma_el_bg_slider elementor-column elementor-col-100 elementor-top-column elementor-element elementor-element-09eb59f jltma-glass-effect-no\" data-id=\"09eb59f\" data-element_type=\"column\">\n\t\t\t<div class=\"elementor-widget-wrap elementor-element-populated\">\n\t\t\t\t\t\t<div class=\"elementor-element elementor-element-8a08d47 section-title-style-style4 jltma-glass-effect-no elementor-widget elementor-widget-tpg-section-title\" data-id=\"8a08d47\" data-element_type=\"widget\" data-widget_type=\"tpg-section-title.default\">\n\t\t\t\t<div class=\"elementor-widget-container\">\n\t\t\t\t\t\t\t<div class=\"rt-container-fluid rt-tpg-container tpg-el-main-wrapper clearfix  section-title-style-style4\">\n\t\t\t<div class='tpg-header-wrapper'>\n        <div class=\"tpg-widget-heading-wrapper rt-clear heading-style4 \">\n            <span class=\"tpg-widget-heading-line line-left\"><\/span>\n\t\t\t<h2 class='tpg-widget-heading'>\n\t\t\t\n\t\t\t\t                    <span>\n\t\t\t\t\t\tYOUR performance starts here!\t\t\t\t\t<\/span>\n\t\t\t\t\t\n\t\t\t\t\t\t\t<\/h2>            <span class=\"tpg-widget-heading-line line-right\"><\/span>\n\n\t\t\t\n        <\/div>\n\n\t\t\n\t\t<\/div>\t\t<\/div>\n\t\t\t\t\t\t<\/div>\n\t\t\t\t<\/div>\n\t\t\t\t\t<\/div>\n\t\t<\/div>\n\t\t\t\t\t<\/div>\n\t\t<\/section>\n\t\t\t\t<section class=\"has_ma_el_bg_slider elementor-section elementor-top-section elementor-element elementor-element-b341668 elementor-section-boxed elementor-section-height-default elementor-section-height-default jltma-glass-effect-no\" data-id=\"b341668\" data-element_type=\"section\">\n\t\t\t\t\t\t<div class=\"elementor-container elementor-column-gap-default\">\n\t\t\t\t\t<div class=\"has_ma_el_bg_slider elementor-column elementor-col-50 elementor-top-column elementor-element elementor-element-9f3ec65 jltma-glass-effect-no\" data-id=\"9f3ec65\" data-element_type=\"column\">\n\t\t\t<div class=\"elementor-widget-wrap elementor-element-populated\">\n\t\t\t\t\t\t<div class=\"elementor-element elementor-element-b183913 jltma-glass-effect-no elementor-widget elementor-widget-image\" data-id=\"b183913\" data-element_type=\"widget\" data-widget_type=\"image.default\">\n\t\t\t\t<div class=\"elementor-widget-container\">\n\t\t\t\t\t\t\t\t\t\t\t\t\t\t\t\t<a href=\"https:\/\/fmi.usm.md\/wp-content\/uploads\/2025\/03\/1.png\" data-elementor-open-lightbox=\"yes\" data-elementor-lightbox-title=\"Srudent FMI pentru 1 zi\" data-elementor-lightbox-description=\"Srudent FMI pentru 1 zi\" data-e-action-hash=\"#elementor-action%3Aaction%3Dlightbox%26settings%3DeyJpZCI6NDU5MywidXJsIjoiaHR0cHM6XC9cL2ZtaS51c20ubWRcL3dwLWNvbnRlbnRcL3VwbG9hZHNcLzIwMjVcLzAzXC8xLnBuZyJ9\">\n\t\t\t\t\t\t\t<img fetchpriority=\"high\" decoding=\"async\" width=\"724\" height=\"1024\" src=\"https:\/\/fmi.usm.md\/wp-content\/uploads\/2025\/03\/1-724x1024.png\" class=\"attachment-large size-large wp-image-4593\" alt=\"Srudent FMI pentru 1 zi\" \/>\t\t\t\t\t\t\t\t<\/a>\n\t\t\t\t\t\t\t\t\t\t\t\t\t\t\t<\/div>\n\t\t\t\t<\/div>\n\t\t\t\t\t<\/div>\n\t\t<\/div>\n\t\t\t\t<div class=\"has_ma_el_bg_slider elementor-column elementor-col-50 elementor-top-column elementor-element elementor-element-164e9de jltma-glass-effect-no\" data-id=\"164e9de\" data-element_type=\"column\">\n\t\t\t<div class=\"elementor-widget-wrap elementor-element-populated\">\n\t\t\t\t\t\t<div class=\"elementor-element elementor-element-75c26a1 jltma-glass-effect-no elementor-widget elementor-widget-text-editor\" data-id=\"75c26a1\" data-element_type=\"widget\" data-widget_type=\"text-editor.default\">\n\t\t\t\t<div class=\"elementor-widget-container\">\n\t\t\t\t\t\t\t\t\t<div><blockquote><p><strong>\u00a0\u00a0 OFERTA\u00a0\u00a0 <br \/><\/strong><\/p><\/blockquote><div><p>E\u0219ti pasionat de dezvoltare software, inova\u021bii tehnologice sau de explorarea matematicii?<br \/>La FMI te reg\u0103se\u0219ti pe deplin!<\/p><p>Performan\u021ba \u0219i excelen\u021ba academic\u0103 sunt apreciate la mare c\u0103utare, de aceea FMI asigur\u0103 ani de zile pia\u021ba muncii cu speciali\u0219ti de un nivel profesional \u00eenalt \u00een domenii solicitate precum programare, analiz\u0103 de date, modelare matematic\u0103, securitate cibernetic\u0103, inteligen\u021b\u0103 artificial\u0103, AVR \u0219i altele.<\/p><div><blockquote><p><strong>\u00a0\u00a0 CARIER\u0102\u00a0\u00a0 <br \/><\/strong><\/p><\/blockquote><ul><li>programator, developer<\/li><li>game designer<\/li><li>specialist\u00a0 IT, \u00een securitate cibernetic\u0103, \u00een inteligen\u021ba artificial\u0103 sau AVR<\/li><li>arhitect \u0219i manager software, administrator<\/li><li>analist, matematician,\u00a0expert actuar<\/li><li>manager educa\u021bional, manager \u00een cercetare<\/li><li>cercet\u0103tor,\u00a0profesor<\/li><li>alte pozi\u021bii din orice domeniu care solicit\u0103 cuno\u0219tin\u021be fundamentale sau aprofundate \u00een matematic\u0103 sau informatic\u0103<\/li><\/ul><\/div><blockquote><p>\u00a0<strong>\u00a0\u00a0 OPORTUNIT\u0102\u021aI\u00a0\u00a0 <br \/><\/strong><\/p><\/blockquote><ul><li>CompaniI IT<\/li><li>Agen\u021bii de design \u0219i publicitate<\/li><li>Departamente guvernamentale \u0219i ministeriale<\/li><li>B\u0103nci \u0219i alte institu\u021bii financiar-bancare<\/li><li>\u00centreprinderi de stat sau private<\/li><li>Institu\u021bii \u0219i centre de cercetare<\/li><li>Institu\u021bii de \u00eenv\u0103\u021b\u0103m\u00eent de stat sau private<\/li><\/ul><\/div><\/div>\t\t\t\t\t\t\t\t<\/div>\n\t\t\t\t<\/div>\n\t\t\t\t\t<\/div>\n\t\t<\/div>\n\t\t\t\t\t<\/div>\n\t\t<\/section>\n\t\t\t\t<section class=\"has_ma_el_bg_slider elementor-section elementor-top-section elementor-element elementor-element-9aa8af4 elementor-section-boxed elementor-section-height-default elementor-section-height-default jltma-glass-effect-no\" data-id=\"9aa8af4\" data-element_type=\"section\">\n\t\t\t\t\t\t<div class=\"elementor-container elementor-column-gap-default\">\n\t\t\t\t\t<div class=\"has_ma_el_bg_slider elementor-column elementor-col-100 elementor-top-column elementor-element elementor-element-251293c jltma-glass-effect-no\" data-id=\"251293c\" data-element_type=\"column\">\n\t\t\t<div class=\"elementor-widget-wrap elementor-element-populated\">\n\t\t\t\t\t\t<div class=\"elementor-element elementor-element-abea5dd section-title-style-style4 jltma-glass-effect-no elementor-widget elementor-widget-tpg-section-title\" data-id=\"abea5dd\" data-element_type=\"widget\" data-widget_type=\"tpg-section-title.default\">\n\t\t\t\t<div class=\"elementor-widget-container\">\n\t\t\t\t\t\t\t<div class=\"rt-container-fluid rt-tpg-container tpg-el-main-wrapper clearfix  section-title-style-style4\">\n\t\t\t<div class='tpg-header-wrapper'>\n        <div class=\"tpg-widget-heading-wrapper rt-clear heading-style4 \">\n            <span class=\"tpg-widget-heading-line line-left\"><\/span>\n\t\t\t<h2 class='tpg-widget-heading'>\n\t\t\t\n\t\t\t\t                    <span>\n\t\t\t\t\t\tPromo\t\t\t\t\t<\/span>\n\t\t\t\t\t\n\t\t\t\t\t\t\t<\/h2>            <span class=\"tpg-widget-heading-line line-right\"><\/span>\n\n\t\t\t\n        <\/div>\n\n\t\t\n\t\t<\/div>\t\t<\/div>\n\t\t\t\t\t\t<\/div>\n\t\t\t\t<\/div>\n\t\t\t\t\t<\/div>\n\t\t<\/div>\n\t\t\t\t\t<\/div>\n\t\t<\/section>\n\t\t\t\t<section class=\"has_ma_el_bg_slider elementor-section elementor-top-section elementor-element elementor-element-ab4ef72 elementor-section-boxed elementor-section-height-default elementor-section-height-default jltma-glass-effect-no\" data-id=\"ab4ef72\" data-element_type=\"section\">\n\t\t\t\t\t\t<div class=\"elementor-container elementor-column-gap-default\">\n\t\t\t\t\t<div class=\"has_ma_el_bg_slider elementor-column elementor-col-50 elementor-top-column elementor-element elementor-element-01bba9e jltma-glass-effect-no\" data-id=\"01bba9e\" data-element_type=\"column\">\n\t\t\t<div class=\"elementor-widget-wrap elementor-element-populated\">\n\t\t\t\t\t\t<div class=\"elementor-element elementor-element-70f4ca2 jltma-glass-effect-no elementor-widget elementor-widget-video\" data-id=\"70f4ca2\" data-element_type=\"widget\" data-settings=\"{&quot;youtube_url&quot;:&quot;https:\\\/\\\/www.youtube.com\\\/watch?v=HvjFvyPnfsQ&quot;,&quot;video_type&quot;:&quot;youtube&quot;,&quot;controls&quot;:&quot;yes&quot;}\" data-widget_type=\"video.default\">\n\t\t\t\t<div class=\"elementor-widget-container\">\n\t\t\t\t\t\t\t<div class=\"elementor-wrapper elementor-open-inline\">\n\t\t\t<div class=\"elementor-video\"><\/div>\t\t<\/div>\n\t\t\t\t\t\t<\/div>\n\t\t\t\t<\/div>\n\t\t\t\t\t<\/div>\n\t\t<\/div>\n\t\t\t\t<div class=\"has_ma_el_bg_slider elementor-column elementor-col-50 elementor-top-column elementor-element elementor-element-57d7ced jltma-glass-effect-no\" data-id=\"57d7ced\" data-element_type=\"column\">\n\t\t\t<div class=\"elementor-widget-wrap elementor-element-populated\">\n\t\t\t\t\t\t<div class=\"elementor-element elementor-element-f6478a8 jltma-glass-effect-no elementor-widget elementor-widget-video\" data-id=\"f6478a8\" data-element_type=\"widget\" data-settings=\"{&quot;youtube_url&quot;:&quot;https:\\\/\\\/www.youtube.com\\\/watch?v=uIB2AXCZy8w&amp;embeds_referring_euri=https%3A%2F%2Ffmi.usm.md%2F&quot;,&quot;video_type&quot;:&quot;youtube&quot;,&quot;controls&quot;:&quot;yes&quot;}\" data-widget_type=\"video.default\">\n\t\t\t\t<div class=\"elementor-widget-container\">\n\t\t\t\t\t\t\t<div class=\"elementor-wrapper elementor-open-inline\">\n\t\t\t<div class=\"elementor-video\"><\/div>\t\t<\/div>\n\t\t\t\t\t\t<\/div>\n\t\t\t\t<\/div>\n\t\t\t\t\t<\/div>\n\t\t<\/div>\n\t\t\t\t\t<\/div>\n\t\t<\/section>\n\t\t\t\t<section class=\"has_ma_el_bg_slider elementor-section elementor-top-section elementor-element elementor-element-dea7018 elementor-section-boxed elementor-section-height-default elementor-section-height-default jltma-glass-effect-no\" data-id=\"dea7018\" data-element_type=\"section\">\n\t\t\t\t\t\t<div class=\"elementor-container elementor-column-gap-default\">\n\t\t\t\t\t<div class=\"has_ma_el_bg_slider elementor-column elementor-col-100 elementor-top-column elementor-element elementor-element-8e4052e jltma-glass-effect-no\" data-id=\"8e4052e\" data-element_type=\"column\">\n\t\t\t<div class=\"elementor-widget-wrap elementor-element-populated\">\n\t\t\t\t\t\t<div class=\"elementor-element elementor-element-caa52a4 jltma-glass-effect-no elementor-widget elementor-widget-heading\" data-id=\"caa52a4\" data-element_type=\"widget\" data-widget_type=\"heading.default\">\n\t\t\t\t<div class=\"elementor-widget-container\">\n\t\t\t\t\t<h3 class=\"elementor-heading-title elementor-size-default\"><a href=\"https:\/\/www.facebook.com\/FMIUSM\/\"><br>Planifica\u021bi vizita dvs c\u00eet mai optimal - contacta\u021bi-ne pe pagina Facebook sau la adresa de email fmi@usm.md !\n<\/a><\/h3>\t\t\t\t<\/div>\n\t\t\t\t<\/div>\n\t\t\t\t\t<\/div>\n\t\t<\/div>\n\t\t\t\t\t<\/div>\n\t\t<\/section>\n\t\t\t\t<section class=\"has_ma_el_bg_slider elementor-section elementor-top-section elementor-element elementor-element-7e19997d elementor-section-stretched elementor-section-boxed elementor-section-height-default elementor-section-height-default jltma-glass-effect-no\" data-id=\"7e19997d\" data-element_type=\"section\" data-settings=\"{&quot;background_background&quot;:&quot;classic&quot;,&quot;animation&quot;:&quot;none&quot;,&quot;stretch_section&quot;:&quot;section-stretched&quot;}\">\n\t\t\t\t\t\t\t<div class=\"elementor-background-overlay\"><\/div>\n\t\t\t\t\t\t\t<div class=\"elementor-container elementor-column-gap-narrow\">\n\t\t\t\t\t<div class=\"has_ma_el_bg_slider elementor-column elementor-col-25 elementor-top-column elementor-element elementor-element-143149c3 jltma-glass-effect-no\" data-id=\"143149c3\" data-element_type=\"column\">\n\t\t\t<div class=\"elementor-widget-wrap elementor-element-populated\">\n\t\t\t\t\t\t<div class=\"elementor-element elementor-element-784d21d2 jltma-glass-effect-no elementor-widget elementor-widget-text-editor\" data-id=\"784d21d2\" data-element_type=\"widget\" data-widget_type=\"text-editor.default\">\n\t\t\t\t<div class=\"elementor-widget-container\">\n\t\t\t\t\t\t\t\t\t<p><a href=\"https:\/\/fmi.usm.md\/admitere-licenta\/\">Admission<\/a><br \/><a href=\"https:\/\/fmi.usm.md\/ciclul-i-licenta\/\" data-type=\"link\" data-id=\"https:\/\/fmi.usm.md\/ciclul-i-licenta\/\">Study programs<\/a><br \/><a href=\"https:\/\/fmi.usm.md\/directii-prioritare-de-cercetare\/\">Research <\/a><a href=\"https:\/\/fmi.usm.md\/directii-prioritare-de-cercetare\/\">directions<\/a><br \/><a href=\"https:\/\/fmi.usm.md\/conducerea-facultatii\/\" data-type=\"link\" data-id=\"https:\/\/fmi.usm.md\/conducerea-facultatii\/\">Faculty leadership<\/a><br \/><a href=\"https:\/\/fmi.usm.md\/consiliul-studentesc\/\" data-type=\"link\" data-id=\"https:\/\/fmi.usm.md\/consiliul-studentesc\/\">Student Council<\/a><\/p><p><\/p>\t\t\t\t\t\t\t\t<\/div>\n\t\t\t\t<\/div>\n\t\t\t\t\t<\/div>\n\t\t<\/div>\n\t\t\t\t<div class=\"has_ma_el_bg_slider elementor-column elementor-col-25 elementor-top-column elementor-element elementor-element-5d4e3eef jltma-glass-effect-no\" data-id=\"5d4e3eef\" data-element_type=\"column\">\n\t\t\t<div class=\"elementor-widget-wrap elementor-element-populated\">\n\t\t\t\t\t\t<div class=\"elementor-element elementor-element-1f553bc3 jltma-glass-effect-no elementor-widget elementor-widget-text-editor\" data-id=\"1f553bc3\" data-element_type=\"widget\" data-widget_type=\"text-editor.default\">\n\t\t\t\t<div class=\"elementor-widget-container\">\n\t\t\t\t\t\t\t\t\t<p><a href=\"https:\/\/fmi.usm.md\/departamentul-matematica\/\">Department of Mathematics<\/a><br \/><a href=\"https:\/\/fmi.usm.md\/departamentul-informatica\/\" data-type=\"link\" data-id=\"https:\/\/fmi.usm.md\/en\/departamentul-informatica\/\">Department of Informatics<\/a><br \/><a href=\"https:\/\/fmi.usm.md\/hpc-cluster\/\">HPC Center<\/a><br \/><a href=\"https:\/\/fmi.usm.md\/centrul-avr\/\" data-type=\"link\" data-id=\"https:\/\/fmi.usm.md\/centrul-avr\/\">Virtual Reality Center<\/a><br \/><a href=\"https:\/\/fmi.usm.md\/centrul-wolfram-moldova\/\">Wolfram Center Moldova<\/a><br \/><a href=\"http:\/\/mitre.usm.md\">MITRE Conference<\/a><\/p><p><\/p>\t\t\t\t\t\t\t\t<\/div>\n\t\t\t\t<\/div>\n\t\t\t\t\t<\/div>\n\t\t<\/div>\n\t\t\t\t<div class=\"has_ma_el_bg_slider elementor-column elementor-col-25 elementor-top-column elementor-element elementor-element-3a5fd4b6 jltma-glass-effect-no\" data-id=\"3a5fd4b6\" data-element_type=\"column\">\n\t\t\t<div class=\"elementor-widget-wrap elementor-element-populated\">\n\t\t\t\t\t\t<div class=\"elementor-element elementor-element-144d280e jltma-glass-effect-no elementor-widget elementor-widget-text-editor\" data-id=\"144d280e\" data-element_type=\"widget\" data-widget_type=\"text-editor.default\">\n\t\t\t\t<div class=\"elementor-widget-container\">\n\t\t\t\t\t\t\t\t\t<p><span style=\"color: #ffffff;\"><a href=\"http:\/\/fmi.usm.md\/wp-content\/uploads\/2025\/01\/place.png\"><img alt=\"\" decoding=\"async\" class=\"size-full wp-image-4059 alignnone\" src=\"http:\/\/fmi.usm.md\/wp-content\/uploads\/2025\/01\/place.png\" alt=\"\" width=\"20\" height=\"20\"><\/a> str. Alexei Mateevici 60, biroul 225, <br>blocul IV, MD-2009, Chi\u015fin\u0103u, Moldova<\/span><br><span style=\"color: #ffffff;\"><a href=\"http:\/\/fmi.usm.md\/wp-content\/uploads\/2025\/01\/phone.png\"><img alt=\"\" decoding=\"async\" class=\"size-full wp-image-4057 alignnone\" src=\"http:\/\/fmi.usm.md\/wp-content\/uploads\/2025\/01\/phone.png\" alt=\"\" width=\"20\" height=\"20\"><\/a>&nbsp;+373&nbsp;22&nbsp;242 720<\/span><br><img alt=\"\" loading=\"lazy\" decoding=\"async\" width=\"20\" height=\"20\" class=\"wp-image-3425\" src=\"http:\/\/fmi.usm.md\/wp-content\/uploads\/2025\/01\/web2.png\" alt=\"\"> <a href=\"http:\/\/fmi.usm.md\/\"><strong>http:\/\/fmi.usm.md<\/strong><\/a><br><img alt=\"\" loading=\"lazy\" decoding=\"async\" width=\"20\" height=\"20\" class=\"wp-image-3422\" src=\"http:\/\/fmi.usm.md\/wp-content\/uploads\/2025\/01\/fb.png\" alt=\"\"> <strong><a href=\"https:\/\/www.facebook.com\/FMIUSM\">www.facebook.com\/FMIUSM<\/a><\/strong><br><img decoding=\"async\" src=\"http:\/\/fmi.usm.md\/wp-content\/uploads\/2025\/01\/email3.png\" alt=\"\">&nbsp;<a href=\"mailto:fmi@usm.md\">fmi@usm.md<\/a><br><a href=\"https:\/\/t.me\/+v5Eu42RqHsFlYWMy\" target=\"_blank\" rel=\"noopener\" style=\"font-weight: var( --e-global-typography-text-font-weight ); background-color: rgb(71, 87, 89);\"><img loading=\"lazy\" decoding=\"async\" src=\"https:\/\/fmi.usm.md\/wp-content\/uploads\/2025\/02\/tg.png\" alt=\"\" width=\"20\" height=\"20\"> t.me\/fmi_usm<\/a><\/p>\t\t\t\t\t\t\t\t<\/div>\n\t\t\t\t<\/div>\n\t\t\t\t\t<\/div>\n\t\t<\/div>\n\t\t\t\t<div class=\"has_ma_el_bg_slider elementor-column elementor-col-25 elementor-top-column elementor-element elementor-element-31e33a3e jltma-glass-effect-no\" data-id=\"31e33a3e\" data-element_type=\"column\">\n\t\t\t<div class=\"elementor-widget-wrap elementor-element-populated\">\n\t\t\t\t\t\t<div class=\"elementor-element elementor-element-189467 jltma-glass-effect-no elementor-widget elementor-widget-text-editor\" data-id=\"189467\" data-element_type=\"widget\" data-widget_type=\"text-editor.default\">\n\t\t\t\t<div class=\"elementor-widget-container\">\n\t\t\t\t\t\t\t\t\t<h3 style=\"text-align: center;\"><span style=\"font-size: 30px; font-family: helvetica;\"><\/h3><h2 style=\"text-align: center;\"><span style=\"font-size: 30px; color: #ffffff;\" data-type=\"group\" data-dynamic-mod=\"true\">Faculty of Mathematics <br \/>and Computer Science<\/span><\/h2><p style=\"text-align: center;\">Universitatea de Stat din Moldova<\/p><p><\/p>\t\t\t\t\t\t\t\t<\/div>\n\t\t\t\t<\/div>\n\t\t\t\t\t<\/div>\n\t\t<\/div>\n\t\t\t\t\t<\/div>\n\t\t<\/section>\n\t\t\t\t<\/div>\n\t\t","protected":false},"excerpt":{"rendered":"<p>About the campaign Este deja o tradi\u021bie frumoas\u0103 ca\u00a0Facultatea Matematic\u0103 \u0219i Informatic\u0103 s\u0103 desf\u0103\u0219oare anual \u00een luna aprilie campania &#8220;Student FMI pentru 1 zi&#8221;. Prin aceast\u0103 campanie invit\u0103m to\u021bi elevii doritori, \u00een special elevii absolven\u021bi din gimnazii, licee, colegii \u0219i centre de excelen\u021b\u0103, care doresc s\u0103 fac\u0103 cuno\u0219tin\u021b\u0103 cu oferta educa\u021bional\u0103 a facult\u0103\u021bii, s\u0103 interac\u021bioneze&hellip; <br \/> <a class=\"read-more\" href=\"https:\/\/fmi.usm.md\/en\/student-fmi-pentru-1-zi\/\">Read more<\/a><\/p>\n","protected":false},"author":1,"featured_media":4462,"parent":0,"menu_order":0,"comment_status":"closed","ping_status":"closed","template":"","meta":{"_seopress_robots_primary_cat":"","_seopress_titles_title":"","_seopress_titles_desc":"","_seopress_robots_index":"","footnotes":""},"class_list":["post-5016","page","type-page","status-publish","has-post-thumbnail","hentry"],"rttpg_featured_image_url":{"full":["https:\/\/fmi.usm.md\/wp-content\/uploads\/2025\/02\/20250225_111124-scaled.jpg",2560,1920,false],"landscape":["https:\/\/fmi.usm.md\/wp-content\/uploads\/2025\/02\/20250225_111124-scaled.jpg",2560,1920,false],"portraits":["https:\/\/fmi.usm.md\/wp-content\/uploads\/2025\/02\/20250225_111124-scaled.jpg",2560,1920,false],"thumbnail":["https:\/\/fmi.usm.md\/wp-content\/uploads\/2025\/02\/20250225_111124-150x150.jpg",150,150,true],"medium":["https:\/\/fmi.usm.md\/wp-content\/uploads\/2025\/02\/20250225_111124-300x225.jpg",300,225,true],"large":["https:\/\/fmi.usm.md\/wp-content\/uploads\/2025\/02\/20250225_111124-1024x768.jpg",1024,768,true],"master_addons_team_thumb":["https:\/\/fmi.usm.md\/wp-content\/uploads\/2025\/02\/20250225_111124-250x330.jpg",250,330,true],"1536x1536":["https:\/\/fmi.usm.md\/wp-content\/uploads\/2025\/02\/20250225_111124-1536x1152.jpg",1536,1152,true],"2048x2048":["https:\/\/fmi.usm.md\/wp-content\/uploads\/2025\/02\/20250225_111124-2048x1536.jpg",2048,1536,true],"htmega_size_585x295":["https:\/\/fmi.usm.md\/wp-content\/uploads\/2025\/02\/20250225_111124-585x295.jpg",585,295,true],"htmega_size_1170x536":["https:\/\/fmi.usm.md\/wp-content\/uploads\/2025\/02\/20250225_111124-1170x536.jpg",1170,536,true],"htmega_size_396x360":["https:\/\/fmi.usm.md\/wp-content\/uploads\/2025\/02\/20250225_111124-396x360.jpg",396,360,true],"post-thumbnail":["https:\/\/fmi.usm.md\/wp-content\/uploads\/2025\/02\/20250225_111124-1024x768.jpg",1024,768,true],"mesmerize-full-hd":["https:\/\/fmi.usm.md\/wp-content\/uploads\/2025\/02\/20250225_111124-1440x1080.jpg",1440,1080,true]},"rttpg_author":{"display_name":"","author_link":"https:\/\/fmi.usm.md\/en\/author\/"},"rttpg_comment":0,"rttpg_category":null,"rttpg_excerpt":"About the campaign Este deja o tradi\u021bie frumoas\u0103 ca\u00a0Facultatea Matematic\u0103 \u0219i Informatic\u0103 s\u0103 desf\u0103\u0219oare anual \u00een luna aprilie campania &#8220;Student FMI pentru 1 zi&#8221;. Prin aceast\u0103 campanie invit\u0103m to\u021bi elevii doritori, \u00een special elevii absolven\u021bi din gimnazii, licee, colegii \u0219i centre de excelen\u021b\u0103, care doresc s\u0103 fac\u0103 cuno\u0219tin\u021b\u0103 cu oferta educa\u021bional\u0103 a facult\u0103\u021bii, s\u0103 interac\u021bioneze&hellip;&hellip;","_links":{"self":[{"href":"https:\/\/fmi.usm.md\/en\/wp-json\/wp\/v2\/pages\/5016","targetHints":{"allow":["GET"]}}],"collection":[{"href":"https:\/\/fmi.usm.md\/en\/wp-json\/wp\/v2\/pages"}],"about":[{"href":"https:\/\/fmi.usm.md\/en\/wp-json\/wp\/v2\/types\/page"}],"author":[{"embeddable":true,"href":"https:\/\/fmi.usm.md\/en\/wp-json\/wp\/v2\/users\/1"}],"replies":[{"embeddable":true,"href":"https:\/\/fmi.usm.md\/en\/wp-json\/wp\/v2\/comments?post=5016"}],"version-history":[{"count":49,"href":"https:\/\/fmi.usm.md\/en\/wp-json\/wp\/v2\/pages\/5016\/revisions"}],"predecessor-version":[{"id":5124,"href":"https:\/\/fmi.usm.md\/en\/wp-json\/wp\/v2\/pages\/5016\/revisions\/5124"}],"wp:featuredmedia":[{"embeddable":true,"href":"https:\/\/fmi.usm.md\/en\/wp-json\/wp\/v2\/media\/4462"}],"wp:attachment":[{"href":"https:\/\/fmi.usm.md\/en\/wp-json\/wp\/v2\/media?parent=5016"}],"curies":[{"name":"wp","href":"https:\/\/api.w.org\/{rel}","templated":true}]}}