{"id":563,"date":"2023-04-20T12:10:02","date_gmt":"2023-04-20T09:10:02","guid":{"rendered":"https:\/\/new.usm.md\/?page_id=563"},"modified":"2025-01-27T18:26:35","modified_gmt":"2025-01-27T15:26:35","slug":"parascovia-sirbu","status":"publish","type":"page","link":"https:\/\/fmi.usm.md\/en\/parascovia-sirbu\/","title":{"rendered":"Parascovia S\u00eerbu"},"content":{"rendered":"<p><img alt=\"\" decoding=\"async\" class=\"alignnone size-full wp-image-564 aligncenter\" src=\"http:\/\/fmi.usm.md\/wp-content\/uploads\/2023\/04\/Sirbu-Parascovia-2-.png\" alt=\"\" width=\"200\" height=\"240\" \/><\/p>\n<h2 style=\"text-align: center;\">Parascovia S\u00eerbu<\/h2>\n<div class=\"pp_first\" style=\"text-align: center;\">\n<div class=\"pp_information\">\n<div class=\"field field--name-field-grad-stiintific field--type-entity-reference field--label-visually_hidden\">\n<div class=\"field--item\">\n<div class=\"field field--name-field-grad-stiintific field--type-entity-reference field--label-visually_hidden\">\n<div class=\"field--item\">doctor<\/div>\n<\/div>\n<div class=\"field field--name-field-titlu-didactic field--type-entity-reference field--label-visually_hidden\">\n<div class=\"field--label sr-only\">Academic title\/position<\/div>\n<div class=\"field--item\">associate professor<\/div>\n<\/div>\n<div class=\"field field--name-field-departament field--type-entity-reference field--label-visually_hidden\">\n<div class=\"field--label sr-only\">Department<\/div>\n<div class=\"field--item\">Mathematics Department<\/div>\n<\/div>\n<\/div>\n<\/div>\n<\/div>\n<\/div>\n<div>\n<div class=\"pp_section\">\n<div class=\"pp_value\">\n<div class=\"field field--name-field-studii field--type-text-long field--label-above\">\n<div class=\"field--label\">Studii<\/div>\n<div class=\"field--item\">\n<p>1986 \u2013 1989:\u00a0 Studii de doctorat, Institutul de Matematic\u0103 \u015fi Informatic\u0103 al Academiei de \u015etiin\u0163e a Moldovei; 1990 &#8211;\u00a0 Sus\u0163inerea tezei de doctorat \u201eOpera\u0163ii ortogonale \u0219i autoortogonale\u201d la Institutul de Matematic\u0103 \u0219i Informatic\u0103 al \u00a0Academiei de \u015etiin\u0163e a Moldovei<\/p>\n<p>1977 \u2013 1982:\u00a0 Studii complete la Universitatea de Stat din Moldova,\u00a0 Facultatea de Matematic\u0103 \u015fi Cibernetic\u0103, specialitatea Matematic\u0103 (Diploma cu men\u0163iune)<\/p>\n<p>1975 \u2013 1977: Studii medii complete (clasele 9 \u015fi 10) la \u015ecoala internat nr.1, or. Chi\u015fin\u0103u\u00a0 \u00a0 \u00a0 \u00a0 \u00a0 \u00a0 \u00a0 \u00a0 (Medalie de aur);<\/p>\n<p>Studii la \u0218coala de 8 ani din satul de ba\u015ftin\u0103 Iurceni, raionul\u00a0 Nisporeni<\/p>\n<\/div>\n<\/div>\n<\/div>\n<\/div>\n<div class=\"pp_section\">\n<div class=\"pp_label\"><\/div>\n<div class=\"pp_value\">\n<div class=\"field field--name-field-experienta-profesionala field--type-text-long field--label-above\">\n<div class=\"field--label\">Experien\u021ba profesional\u0103<\/div>\n<div class=\"field--item\">\n<p>1999 \u2013 prezent: \u00a0Conferen\u0163iar universitar, \u00a0Departamentul Matematic\u0103\u00a0 (denumirea ini\u0163ial\u0103: Catedra Algebr\u0103 \u015fi Geometrie),\u00a0 Facultatea de Matematic\u0103 \u015fi Informatic\u0103, Universitatea de Stat din Moldova<\/p>\n<p>1992 \u2013 1999: Cercetator \u0219tiin\u021bific, \u00a0Institutul de Matematic\u0103 \u015fi Informatic\u0103 al Academiei de \u015etiin\u0163e a Moldovei (IMI A\u0218M),\u00a0 or. Chi\u015fin\u0103u<\/p>\n<p>1984 \u2013 1986: Inginer matematician, IMI A\u0218M<\/p>\n<p>2012 \u2013 prezent: \u00a0Conduc\u0103tor de doctorat, specialitatea 111.03<\/p>\n<p>1993 &#8211; 2006:\u00a0 Secretar \u015ftiin\u0163ific al Consiliului \u015ftiin\u0163ific specializat IMI A\u0218M pentru sus\u0163inerea tezelor de doctorat la specialit\u0103\u0163ile: logica matematica, algebra si teoria numerelor (111.03), geometrie si topologie (111.04).<\/p>\n<p>2017 \u2013 prezent: Pre\u015fedinte al Comisiei de asigurare a calit\u0103\u021bii a Facult\u0103\u021bii de Matematic\u0103 \u0219i\u00a0Informatic\u0103, USM<\/p>\n<\/div>\n<\/div>\n<\/div>\n<\/div>\n<div class=\"pp_section\">\n<div class=\"pp_label\"><\/div>\n<div class=\"pp_value\">\n<div class=\"field field--name-field-activitatea-didactica field--type-text-long field--label-above\">\n<div class=\"field--label\">Activitatea didactic\u0103<\/div>\n<div class=\"field--item\">\n<p><strong>Cursuri \u021binute<\/strong><\/p>\n<ul>\n<li><span lang=\"RO\" xml:lang=\"RO\">Algebra liniar\u0103<\/span><\/li>\n<li><span lang=\"RO\" xml:lang=\"RO\">Structuri algebrice<\/span><\/li>\n<li><span lang=\"RO\" xml:lang=\"RO\">Teoria grupurilor\u00a0<\/span><\/li>\n<li><span lang=\"RO\" xml:lang=\"RO\">Extinderi de corpuri \u0219i Teoria Galois<\/span><\/li>\n<li><span lang=\"RO\" xml:lang=\"RO\">Aritmetica Teoretic\u0103<\/span><\/li>\n<li><span lang=\"RO\" xml:lang=\"RO\">Teoria quasigrupurilor<\/span><\/li>\n<li><span lang=\"RO\" xml:lang=\"RO\">Algebr\u0103 Aplicat\u0103\u00a0<\/span><\/li>\n<\/ul>\n<p><strong>Lucrari metodico-didactice<\/strong><\/p>\n<ul>\n<li>Teoria Quasigrupurilor. Introducere. Chi\u015fin\u0103u, CEP USM 2014, 172 p.<\/li>\n<li>Grupuri \u015fi inele. CEP, USM. 2005. 246 p. (co-autori Goian I., Topal\u0103 A.)<\/li>\n<li>Sisteme numerice. CEP, USM. 2008. 165 p. (co-autori Ca\u015fu A., Goian I.)<\/li>\n<li>Extinderi de corpuri \u015fi teoria Galois. CEP\u00a0 USM\u00a0 Chi\u015fin\u0103u, 2001, 148 p.(co-autori Goian I., Marin V.)<\/li>\n<li>Matematica. Culegere de probleme pentru clasa a X-a Chi\u015fin\u0103u. Ed. Prut Interna\u0163ional, 2001, 192 p. (co-autor)<\/li>\n<li>Matematica. Teste pentru clasa a X-a Chi\u015fin\u0103u. Ed. Prut International, 2001, 175 p. (co-autor)<\/li>\n<\/ul>\n<\/div>\n<\/div>\n<\/div>\n<\/div>\n<div class=\"pp_section\">\n<div class=\"pp_label\"><\/div>\n<div class=\"pp_value\">\n<div class=\"field field--name-field-activitatea-stiintifica field--type-text-long field--label-above\">\n<div class=\"field--label\">Activitatea \u0219tiin\u021bific\u0103<\/div>\n<div class=\"field--item\">\n<p><strong>Publica\u021bii \u0219tiin\u021bifice<\/strong><\/p>\n<p>In jur de 100 publica\u021bii \u0219tiin\u021bifice\u00a0 (publica\u0163iile \u00een limba englez\u0103 sunt semnate\u00a0 Parascovia Syrbu), inclusiv:<\/p>\n<ul>\n<li><span lang=\"RO\" xml:lang=\"RO\">Syrbu P., Grecu I. Loops with invariant flexibility under the isostrophy. Bul. Acad. de \u0218tiin\u021be a Moldovei, N.1(92), 2020, 122 &#8211; 128.<\/span><\/li>\n<li>Syrbu P., Ceban D.\u00a0On orthogonal systems of ternary quasigroups admitting nontrivial paratopies. \u00a0Quasigroups Related Systems\u00a025 (2017), no. 1, 133 \u2013150.<\/li>\n<li>Syrbu, P., Ceban, D. On paratopies of orthogonal systems of ternary quasigroups. Bul. Acad. de \u0218tiin\u021be a Moldovei. No. 1(80), 2016, 91 &#8211; 117.<\/li>\n<li>\u0421\u044b\u0440\u0431\u0443 \u041f., \u0427\u0435\u0431\u0430\u043d \u0414.\u00a0\u041f\u0430\u0440\u0430\u0442\u043e\u043f\u0438\u0438 \u043e\u0440\u0442\u043e\u0433\u043e\u043d\u0430\u043b\u044c\u043d\u044b\u0445 \u0441\u0438\u0441\u0442\u0435\u043c \u0442\u0435\u0440\u043d\u0430\u0440\u043d\u044b\u0445 \u043a\u0432\u0430\u0437\u0438\u0433\u0440\u0443\u043f\u043f. XII \u041c\u0435\u0436\u0434\u0443\u043d\u0430\u0440\u043e\u0434\u043d\u044b\u0439 \u0441\u0435\u043c\u0438\u043d\u0430\u0440 \u00ab\u0414\u0438\u0441\u043a\u0440\u0435\u0442\u043d\u0430\u044f \u043c\u0430\u0442\u0435\u043c\u0430\u0442\u0438\u043a\u0430 \u0438 \u0435\u0435 \u043f\u0440\u0438\u043b\u043e\u0436\u0435\u043d\u0438\u044f\u00bb \u0438\u043c\u0435\u043d\u0438 \u041e. \u0411. \u041b\u0443\u043f\u0430\u043d\u043e\u0432\u0430,\u00a0\u041c\u0413\u0423 \u0438\u043c\u0435\u043d\u0438 \u041c. \u0412. \u041b\u043e\u043c\u043e\u043d\u043e\u0441\u043e\u0432\u0430, 20 \u043f\u043e 25 \u0438\u044e\u043d\u044f 2016, 267 &#8211; 270.<\/li>\n<li>Grecu I., Syrbu P. On comutants of middle Bol loops. Quasigroups and Related Systems, 22 (2014), 81 \u2212 88.<\/li>\n<li>Syrbu P., Larionova-Cojocaru I. On recursive differentiability of binary quasigroups. Studia Universitatis Moldaviae.\u00a0 Revista \u015etiin\u0163ific\u0103 a Universit\u0103\u0163ii de Stat din Moldova, 2015, Nr.2(82) 2015, 53 &#8211; 60.<\/li>\n<li>Syrbu P., Ceban D. On quasigroups with some minimal identities. Studia Universitatis Moldaviae.\u00a0 Revista \u015etiin\u0163ific\u0103 a Universit\u0103\u0163ii de Stat din Moldova, Nr.2(82) 2015, 47-52.<\/li>\n<li>Syrbu, P., Ceban, D. On\u00a0 $\\pi$-quasigroups of type T1. Buletinul A\u015eM. Matematica. No. 2(75), 2014, 36 &#8211; 43.<\/li>\n<li>S\u00e2rbu P., Grecu I. On some groups related to middle Bol loops. Studia Universitatis Moldaviae. Seria \u201c\u015etiin\u0163e exacte \u015fi economice\u201d,\u00a02013, No.7 (67), 10 &#8211; 18.<\/li>\n<li>Grecu I., Syrbu P. On some isostrophy invariants of Bol loops. Bulletin of the Transilvania University of Brasov. Series III: Mathematics, Informatics, Physics, 2012.,Vol 5(54),\u00a0 \u00a0 \u00a0 \u00a0 \u00a0 \u00a0 145 &#8211; 154.<\/li>\n<li>\u0421\u044b\u0440\u0431\u0443 \u041f. \u041e \u0440\u0435\u043a\u0443\u0440\u0441\u0438\u0432\u043d\u043e \u0434\u0438\u0444\u0444\u0435\u0440\u0435\u043d\u0446\u0438\u0440\u0443\u0435\u043c\u044b\u0445 \u0431\u0438\u043d\u0430\u0440\u043d\u044b\u0445 \u043a\u0432\u0430\u0437\u0438\u0433\u0440\u0443\u043f\u043f\u0430\u0445. \u041c\u0430\u0442\u0435\u0440\u0438\u0430\u043b\u044b XI \u041c\u0435\u0436\u0434\u0443\u043d\u0430\u0440\u043e\u0434\u043d\u043e\u0433\u043e \u0441\u0435\u043c\u0438\u043d\u0430\u0440\u0430 \u201e\u0414\u0438\u0441\u043a\u0440\u0435\u0442\u043d\u0430\u044f \u043c\u0430\u0442\u0435\u043c\u0430\u0442\u0438\u043a\u0430 \u0438 \u0435\u0435 \u043f\u0440\u0438\u043b\u043e\u0436\u0435\u043d\u0438\u044f\u201d, \u043f\u043e\u0441\u0432.\u00a0 80-\u043b\u0435\u0442\u0438\u044e \u0441\u043e \u0434\u043d\u044f \u0440\u043e\u0436\u0434\u0435\u043d\u0438\u044f \u041e. \u0411. \u041b\u0443\u043f\u0430\u043d\u043e\u0432\u0430. \u041c\u0413\u0423, \u041c\u043e\u0441\u043a\u0432\u0430, 18-23 \u0438\u044e\u043d\u044f 2012 \u0433., 430 &#8211; 433.<\/li>\n<li>Syrbu P. On middle Bol loops. ROMAI Journal. Vol.6, No.2, 2010, 229 &#8211; 236.<\/li>\n<li>Syrbu P. On $\\pi$-quasigroups isotopic to abelian groups. Buletinul A.S. R.M., Matematica. no.3. 2009<\/li>\n<li>Izbash V., Syrbu P.\u00a0 Recursively differentiablebinary quasigroups and complete recursiv code. Comment. Math. Univ. Carolinae 45, 2(2004), 257 &#8211; 263.<\/li>\n<li>Syrbu P., Izbash V. On recursively differentiable binary quasigroups Proceedings of the 11-th Conf. on Applied and Ind. Math. May, 29-31, 2003. Oradea, Rom\u00e2nia. Vol.I, 149 -152.<\/li>\n<li>Syrbu P. On congruences on n-ary T-quasigroups. Quasigroups and Related Systems 6 (1999), 71 &#8211; 80.<\/li>\n<li>Syrbu P. On loops with universal elasticity. Quasigroups and Related Systems, 3 (1996), 41 &#8211; 54.<\/li>\n<li>Syrbu P. Loops with universal elasticity. Quasigroups and Related Systems, 1 (1994), no. 1, 57 &#8211; 65.<\/li>\n<li>\u0411\u0435\u043b\u044f\u0432\u0441\u043a\u0430\u044f \u0413., \u0421\u044b\u0440\u0431\u0443 \u041f. \u0414\u0438\u0441\u043a\u0440\u0435\u0442\u043d\u0430\u044f \u043c\u0430\u0442\u0435\u043c\u0430\u0442\u0438\u043a\u0430. \u0411\u043e\u043b\u044c\u0448\u0430\u044f \u041d\u0430\u0443\u0447\u043d\u0430\u044f \u042d\u043d\u0446\u0438\u043a\u043b\u043e\u043f\u0435\u0434\u0438\u044f. \u041f\u043e\u0434 \u0440\u0435\u0434. \u041c.\u041c. \u0413\u043b\u0443\u0445\u043e\u0432\u0430. \u041c\u043e\u0441\u043a\u0432\u0430. \u0418\u0437\u0434-\u0432\u043e \u0412.\u041a\u043e\u0437\u043b\u043e\u0432a. 2004, 190 &#8211; 191.<\/li>\n<li>Syrbu P., Dudek W. About self-orthogonal n-groups Bul. A.\u015e. R.M. Matematica. Nr.3, 1992, 37 &#8211; 42.<\/li>\n<li>\u0421\u044b\u0440\u0431\u0443 \u041f.\u00a0\u041a\u0432\u0430\u0437\u0438\u0433\u0440\u0443\u043f\u043f\u044b \u0441 \u0442\u043e\u0436\u0434\u0435\u0441\u0442\u0432\u043e\u043c \u0441\u0430\u043c\u043e\u043e\u0440\u0442\u043e\u0433\u043e\u043d\u0430\u043b\u044c\u043d\u043e\u0441\u0442\u0438 \u0438 \u0438\u0445 \u0441\u043f\u0435\u043a\u0442\u0440 \u041c\u0430\u0442\u0435\u043c.\u0438\u0441\u0441\u043b\u0435\u0434. \u0412\u044b\u043f.120, 1991, 80 &#8211; 91.<\/li>\n<li>\u0421\u044b\u0440\u0431\u0443 \u041f.\u00a0\u0421\u0430\u043c\u043e\u043e\u0440\u0442\u043e\u0433\u043e\u043d\u0430\u043b\u044c\u043d\u044b\u0435 n-\u0433\u0440\u0443\u043f\u043f\u044b \u041c\u0430\u0442\u0435\u043c.\u0438\u0441\u0441\u043b\u0435\u0434. \u0412\u044b\u043f.113, 1990, 99 -106<\/li>\n<li>\u0421\u044b\u0440\u0431\u0443 \u041f.\u00a0\u041e \u0441\u0430\u043c\u043e\u043e\u0440\u0442\u043e\u0433\u043e\u043d\u0430\u043b\u044c\u043d\u043e\u0441\u0442\u0438 n-\u0430\u0440\u043d\u044b\u0445 \u043e\u043f\u0435\u0440\u0430\u0446\u0438\u0439 \u0418\u0441\u0441\u043b\u0435\u0434\u043e\u0432\u0430\u043d\u0438\u0435 \u043e\u043f\u0435\u0440\u0430\u0446\u0438\u0439 \u0438 \u043a\u0432\u0430\u0437\u0438\u0433\u0440\u0443\u043f\u043f \u041a\u0438\u0448\u0438\u043d\u0435\u0432: \u0428\u0442\u0438\u0438\u043d\u0446\u0430, 1988, 92 &#8211; 97.<\/li>\n<li>\u0421\u044b\u0440\u0431\u0443 \u041f.\u00a0\u041e\u0431 \u043e\u0440\u0442\u043e\u0433\u043e\u043d\u0430\u043b\u044c\u043d\u043e\u0441\u0442\u0438 \u0438 \u0441\u0430\u043c\u043e\u043e\u0440\u0442\u043e\u0433\u043e\u043d\u0430\u043b\u044c\u043d\u043e\u0441\u0442\u0438 n-\u0430\u0440\u043d\u044b\u0445 \u043e\u043f\u0435\u0440\u0430\u0446\u0438\u0439 \u041a\u0432\u0430\u0437\u0438\u0433\u0440\u0443\u043f\u043f\u044b. \u041a\u0438\u0448\u0438\u043d\u0435\u0432: \u0428\u0442\u0438\u0438\u043d\u0446\u0430, 1987, 121 &#8211; 130.<\/li>\n<li>Lungu A.,\u00a0 Palistrant A., S\u00e2rbu P. Probleme actuale \u015fi realiz\u0103ri \u015ftiin\u0163ifice \u00een domeniul geometriei discrete \u015fi algebrei Analele \u015etiin\u0163ifice ale Universit\u0103\u0163ii de Stat din Moldova, Seria \u201e\u015etiin\u0163e reale\u201d. Lucr\u0103ri de sintez\u0103 1996-2006. CEP USM, 2006, 151-166.<\/li>\n<li>Cioban M., Izbash V., Scherbacov V., Syrbu P. Valentin Belousov &#8211; 90. Bul. Acad. de \u0218tiin\u021be a Moldovei. No. 1(80), 2016, 1 &#8211; 4.<\/li>\n<\/ul>\n<p><strong>Proiecte \u0219tiin\u021bifice<\/strong><\/p>\n<ul>\n<li>Proiectul CERIM-1006-06 (grant CRDF\/MRDA, 2006-2009). (Manager coordonator)<\/li>\n<li>Proiectul CRDF\/MRDA No.MM1-30-40, 2003-2005<\/li>\n<li>Proiectul \u201eCercet\u0103ri \u015fi studii avansate \u00een Matematic\u0103 \u015fi Informatic\u0103\u201d, \u00een cadrul Programului de stat \u201eIntegrarea \u015ftiin\u0163ei \u015fi \u00eenv\u0103\u0163\u0103m\u00e2ntului superior\u201d, 2006-2008<\/li>\n<li>Proiectul UNESCO \u201eRelansarea Societ\u0103\u0163ii Matematice din RM\u201d, 2001<\/li>\n<li>Proiectul institu\u0163ional 06.411.027F &#8220;Aspecte structurale ale sistemelor algebrice discrete \u015fi topologice&#8221;, 2006-2010<\/li>\n<li>Proiectul institu\u0163ional \u201cTeoria structural\u0103 a sistemelor algebrice\u201d, 2001-2005, nr. \u00eenregistr\u0103rii de stat 0101MD01840<\/li>\n<li>Proiect institu\u0163ional \u201eStudii fundamentale ale structurilor algebrice, geometrice \u0219i de evolu\u021bie cu aplica\u021bii \u00een cristalofizic\u0103 \u0219i control\u201d, 2011- 2014<\/li>\n<li>Proiectul 15.817.02.26F Structuri algebrice, geometrice \u015fi sisteme de evolu\u0163ie, 2015-2018<\/li>\n<li>Proiectul 20.80009.5007.25 Sisteme dinamice multivoce, perturb\u0103ri singulare, operatori integrali \u0219i structuri algebrice neasociative (Program de stat), 2020-2023<\/li>\n<\/ul>\n<p><strong>Comunic\u0103ri (rapoarte) la foruri \u0219tiin\u021bifice<\/strong><\/p>\n<p>Peste\u00a040 de particip\u0103ri cu rapoarte la conferin\u0163e de specialitate na\u0163ionale \u0219i interna\u0163ionale, inclusiv:<\/p>\n<ul>\n<li>International Mathematical Conference on Quasigroups and Loops (LOOPS\u201919), Budapest, Hungary, 2019<\/li>\n<li>International Congress of Mathematicians (ICM-2018), Rio de Janeiro, Brasil, 2018<\/li>\n<li>The XII International Algebraic Conference in Ukraine, dedicated to the 215th anniversary of V. Bunyakovsky, July 02-06, 2019, Vinnytsia, Ukraine. (Member of the Scientific Comittee)<\/li>\n<li>The 11th International Algebraic Conference in Ukraine dedicated to the 75th anniversary of V. V. Kirichenko, Taras Shevchenko National University, Kyiv, July 03-07, 2017<\/li>\n<li>The 4-th Conference of Mathematical Society of the Republic of Moldova, dedicated to the centenary of V. Andrunachievici (1917-1997), Chisinau, June 28 \u2013 July 2, 2017<\/li>\n<li>XIIth\u00a0 International Seminar \u201cDiscrete mathematics and Applications\u201d O.B. Lupanov, Moscow State University \u201cM.V. Lomonosov\u201d, June, 20- 25, 2016<\/li>\n<li>7th European Congress of Mathematics, July 18-22, 2016, Technische Universit\u00e4t Berlin<\/li>\n<li>International Mathematical Conference on Quasigroups and Loops (LOOPS\u201915), 28 June- 04 July 2015, Ohrid, Macedonia<\/li>\n<li>International Congress of Mathematicians (ICM-2014), Seoul, 2014<\/li>\n<li>ICWM 2014, Ewha Womans University, Seoul, Korea. 2014<\/li>\n<li>The 3rd Conference of Math. Society of the Republic of Moldova. Chisinau, August 19-23, 2014<\/li>\n<li>The 9-th International Conference in Ukraine, Ivan Franko National University, L\u2019viv, July 8-13, 2013.<\/li>\n<li>The 21-th Conf. on Applied and Industrial Mathematics (CAIM-2013), September 19-22, 2013, Bucharest, Romania. \u00a0(Invited speaker)<\/li>\n<li>\u041c\u0435\u0436\u0434. \u0441\u0435\u043c\u0438\u043d\u0430\u0440\u0430 \u0414\u0438\u0441\u043a\u0440\u0435\u0442\u043d\u0430\u044f \u043c\u0430\u0442\u0435\u043c\u0430\u0442\u0438\u043a\u0430 \u0438 \u0435\u0435 \u043f\u0440\u0438\u043b\u043e\u0436\u0435\u043d\u0438\u044f, \u043f\u043e\u0441\u0432\u044f\u0449\u0435\u043d\u043d\u043e\u0433\u043e 80-\u043b\u0435\u0442\u0438\u044e \u0441\u043e \u0434\u043d\u044f \u0440\u043e\u0436\u0434\u0435\u043d\u0438\u044f \u041e. \u0411. \u041b\u0443\u043f\u0430\u043d\u043e\u0432\u0430. \u041c\u0413\u0423, \u041c\u043e\u0441\u043a\u0432\u0430, 18-23 \u0438\u044e\u043d\u044f 2012 \u0433.<\/li>\n<li>7th Congress of Romanian Mathematicians, Brasov, Romania, June 29 &#8211; July 5, 2011<\/li>\n<li>Alexandru Myller Mathematical Seminar Centennial Conference, 2010<\/li>\n<li>International Conference\u00a0 Loops\u201907,\u00a0 Prague, Univ. Carol, \u00a0August 20-25, 2007<\/li>\n<li>International Conference\u00a0 Loops\u201903,\u00a0 Prague, August 10-17, 2003<\/li>\n<li>\u041c\u0435\u0436\u0434. \u043a\u043e\u043d\u0444. \u043f\u043e \u0430\u043b\u0433. \u00a0\u043f\u043e\u0441\u0432. \u043f\u0430\u043c. \u0410.\u0418. \u041c\u0430\u043b\u044c\u0446\u0435\u0432\u0430, \u041d\u043e\u0432\u043e\u0441\u0438\u0431\u0438\u0440\u0441\u043a, 1989<\/li>\n<li><span lang=\"RO\" xml:lang=\"RO\">Int. Conf. \u201cMathematics and Information Technologies: research and Education (MITRE)\u201d, Moldova State University, Chisinau, 2008, 2009, 2011, 2013, 2015, 2016, 2019. (Member of the stientific and organizing comittee)<\/span><\/li>\n<\/ul>\n<p>&nbsp;<\/p>\n<\/div>\n<\/div>\n<\/div>\n<\/div>\n<div class=\"pp_section\">\n<div class=\"pp_label\"><\/div>\n<div class=\"pp_value\">\n<div class=\"field field--name-field-altele field--type-text-long field--label-visually_hidden\">\n<div class=\"field--label sr-only\">Altele<\/div>\n<div class=\"field--item\">\n<p><strong>Membru al societ\u0103\u021bilor de specialitate<\/strong><\/p>\n<ul>\n<li>Societatea Matematic\u0103 a Republicii Moldova (membru al Consiliului)<\/li>\n<li>The Romanian Society for Industrial and Applied Mathematics\u00a0 (ROMAI)<\/li>\n<li>European Mathematical Society\u00a0 (EMS)<\/li>\n<li>European Women in Mathematics (EWM)<\/li>\n<\/ul>\n<p><strong>Participare la organizarea olimpiadelor matematice<\/strong><\/p>\n<ul>\n<li>Balkan Mathematical Olimpiad (BMO),\u00a0 edi\u021biile 2019, 2010, 2001,\u00a0membru al juriului, coordonator de problem\u0103<\/li>\n<li>Junior Balkan Mathematical Olimpiad (JBMO), \u00a02006,\u00a0membru al juriului, coordonator de problem\u0103<\/li>\n<li>Olimpiada republican\u0103 V. Andrunachievici, 2010, Liceul A\u0218M, membru al juriului, coordonator de problem\u0103<\/li>\n<\/ul>\n<\/div>\n<\/div>\n<\/div>\n<\/div>\n<\/div>\n","protected":false},"excerpt":{"rendered":"<p>Parascovia S\u00eerbu doctor Academic title\/position associate professor Department Mathematics Department Studii 1986 \u2013 1989:\u00a0 Studii de doctorat, Institutul de Matematic\u0103 \u015fi Informatic\u0103 al Academiei de \u015etiin\u0163e a Moldovei; 1990 &#8211;\u00a0 Sus\u0163inerea tezei de doctorat \u201eOpera\u0163ii ortogonale \u0219i autoortogonale\u201d la Institutul de Matematic\u0103 \u0219i Informatic\u0103 al \u00a0Academiei de \u015etiin\u0163e a Moldovei 1977 \u2013 1982:\u00a0 Studii complete&hellip; <br \/> <a class=\"read-more\" href=\"https:\/\/fmi.usm.md\/en\/parascovia-sirbu\/\">Read more<\/a><\/p>\n","protected":false},"author":1,"featured_media":0,"parent":0,"menu_order":0,"comment_status":"closed","ping_status":"closed","template":"elementor_theme","meta":{"_seopress_robots_primary_cat":"","_seopress_titles_title":"","_seopress_titles_desc":"","_seopress_robots_index":"","footnotes":""},"class_list":["post-563","page","type-page","status-publish","hentry"],"rttpg_featured_image_url":null,"rttpg_author":{"display_name":"","author_link":"https:\/\/fmi.usm.md\/en\/author\/"},"rttpg_comment":0,"rttpg_category":null,"rttpg_excerpt":"Parascovia S\u00eerbu doctor Academic title\/position associate professor Department Mathematics Department Studii 1986 \u2013 1989:\u00a0 Studii de doctorat, Institutul de Matematic\u0103 \u015fi Informatic\u0103 al Academiei de \u015etiin\u0163e a Moldovei; 1990 &#8211;\u00a0 Sus\u0163inerea tezei de doctorat \u201eOpera\u0163ii ortogonale \u0219i autoortogonale\u201d la Institutul de Matematic\u0103 \u0219i Informatic\u0103 al \u00a0Academiei de \u015etiin\u0163e a Moldovei 1977 \u2013 1982:\u00a0 Studii complete&hellip;&hellip;","_links":{"self":[{"href":"https:\/\/fmi.usm.md\/en\/wp-json\/wp\/v2\/pages\/563","targetHints":{"allow":["GET"]}}],"collection":[{"href":"https:\/\/fmi.usm.md\/en\/wp-json\/wp\/v2\/pages"}],"about":[{"href":"https:\/\/fmi.usm.md\/en\/wp-json\/wp\/v2\/types\/page"}],"author":[{"embeddable":true,"href":"https:\/\/fmi.usm.md\/en\/wp-json\/wp\/v2\/users\/1"}],"replies":[{"embeddable":true,"href":"https:\/\/fmi.usm.md\/en\/wp-json\/wp\/v2\/comments?post=563"}],"version-history":[{"count":1,"href":"https:\/\/fmi.usm.md\/en\/wp-json\/wp\/v2\/pages\/563\/revisions"}],"predecessor-version":[{"id":565,"href":"https:\/\/fmi.usm.md\/en\/wp-json\/wp\/v2\/pages\/563\/revisions\/565"}],"wp:attachment":[{"href":"https:\/\/fmi.usm.md\/en\/wp-json\/wp\/v2\/media?parent=563"}],"curies":[{"name":"wp","href":"https:\/\/api.w.org\/{rel}","templated":true}]}}