{"id":64,"date":"2023-04-18T12:19:51","date_gmt":"2023-04-18T09:19:51","guid":{"rendered":"https:\/\/new.usm.md\/?page_id=64"},"modified":"2026-02-23T12:15:59","modified_gmt":"2026-02-23T09:15:59","slug":"acte-normative","status":"publish","type":"page","link":"https:\/\/fmi.usm.md\/en\/acte-normative\/","title":{"rendered":"Normative acts"},"content":{"rendered":"<ul>\n<li><a href=\"\/wp-content\/uploads\/2025\/01\/Strategia_de_dezvoltare_a_FMI_2022-2026.pdf\" target=\"_blank\" rel=\"noopener\"><span class=\"s4\"><strong>Strategia de Dezvoltare<\/strong> a Facult\u0103\u021bii de Matematic\u0103 \u0219i Informatic\u0103 pentru anii 2022-2026 <\/span><\/a><\/li>\n<li><a href=\"\/wp-content\/uploads\/2023\/04\/Regulament-Sistemul-National-de-Credite.pdf\" target=\"_blank\" rel=\"noopener\"><span class=\"s5\">Regulamentul de organizare a studiilor \u00een \u00eenv\u0103\u0163\u0103m\u00e2ntul superior \u00een baza Sistemului Na\u0163ional de Credite de Studi<\/span><\/a><\/li>\n<li><a href=\"https:\/\/fmi.usm.md\/wp-content\/uploads\/2025\/12\/regulament-privind-formarea-profesionala-la-ciclul-i-studii-superioare-de-licenta-ciclul-i-in-cadrul-usm.pdf\" target=\"_blank\" rel=\"noopener\">Regulament privind <strong>formarea profesional\u0103 la Ciclul I<\/strong> studii superioare de licen\u0163\u0103 Ciclul I \u00een cadrul USM<\/a><\/li>\n<li><a href=\"https:\/\/fmi.usm.md\/wp-content\/uploads\/2025\/12\/regulament-de-organizare-si-desfasurare-a-studiilor-superioare-de-master-ciclul-ii-in-universitatea-de-stat-din-moldova.pdf\" target=\"_blank\" rel=\"noopener\">Regulament cu privire la organizarea \u0219i desf\u0103\u0219urarea <strong>studiilor superioare de master<\/strong>, ciclul II \u00een Universitatea de Stat din Moldova<\/a><\/li>\n<li><a href=\"https:\/\/fmi.usm.md\/wp-content\/uploads\/2025\/12\/regulament_stag_practica_institutional_09_09_2022.pdf\" target=\"_blank\" rel=\"noopener\">Regulament cu privire la organizarea <strong>stagiilor de practic\u0103 <\/strong>la ciclul I, studii superioare licen\u021b\u0103, \u0219i ciclul II, studii superioare de master<\/a><\/li>\n<li><a href=\"https:\/\/fmi.usm.md\/wp-content\/uploads\/2025\/12\/regulament_org_si-desf_evaluarii-finale_licenta_usm.pdf\" target=\"_blank\" rel=\"noopener\">Regulament cu privire la organizarea \u0219i desf\u0103\u0219urarea <strong>evalu\u0103rii finale a studiilor<\/strong> superioare de licen\u021b\u0103 (ciclul I)<\/a><\/li>\n<li><a href=\"https:\/\/fmi.usm.md\/wp-content\/uploads\/2025\/12\/regulamentul-institutional-privind-organizarea-si-desfasurarea-invatamantului-dual-n-cadrul-studiilor-superioare-de-licenta_ciclul-i.pdf\" target=\"_blank\" rel=\"noopener\">Regulament institutional privind organizarea \u0219i desf\u0103\u0219urarea <strong>\u00eenv\u0103\u021b\u0103m\u00e2ntului dual<\/strong> \u00een cadrul studiilor superioare de licen\u021b\u0103 (ciclul I)<\/a><\/li>\n<li><a href=\"https:\/\/fmi.usm.md\/wp-content\/uploads\/2025\/05\/4.regulament-institutional-referitor-la-alocarea-burselor.pdf\" target=\"_blank\" rel=\"noopener\">Regulamentul institu\u021bional privind <strong>acordarea burselor de studii<\/strong> \u00een cadrul USM<\/a><\/li>\n<li><a href=\"https:\/\/www.legis.md\/cautare\/getResults?doc_id=142610&amp;lang=ro#\" target=\"_blank\" rel=\"noopener\"><span class=\"s5\">HG nr. 1009\/2006 cu privire la <strong>cuantumurile burselor<\/strong><\/span><\/a><\/li>\n<li><a href=\"\/wp-content\/uploads\/2023\/04\/Regulament-privind-organizarea-examenului-de-finalizare-a-studiilor.pdf\" target=\"_blank\" rel=\"noopener\"><span class=\"s5\">Regulament-cadru\u00a0privind organizarea <strong>examenului de finalizare a studiilor<\/strong> superioare de licen\u0163\u0103<\/span><\/a><\/li>\n<li><a href=\"https:\/\/fmi.usm.md\/wp-content\/uploads\/2025\/02\/bragaru_ungureanu_teze-de-an-licenta-master_r4_ro.pdf\" target=\"_blank\" rel=\"noopener\">Ghid metodic pentru <strong>elaborarea tezelor<\/strong> de an, licen\u0163\u0103 \u0219i master<\/a><\/li>\n<li><a href=\"\/wp-content\/uploads\/2023\/04\/Recomandari-metodice-elaborare-materiale-didactice.pdf\" target=\"_blank\" rel=\"noopener\"><span class=\"s5\">Recomand\u0103ri metodice pentru <strong>elaborarea materialelor didactice<\/strong><\/span><\/a><\/li>\n<li><a href=\"\/wp-content\/uploads\/2023\/04\/Fisa-de-evaluare-a-calitatii-lucrarilor-didactico-metodice.pdf\" target=\"_blank\" rel=\"noopener\"><span class=\"s5\">Fi\u0219a de evaluare a <strong>lucr\u0103rilor didactico-metodice<\/strong><\/span><\/a><\/li>\n<li><a href=\"\/wp-content\/uploads\/2023\/04\/DispozitieDecanSesiune.pdf\" target=\"_blank\" rel=\"noopener\"><span class=\"s5\">Dispozi\u021bia decanului referitor la organizarea sesiunii<\/span><\/a><\/li>\n<li><a href=\"\/wp-content\/uploads\/2023\/04\/MetodologieEvaluareOnline.pdf\" target=\"_blank\" rel=\"noopener\"><span class=\"s5\">Metodologie de organizare \u0219i realizare online a evalu\u0103rii finale<\/span><\/a><\/li>\n<li><a href=\"https:\/\/fmi.usm.md\/wp-content\/uploads\/2025\/09\/integritate_academica_ghid_pt_studenti.pdf\" target=\"_blank\" rel=\"noopener\">Ghid pentru studen\u021bi privind <strong>integritatea academic\u0103<\/strong><\/a><\/li>\n<li><a href=\"https:\/\/fmi.usm.md\/wp-content\/uploads\/2025\/10\/regulamentechivalarecolegiu.pdf\">Procedura privind <strong>recunoa\u0219terea rezultatelor ob\u021binute \u00een \u00eenv\u0103\u021b\u0103m\u00e2ntul profesional tehnic<\/strong> postsecundar \u0219i postsecundar nonter\u021biar<\/a><\/li>\n<\/ul>\n<p><span style=\"font-size: 21px;\"><strong><a href=\"https:\/\/usm.md\/?page_id=209\" target=\"_blank\" rel=\"noopener\">Alte acte normative USM<\/a><\/strong><\/span><\/p>\n<p><a href=\"https:\/\/usm.md\/?page_id=206\" target=\"_blank\" rel=\"noopener\"><span style=\"font-size: 20px;\"><strong><span style=\"font-size: 21px;\">Acte normative na\u021bionale<\/span><\/strong><\/span><\/a><\/p>\n","protected":false},"excerpt":{"rendered":"<p>Strategia de Dezvoltare a Facult\u0103\u021bii de Matematic\u0103 \u0219i Informatic\u0103 pentru anii 2022-2026 Regulamentul de organizare a studiilor \u00een \u00eenv\u0103\u0163\u0103m\u00e2ntul superior \u00een baza Sistemului Na\u0163ional de Credite de Studi Regulament privind formarea profesional\u0103 la Ciclul I studii superioare de licen\u0163\u0103 Ciclul I \u00een cadrul USM Regulament cu privire la organizarea \u0219i desf\u0103\u0219urarea studiilor superioare de master,&hellip; <br \/> <a class=\"read-more\" href=\"https:\/\/fmi.usm.md\/en\/acte-normative\/\">Read more<\/a><\/p>\n","protected":false},"author":1,"featured_media":0,"parent":0,"menu_order":0,"comment_status":"closed","ping_status":"closed","template":"","meta":{"_seopress_robots_primary_cat":"","_seopress_titles_title":"","_seopress_titles_desc":"","_seopress_robots_index":"","footnotes":""},"class_list":["post-64","page","type-page","status-publish","hentry"],"rttpg_featured_image_url":null,"rttpg_author":{"display_name":"","author_link":"https:\/\/fmi.usm.md\/en\/author\/"},"rttpg_comment":0,"rttpg_category":null,"rttpg_excerpt":"Strategia de Dezvoltare a Facult\u0103\u021bii de Matematic\u0103 \u0219i Informatic\u0103 pentru anii 2022-2026 Regulamentul de organizare a studiilor \u00een \u00eenv\u0103\u0163\u0103m\u00e2ntul superior \u00een baza Sistemului Na\u0163ional de Credite de Studi Regulament privind formarea profesional\u0103 la Ciclul I studii superioare de licen\u0163\u0103 Ciclul I \u00een cadrul USM Regulament cu privire la organizarea \u0219i desf\u0103\u0219urarea studiilor superioare de master,&hellip;&hellip;","_links":{"self":[{"href":"https:\/\/fmi.usm.md\/en\/wp-json\/wp\/v2\/pages\/64","targetHints":{"allow":["GET"]}}],"collection":[{"href":"https:\/\/fmi.usm.md\/en\/wp-json\/wp\/v2\/pages"}],"about":[{"href":"https:\/\/fmi.usm.md\/en\/wp-json\/wp\/v2\/types\/page"}],"author":[{"embeddable":true,"href":"https:\/\/fmi.usm.md\/en\/wp-json\/wp\/v2\/users\/1"}],"replies":[{"embeddable":true,"href":"https:\/\/fmi.usm.md\/en\/wp-json\/wp\/v2\/comments?post=64"}],"version-history":[{"count":34,"href":"https:\/\/fmi.usm.md\/en\/wp-json\/wp\/v2\/pages\/64\/revisions"}],"predecessor-version":[{"id":7100,"href":"https:\/\/fmi.usm.md\/en\/wp-json\/wp\/v2\/pages\/64\/revisions\/7100"}],"wp:attachment":[{"href":"https:\/\/fmi.usm.md\/en\/wp-json\/wp\/v2\/media?parent=64"}],"curies":[{"name":"wp","href":"https:\/\/api.w.org\/{rel}","templated":true}]}}