{"id":694,"date":"2023-04-20T14:47:02","date_gmt":"2023-04-20T11:47:02","guid":{"rendered":"https:\/\/new.usm.md\/?page_id=694"},"modified":"2025-01-27T18:25:56","modified_gmt":"2025-01-27T15:25:56","slug":"maria-cristei-marin","status":"publish","type":"page","link":"https:\/\/fmi.usm.md\/en\/maria-cristei-marin\/","title":{"rendered":"Maria Cristei-Marin"},"content":{"rendered":"<p><img alt=\"\" decoding=\"async\" class=\"alignnone size-full wp-image-695 aligncenter\" src=\"http:\/\/fmi.usm.md\/wp-content\/uploads\/2023\/04\/1.jpg\" alt=\"\" width=\"220\" height=\"219\" \/><\/p>\n<h2 class=\"page-header\" style=\"text-align: center;\">Maria Cristei-Marin<\/h2>\n<div class=\"pp_first\">\n<div class=\"pp_information\">\n<div class=\"field field--name-field-grad-stiintific field--type-entity-reference field--label-visually_hidden\" style=\"text-align: center;\">\n<div class=\"field--item\">\n<div class=\"field field--name-field-grad-stiintific field--type-entity-reference field--label-visually_hidden\">\n<div class=\"field--item\">doctor<\/div>\n<\/div>\n<div class=\"field field--name-field-titlu-didactic field--type-entity-reference field--label-visually_hidden\">\n<div class=\"field--label sr-only\">Academic title\/position<\/div>\n<div class=\"field--item\">associate professor<\/div>\n<\/div>\n<div class=\"field field--name-field-departament field--type-entity-reference field--label-visually_hidden\">\n<div class=\"field--label sr-only\">Department<\/div>\n<div class=\"field--item\">Computer Science Department<\/div>\n<\/div>\n<\/div>\n<\/div>\n<\/div>\n<\/div>\n<div class=\"pp_section\">\n<div class=\"pp_label\"><\/div>\n<div class=\"pp_value\">\n<div class=\"field field--name-field-studii field--type-text-long field--label-above\">\n<div class=\"field--label\">Studii<\/div>\n<div class=\"field--item\">\n<p><strong><em>Educa\u0163ie \u015fi formare profefsional\u0103:<\/em><\/strong><\/p>\n<p>2001\u00a0 \u2013 2011 \u2013\u00a0 studii prin doctorat la specialitatea \u201eProgramarea calculatoarelor\u201d,\u00a0USM, 2018 sus\u021binerea tezei de doctor .<\/p>\n<p>2000-2001 \u2013 studii prin masterat \u00een Informatic\u0103,\u00a0FMI, USM.<\/p>\n<p>1995-2000 \u2013 studii de licen\u0163\u0103 \u00een Matematic\u0103, Facultatea de Matematic\u0103 \u015fi Informatic\u0103, Universitatea de Stat din Moldova<\/p>\n<p>1993-1995 \u2013 studii medii, Liceul Teoretic &#8221;\u015etefan Holban&#8221;, s. C\u0103rpineni, r. H\u00eence\u015fti.<\/p>\n<p>1985-1993 \u2013 studii medii incomplete, \u015fcoala medie s. Negrea, r. H\u00eence\u015fti.<\/p>\n<p><strong><em>Stagii de formare continu\u0103 (institu\u0163ie, perioada, calificarea):<\/em><\/strong><\/p>\n<ul>\n<li>Participarea la sesiunea\u00a0 de instruire a responsabililor de formare din cadrul institu\u021biilor de \u00eenv\u0103\u021b\u0103m\u00e2nt \u0219i centrelor de formare continu\u0103 din perspectiva Curriculumului, edi\u021bia 2018, 2019, organizat de Ministerul Educa\u021biei, Culturii \u0219i Cercet\u0103rii al Republicii Moldova. 07 noiembrie 2019.<\/li>\n<li>Realizarea programului de formare profesional\u0103 continu\u0103 \u201eCorelarea form\u0103rii competen\u021belor psihopedagogice cu dezvoltarea curriculumului na\u021bional\u201d,\u00a0organizat de USM, perioada de studii martie-iunie. 2018;<\/li>\n<li>Realizarea programului de formare continu\u0103 \u201eFormarea formatorilor\u201d,\u00a0organizat de USM\u00a008.02.2018-12.06.2018;<\/li>\n<li>Cursuri de formare continu\u0103. Common European Framework of Reference for Languages. organizat de USM, decembrie- iunie 2016, abilitate A1 English Language Level;<\/li>\n<li>\u015ecoala de var\u0103 \u201eDoctoral Intensive Summer School on Evolutionary Computing in Optimisation and Data Mining\u201d, 18-23 iunie 2012 Universitatea Al. I. Cuza, Ia\u015fi, Rom\u00e2nia;<\/li>\n<li>Participare la seminarul \u201eCrross \u2013Cultural Cooperation in the Global Community\u201d, organizat de American Sttudies Center of Moldova \u00een colaborare cu American Resource Center\/US Embassy in Moldova,17 martie, 2012;<\/li>\n<li>Cursuri de perfec\u0163ionare. Utilizarea platformei Moodle, cursuri de perfec\u0163ionare Centrul Formare Continu\u0103, USM ianuarie 2012, abilitare \u00een utilizarea softurilor educa\u0163ionale;<\/li>\n<li>Participare la Seminarul \u201eEvaluarea rezultatelor academice din perspectiva competen\u0163elor\u201d, organizat de USM. Mai 2011, instruire pe elementele structurale ale curriculum-ului disciplinar;<\/li>\n<li>Cursuri de perfec\u0163ionare. Ini\u0163iere IT \u015fi utilizare AeL SIVECO Rom\u00e2nia, organizat de USM, ianuarie 2009, abilitare \u00een utilizarea softurilor educa\u0163ionale.<\/li>\n<\/ul>\n<\/div>\n<\/div>\n<\/div>\n<\/div>\n<div class=\"pp_section\">\n<div class=\"pp_label\"><\/div>\n<div class=\"pp_value\">\n<div class=\"field field--name-field-experienta-profesionala field--type-text-long field--label-above\">\n<div class=\"field--label\">Experien\u021ba profesional\u0103<\/div>\n<div class=\"field--item\">\n<p>2018-prezent, USM, departament Informatica, doctor, lector universitar;<\/p>\n<p>2009-prezent managerul Centrului F\u0103r\u0103 Bariere pentru copii cu disabilit\u0103\u0163i de vedere al USM.<\/p>\n<p>2001-prezent, USM, Catedra Tehnologii de Programare, lector universitar;<\/p>\n<p>2000-2001, Liceul \u201d Spiru Haret\u201d Chi\u015fin\u0103u, profesor de matematic\u0103;<\/p>\n<p>1998-2001, \u015ecoala Nr.31 Chi\u015fin\u0103u, profesor de matematic\u0103;<\/p>\n<\/div>\n<\/div>\n<\/div>\n<\/div>\n<div class=\"pp_section\">\n<div class=\"pp_label\"><\/div>\n<div class=\"pp_value\">\n<div class=\"field field--name-field-activitatea-didactica field--type-text-long field--label-above\">\n<div class=\"field--label\">Activitatea didactic\u0103<\/div>\n<div class=\"field--item\">\n<p><strong>Cursuri predate:<\/strong><\/p>\n<ul>\n<li>Grafica pe calculator;<\/li>\n<li>Elaborarea aplica\u0163iilor grafice;<\/li>\n<li>Inteligen\u0163a artificial\u0103;<\/li>\n<li>Didactica informaticii;<\/li>\n<li>Tehnologii moderne de instruire;<\/li>\n<li>Anima\u021bie computerizat\u0103;<\/li>\n<li>Limbaje formale \u015fi automate;<\/li>\n<li>Sisteme de operare;<\/li>\n<li>Sisteme expert;<\/li>\n<li>Arhitectura calculatoarelor \u015fi limbaje de asamblare;<\/li>\n<li>Tehnologii ale informa\u0163iei \u015fi de comunicare;<\/li>\n<li>Limbaje de Programare;<\/li>\n<li>Programarea logic\u0103;<\/li>\n<li>CorelDraw;<\/li>\n<li>Adobe Photoshop;<\/li>\n<li>Metodica pred\u0103rii informaticii.<\/li>\n<\/ul>\n<\/div>\n<\/div>\n<\/div>\n<\/div>\n<div class=\"pp_section\">\n<div class=\"pp_label\"><\/div>\n<div class=\"pp_value\">\n<div class=\"field field--name-field-activitatea-stiintifica field--type-text-long field--label-above\">\n<div class=\"field--label\">Activitatea \u0219tiin\u021bific\u0103<\/div>\n<div class=\"field--item\">\n<p><strong><em>Domenii de interes \u015ftiin\u0163ific:<\/em><\/strong><\/p>\n<p>Grafic\u0103 pe calculator; anima\u0163ie \u015fi modelare computa\u0163ional\u0103; inteligen\u021ba artificial\u0103; ma\u0219ini learning;\u00a0probleme ale matematicii contemporane; implementarea TIC \u00een procesul didactic; didactica matematicii \u0219i informaticii; teoria \u015fi metodologia instruirii; teorii ale \u00eenv\u0103\u0163\u0103rii pe tot parcursul vie\u0163ii.<\/p>\n<p><strong><em>Particip\u0103ri la proiecte \u015ftiin\u0163ifice na\u0163ionale \u015fi interna\u0163ionale:<\/em><\/strong><\/p>\n<ul>\n<li>2017-2019 membru \u00een proiectul \u201eDezvoltarea sistemelor informatice inteligente orientate pe familii de probleme decizionale cu aplicare \u00een educa\u0163ie \u015fi cercetare\u201d din cadrul direc\u0163iei strategice 50.07\u201eMateriale, tehnologii \u015fi produse inovative\u201d.<\/li>\n<li>2007-2008 reprezentantul USM \u00een cadrul proiectului European TEMPUS \u201eAccesul la Universitate pentru persoane cu disabilit\u0103\u0163i de vedere\u201d implementat de Societatea orbilor \u015fi slab v\u0103z\u0103torilor din Republica Moldova, Universitatea Karlsruhe din Germania, Universitatea Comenius din Slovacia.<\/li>\n<\/ul>\n<p><strong>Lucr\u0103ri \u0219tiin\u021bifice:<\/strong><\/p>\n<ul>\n<li><strong>ARTICOLE \u00ceN REVISTE DE CIRCULA\u0162IE NA\u0162IONAL\u0102 \u0218I INTERNA\u021aIONAL\u0102<\/strong><\/li>\n<\/ul>\n<ol>\n<li>CRISTEI M., CRU\u015eCOVA C.\u00a0<em>Sistem de instruire asistat de calculator la disciplina \u201cInteligen\u0163a Artificial\u0103\u201d.<\/em>\u00a0\u00cen: Analele \u015ftiin\u0163ifice ale Universit\u0103\u0163ii de Stat din Moldova, Seria \u201c\u015etiin\u0163e naturale\u201d. Chi\u015fin\u0103u: CEP USM, 2005, p. 91-94. ISSN 1814-3237 (0,3 c.a.)<\/li>\n<li>CRISTEI M., MARIN Gh.\u00a0<em>Developing computer teaching system for C# programing language<\/em>. \u00cen: Proceedings of the \u201cDoctoral IntensiveSummer School on Evolutionary Computing in Optimisation and Data Mining (ECODAM)\u201c. Editura universit\u0103\u0163ii \u201cAlexandru Ioan Cuza\u201c Ia\u015fi: 2012, p.19-22. ISBN 978-973-703-851-7 (0,27 c.a.)<\/li>\n<li>CRISTEI M.\u00a0<em>Sistemele software de instruire: sens \u015fi necesitate<\/em>. \u00cen: Revist\u0103 \u015ftiin\u0163ific\u0103 ACTA ET COMMENTATIONES, nr.1 (8), Universitatea de Stat din Tiraspol. Chi\u015fin\u0103u: 2016. p.98-105. ISSN 1857-0623 (0,47 c.a.)<\/li>\n<li>CRISTEI M.\u00a0<em>Eficien\u0163a utiliz\u0103rii noilor tehnologii computerizate \u00een formarea \u015fi dezvoltarea competen\u0163elor profesionale<\/em>. \u00cen: Revista de \u015etiin\u0163e Socioumane, nr. 2(33), Universitatea Pedagogic\u0103 de Stat ,,Ion Creang\u0103\u201d din Chi\u015fin\u0103u. Chi\u0219in\u0103u: 2016. p.83-91. ISSN 1857-0119 (0,75 c.a.)<\/li>\n<li>CRISTEI M.\u00a0<em>Sistemele software de instruire ca suport indispensabil \u00een formarea \u0219i dezvoltarea competen\u021belor profesionale\u00a0<\/em>(Preliminarii pentru un studiu calitativ elaborat). \u00cen: Revista \u015ftiin\u0163ific\u0103 &#8211; Studia Universitatis, Seria \u201c\u0218tiin\u021be ale educa\u021biei\u201d, nr.5(95), Universitatea de Stat din Moldova. Chi\u0219in\u0103u: 2016, p.155-161. ISSN 1857-2103 (0,57 c.a.).<\/li>\n<li>CRISTEI M.\u00a0<em>Motiva\u021bia \u2013 element esen\u021bial \u00een formarea competen\u021belor profesionale.<\/em>\u00a0\u00cen: Revista \u015ftiin\u0163ific\u0103 &#8211; Studia Universitatis, Seria \u201c\u0218tiin\u021be ale educa\u021biei\u201d, nr.5(105). Chi\u0219in\u0103u: CEP USM, 2017. p.45-51. ISSN 1857-2103 (0,46 c.a.).<\/li>\n<li>CRISTEI M.\u00a0<em>Mijloace didactice digitale de concep\u021bie proprie \u2013 surs\u0103 important\u0103 \u00een dinamica progresului academic al studen\u0163ilor<\/em><strong>.\u00a0<\/strong>\u00cen: Revist\u0103 \u015ftiin\u0163ific\u0103 ACTA ET COMMENTATIONES, nr.1 (10), Universitatea de Stat din Tiraspol. Chi\u015fin\u0103u: 2017. p. 114-124. ISSN 1857-0623 (0,65 c.a.)<\/li>\n<li>CRISTEI M.\u00a0<em>Programarea aplica\u0163iilor grafice prin implementarea algoritmilor inteligen\u0163i.<\/em>\u00a0\u00cen: Revista \u015ftiin\u0163ific\u0103 &#8211; Studia Universitatis, Seria \u201c\u0218tiin\u021be exacte \u015fi economice\u201d, nr.2(102). Chi\u0219in\u0103u: CEP USM, 2017. p. 37-42. ISSN 1857-2073 (0,57c.a.).<\/li>\n<li>CRISTEI M., MARIN Gh., STELEA V.\u00a0<em>Prezicerea performan\u021belor studen\u021bilor folosind \u00eenv\u0103\u021barea automat\u0103 (machine learning).<\/em>\u00a0\u00cen: Revista \u015ftiin\u0163ific\u0103 &#8211; Studia Universitatis, Seria \u201c\u0218tiin\u021be exacte \u015fi economice\u201d, nr.2(102). Chi\u0219in\u0103u: CEP USM, 2017. p.43-49. ISSN 1857-2073 (0,53 c.a.).<\/li>\n<li>CRISTEI M.\u00a0<em>Procesarea imaginilor digitale cu implementarea algoritmilor \u00eenv\u0103\u0163\u0103rii nesupervizate.<\/em>\u00a0\u00cen: Revista \u015ftiin\u0163ific\u0103 &#8211; Studia Universitatis, Seria \u201c\u0218tiin\u021be exacte \u015fi economice\u201d, nr.2(102). Chi\u0219in\u0103u: CEP USM, 2018. p.43-49. ISSN 1857-2073 (0,69 c.a.).<\/li>\n<\/ol>\n<ul>\n<li><strong>MATERIALE \u00ceN LUCR\u0102RILE CONFERIN\u0162ELOR \u015eTIIN\u0162IFICE NA\u0162IONALE \u015eI CU PARTICIPARE INTERNA\u0162IONAL\u0102<\/strong><\/li>\n<\/ul>\n<ol start=\"11\">\n<li>C\u0102P\u0102\u0162\u00c2N\u0102 Gh., CRISTEI M.\u00a0<em>Elaborarea unor produse informatice inteligente didactice<\/em>. \u00cen: Materialele conferin\u0163ei \u015ftiin\u0163ifice interna\u021bionale BIT+ International conference: Information Technologies 2002. 10-12 april 2002. Chi\u015fin\u0103u: 2002.<\/li>\n<li>CRISTEI M.\u00a0<em>Elaborarea unui sistem de instruire computerizat la disciplina Inteligen\u0163a Artificial\u0103.<\/em>\u00a0\u00cen: Materialele conferin\u0163ei corpului didactico-\u015ftiin\u0163ific \u201cBilan\u0163ul activit\u0103\u0163ii \u015ftiin\u0163ifice a USM \u00een anii 2000-2002\u201d 30 septembrie-6 octombrie 2003, Rezumatele comunic\u0103rilor. \u015etiin\u0163e fizico-matematice. Chi\u015fin\u0103u: CEP USM, 2003, p. 198-199 ISBN 9975-70-265-1 (0,13 c.a.).<\/li>\n<li>CRISTEI M., MARIN Gh.\u00a0<em>Elaborarea unui sistem de instruire computerizat la disciplina Programarea Logic\u0103<\/em>. \u00cen: Materialele conferin\u0163ei corpului didactico-\u015ftiin\u0163ific \u201cBilan\u0163ul activit\u0103\u0163ii \u015ftiin\u0163ifice a USM \u00een anii 2000-2002\u201d 30 septembrie-6 octombrie 2003, Rezumatele comunic\u0103rilor. \u015etiin\u0163e fizico-matematice. Chi\u015fin\u0103u: CEP USM, 2003, p. 192-193 ISBN 9975-70-265-1 (0,1 c.a.).<\/li>\n<li>CAZACU O., CRISTEI M.<strong>\u00a0<\/strong><em>Sisteme de instruire asistate de calculator la disciplina Inteligen\u0163a Artificial\u0103<\/em>. \u00cen: Materialele conferin\u0163ei \u015ftiin\u0163ifice studen\u0163e\u0219ti. 20-27 aprilie 2005. Rezumatele comunic\u0103rilor. Chi\u015fin\u0103u: CEP USM, 2005, p. 139 ISBN 9975-70-537-5 (0,19 c.a.).<\/li>\n<li>CRISTEI M.\u00a0<em>Sistem de instruire asistat de calculator la disciplina \u201cInteligen\u0163a Artificial\u0103\u201d<\/em>. \u00cen: Materialele conferin\u0163ei \u015ftiin\u0163ifice interna\u0163ionale \u201c \u00cenv\u0103\u0163\u0103m\u00e2ntul superior \u015fi cercetarea &#8211; piloni ai societ\u0103\u0163ii bazate pe cunoa\u015ftere \u201d, 28 septembrie 2006. \u015etiin\u0163e reale. Chi\u015fin\u0103u: CEP USM, 2006, p. 79-80. ISBN 978-9975-70-670-4 (0,13 c.a.).<\/li>\n<li>CRISTEI M., C\u0102P\u0102\u0162\u00c2N\u0102 Gh.\u00a0<em>Elaborarea Sistemelor de Instruire la Distan\u0163\u0103 utiliz\u00e2nd tehnologiile WEB<\/em>. \u00cen: Materialele conferin\u0163ei \u015ftiin\u0163ifice a masteranzilor \u015fi doctoranzilor \u201cCercetare \u015fi Inovare \u2013 Perspective de Evolu\u0163ie \u015fi Integrare European\u0103\u201d, 23 septembrie 2009. \u015etiin\u0163e reale \u015fi exacte. Chi\u015fin\u0103u: CEP USM, 2009, p. 132-133. ISBN 978-9975-70- 863-0 (0,11 c.a.)<\/li>\n<li>CRISTEI M.\u00a0<em>Methodological aspects of computer-based teaching<\/em>. \u00cen: Materialele conferin\u0163ei \u015ftiin\u0163ifice interna\u021bionale \u201eMatematics&amp;Information tehnologies: Research and education (MITRE-2011), 22-25 august 2011. Informatics. Chi\u015fin\u0103u: CEP USM, 2011. p.137-138. ISBN 978-9975-71-144-9 (0,15 c.a.)<\/li>\n<li>CRISTEI M.\u00a0<em>Elaborarea sistemului computerizat de instruire la disciplina Inteligen\u0163a Artificial\u0103<\/em>. \u00cen: Materialele conferin\u0163ei \u015ftiin\u0163ifice interna\u021bionale \u201eMatematics&amp;Information tehnologies: Research and education (MITRE-2011)\u201d, 22-25 august 2011. Didactics. Chi\u015fin\u0103u: CEP USM, 2011. p.172-173. ISBN 978-9975-71-144-9 (0,13 c.a.)<\/li>\n<li>\u041a\u0420\u0418\u0421\u0422\u0415\u0419 \u041c.\u00a0<em>\u0420\u0430\u0437\u0440\u0430\u0431\u043e\u0442\u043a\u0430 \u0438 \u043f\u0440\u0438\u043c\u0435\u043d\u0435\u043d\u0438\u0435 \u043a\u043e\u043c\u043f\u044c\u044e\u0442\u0435\u0440\u043d\u044b\u0445 \u043e\u0431\u0443\u0447\u0430\u044e\u0449\u0438\u0445 \u0441\u0438\u0441\u0442\u0435\u043c<\/em>. \u00cen: Materialele conferin\u0163ei \u015ftiin\u0163ifice cu participare interna\u0163ional\u0103 \u201cCre\u015fterea impactului cercet\u0103rii \u015fi dezvoltarea capacit\u0103\u0163ii de inovare\u201c, 21-22 septembrie 2011. \u015etiin\u0163e sociale. Volum II. Chi\u015fin\u0103u: CEP USM, 2011, p. 62-65. ISBN 978-9975-71-151-7 (0,25 c.a.)<\/li>\n<li>CRISTEI \u00a0M.\u00a0<em>Developing computer teaching system.<\/em>\u00a0\u00cen: Materialele conferin\u0163ei \u015ftiin\u0163ifice \u201dCAIM XX &#8211; Conference on Applied and Industrial Mathematics\u201d, 22-25 august. Rezumatele comunic\u0103rilor. Chi\u015fin\u0103u: UST, 2012. p.100-101. ISBN 978-9975-76-090-4 (0,04 c.a.)<\/li>\n<li>CRISTEI M.<strong>\u00a0<\/strong><em>Sistemele computerizate de instruire: implementare \u015fi aplicare<\/em>. \u00cen: Materialele conferin\u0163ei \u015ftiin\u0163ifice cu participare interna\u0163ional\u0103 \u201cInterferen\u0163e universitare-integrare prin cercetare \u015fi inovare\u201c, 25-26 septembrie 2012. Rezumatele comunic\u0103rilor. \u015etiin\u0163e naturale, exacte \u015fi inginere\u015fti. Chi\u015fin\u0103u: CEP USM, 2012, p. 197-198. ISBN 978-9975-71-267-5 (0,26 c.a.)<\/li>\n<li>CRISTEI M., D\u00ceRZU L.<strong>\u00a0<\/strong><em>Implementarea algoritmilor inteligen\u0163ei artificiale \u00een jocuri computa\u0163ionale multiagent<\/em>. \u00cen: Materialele conferin\u0163ei \u015ftiin\u0163ifice cu participare interna\u0163ional\u0103 \u201cIntegrare prin cercetare \u015fi inovare\u201c, 10-11 noiembrie 2014. \u015etiin\u0163e ale naturii \u0219i exacte. Chi\u015fin\u0103u: CEP USM, 2014, p. 140-141. ISBN 978-9975-71-571-3 (0,3 c.a.)<\/li>\n<li>CRISTEI M.\u00a0<em>Acces echitabil la studii de calitate<\/em>. \u00cen: Materialele conferin\u0163ei \u015ftiin\u0163ifico &#8211; practic\u0103 cu participare interna\u0163ional\u0103 \u201eIncluziunea educa\u0163ional\u0103 \u015fi social\u0103 a tinerilor cu dezabilit\u0103\u021bi \u00een \u00eenv\u0103\u0163\u0103m\u00e2ntul superior\u201d. 9 \u2013 10 decembrie 2017. Chi\u0219in\u0103u: 2017, (0,04 c.a.).<\/li>\n<li>CRISTEI M. C\u0102P\u0102T\u00c2N\u0102 Gh.<strong>\u00a0<\/strong><em>Proiectarea cursului universitar \u201dEtica profesional\u0103\u201d.<\/em>\u00a0International conference on mathematics, informatics and information technologies: dedicated to the illustrious scientist Valentin Belousov. MITI 2018. Aprilie 19-20, 2018. B\u0103l\u0163i: Tipografia din B\u0103l\u0163i. p. 195-197. ISBN 978-9975-3214-7-1<\/li>\n<li><span lang=\"EN-US\" xml:lang=\"EN-US\">Conferin\u0163a \u015ftiin\u0163ifico-didactic\u0103 na\u0163ional\u0103 cu participare interna\u0163ional\u0103 edi\u021bia a II-a,\u00a0<em>Probleme actuale ale didacticii \u015ftiin\u0163elor reale<\/em>, consacrat\u0103 anivers\u0103rii a 80-a a profesorului universitar Ilie Lupu. Chi\u015fin\u0103u, 11\u201312 mai, 2018.<\/span><\/li>\n<\/ol>\n<p><strong>Lucr\u0103ri \u0219tiin\u021bifico-metodice \u0219i didactice :<\/strong><\/p>\n<ul>\n<li><strong>SUPORTURI DE CURS<\/strong><\/li>\n<\/ul>\n<ol>\n<li>CRISTEI M., PERETEATCU S., MARIN Gh.\u00a0<em>Grafica 2D pe calculator<\/em>. Chi\u015fin\u0103u: CEP USM, 2019. 185 p.(9,5 c.a.) ISBN 978-9975-149-14-3. CZU 004.92 (0.75.8) G75<\/li>\n<li>CRISTEI M., C\u0102P\u0102T\u00c2N\u0102 Gh., MARIN Gh. Aspecte etice \u00een informatic\u0103. Chi\u015fin\u0103u: CEP USM, 2019. 123 p. (5,3 c.a.), ISBN 978-9975-149-11-2, CZU 17:004(075.8) C87<\/li>\n<\/ol>\n<p><strong>Softuri didactice:<\/strong><\/p>\n<ol>\n<li>manual electronic la disciplina\u00a0<em>\u201eInteligen\u0163a artificial\u0103\u201d<\/em>\u00a0;<\/li>\n<li>manual electronic la disciplina \u201e<em>Sistemul de operare MS-DOS\u201d<\/em>;<\/li>\n<li>manual electronic la disciplina\u00a0<em>\u201eProgramarea Logic\u0103\u201d<\/em>;<\/li>\n<li>dic\u0163ionar electronic roman-englez.<\/li>\n<\/ol>\n<\/div>\n<\/div>\n<\/div>\n<\/div>\n<div class=\"pp_section\">\n<div class=\"pp_label\"><\/div>\n<div class=\"pp_value\">\n<div class=\"field field--name-field-altele field--type-text-long field--label-visually_hidden\">\n<div class=\"field--label sr-only\">Altele<\/div>\n<div class=\"field--item\">\n<p><strong>Tematic\u0103 orientativ\u0103 de cercetare \u00een teze de an\/licen\u021b\u0103\/masterat:<\/strong><\/p>\n<ol>\n<li>Proiectarea jocurilor didactice pe calculator.<\/li>\n<li>Aplica\u021bii ale graficii\u00a0 2D \u0219i 3D pe calculator.<\/li>\n<li>Procesarea imaginilor digitale.<\/li>\n<li>Programarea graficii cu Java.<\/li>\n<li>Programarea graficii cu C# .Net.<\/li>\n<li>Crearea \u015fi animarea obiectelor \u00een 3D Studio Max.<\/li>\n<li>Re\u0163ele neuronale artificiale.<\/li>\n<li>Ma\u0219ini learning.<\/li>\n<li>Tehnologii avansate la elaborarea jocurilor\u00a0 pe calculator.<\/li>\n<li>Implementarea algoritmilor inteligen\u0163ei artificiale \u00een jocurile computa\u0163ionale.<\/li>\n<li>Tehnologii open source pentru portale educa\u0163ionale.<\/li>\n<li>Automatizarea testelor.<\/li>\n<li>Aplica\u0163ii educa\u0163ionale interactive. \u00cenv\u0103\u0163area asistata pe calculator.<\/li>\n<li>Elaborarea produselor software destinate \u00eenv\u0103\u0163\u0103rii asistate de calculator.<\/li>\n<li>Instruirea asistata de calculator la discipline tehnologice<\/li>\n<li>Aplicarea patter-nelor la elaborarea Produselor Software<\/li>\n<li>Modele comportamentale utilizabile \u00een simularea mediilor virtuale.<\/li>\n<li>Modele de sisteme multiagent .<\/li>\n<li>Aplica\u0163ii ale sistemelor multi-agent .<\/li>\n<li>Dirijarea automat\u0103 a referin\u0163elor cu EndNote.<\/li>\n<\/ol>\n<\/div>\n<\/div>\n<\/div>\n<\/div>\n","protected":false},"excerpt":{"rendered":"<p>Maria Cristei-Marin doctor Academic title\/position associate professor Department Computer Science Department Studii Educa\u0163ie \u015fi formare profefsional\u0103: 2001\u00a0 \u2013 2011 \u2013\u00a0 studii prin doctorat la specialitatea \u201eProgramarea calculatoarelor\u201d,\u00a0USM, 2018 sus\u021binerea tezei de doctor . 2000-2001 \u2013 studii prin masterat \u00een Informatic\u0103,\u00a0FMI, USM. 1995-2000 \u2013 studii de licen\u0163\u0103 \u00een Matematic\u0103, Facultatea de Matematic\u0103 \u015fi Informatic\u0103, Universitatea de&hellip; <br \/> <a class=\"read-more\" href=\"https:\/\/fmi.usm.md\/en\/maria-cristei-marin\/\">Read more<\/a><\/p>\n","protected":false},"author":1,"featured_media":0,"parent":0,"menu_order":0,"comment_status":"closed","ping_status":"closed","template":"elementor_theme","meta":{"_seopress_robots_primary_cat":"","_seopress_titles_title":"","_seopress_titles_desc":"","_seopress_robots_index":"","footnotes":""},"class_list":["post-694","page","type-page","status-publish","hentry"],"rttpg_featured_image_url":null,"rttpg_author":{"display_name":"","author_link":"https:\/\/fmi.usm.md\/en\/author\/"},"rttpg_comment":0,"rttpg_category":null,"rttpg_excerpt":"Maria Cristei-Marin doctor Academic title\/position associate professor Department Computer Science Department Studii Educa\u0163ie \u015fi formare profefsional\u0103: 2001\u00a0 \u2013 2011 \u2013\u00a0 studii prin doctorat la specialitatea \u201eProgramarea calculatoarelor\u201d,\u00a0USM, 2018 sus\u021binerea tezei de doctor . 2000-2001 \u2013 studii prin masterat \u00een Informatic\u0103,\u00a0FMI, USM. 1995-2000 \u2013 studii de licen\u0163\u0103 \u00een Matematic\u0103, Facultatea de Matematic\u0103 \u015fi Informatic\u0103, Universitatea de&hellip;&hellip;","_links":{"self":[{"href":"https:\/\/fmi.usm.md\/en\/wp-json\/wp\/v2\/pages\/694","targetHints":{"allow":["GET"]}}],"collection":[{"href":"https:\/\/fmi.usm.md\/en\/wp-json\/wp\/v2\/pages"}],"about":[{"href":"https:\/\/fmi.usm.md\/en\/wp-json\/wp\/v2\/types\/page"}],"author":[{"embeddable":true,"href":"https:\/\/fmi.usm.md\/en\/wp-json\/wp\/v2\/users\/1"}],"replies":[{"embeddable":true,"href":"https:\/\/fmi.usm.md\/en\/wp-json\/wp\/v2\/comments?post=694"}],"version-history":[{"count":1,"href":"https:\/\/fmi.usm.md\/en\/wp-json\/wp\/v2\/pages\/694\/revisions"}],"predecessor-version":[{"id":701,"href":"https:\/\/fmi.usm.md\/en\/wp-json\/wp\/v2\/pages\/694\/revisions\/701"}],"wp:attachment":[{"href":"https:\/\/fmi.usm.md\/en\/wp-json\/wp\/v2\/media?parent=694"}],"curies":[{"name":"wp","href":"https:\/\/api.w.org\/{rel}","templated":true}]}}