{"id":733,"date":"2023-04-20T14:58:33","date_gmt":"2023-04-20T11:58:33","guid":{"rendered":"https:\/\/new.usm.md\/?page_id=733"},"modified":"2025-01-27T18:26:35","modified_gmt":"2025-01-27T15:26:35","slug":"viorel-grigorcea","status":"publish","type":"page","link":"https:\/\/fmi.usm.md\/en\/viorel-grigorcea\/","title":{"rendered":"Viorel Grigorcea"},"content":{"rendered":"<p><img alt=\"\" fetchpriority=\"high\" decoding=\"async\" class=\"alignnone size-medium wp-image-98 aligncenter\" src=\"http:\/\/fmi.usm.md\/wp-content\/uploads\/2023\/04\/Grigorcea-Viorel-259x300.jpg\" alt=\"\" width=\"259\" height=\"300\" \/><\/p>\n<h2 class=\"page-header\" style=\"text-align: center;\">Viorel Grigorcea<\/h2>\n<div class=\"field field--name-field-titlu-didactic field--type-entity-reference field--label-visually_hidden\" style=\"text-align: center;\">\n<div class=\"field--item\">\n<div class=\"field field--name-field-titlu-didactic field--type-entity-reference field--label-visually_hidden\">\n<div class=\"field--item\">\n<div class=\"field field--name-field-titlu-didactic field--type-entity-reference field--label-visually_hidden\">\n<div class=\"field--item\">senior lecturer<\/div>\n<\/div>\n<div class=\"field field--name-field-departament field--type-entity-reference field--label-visually_hidden\">\n<div class=\"field--label sr-only\">Department<\/div>\n<div class=\"field--item\">Computer Science Department<\/div>\n<div style=\"text-align: left;\">\n<div class=\"pp_section\">\n<div class=\"pp_value\">\n<div class=\"field field--name-field-studii field--type-text-long field--label-above\">\n<div class=\"field--label\">Studii<\/div>\n<div class=\"field--item\">\n<ul>\n<li>1991-1996\u00a0<span lang=\"RO\" xml:lang=\"RO\">\u2013<\/span>\u00a0Licen\u021b\u0103, U.S.M.,\u00a0Facultatea de Matematic\u0103\u00a0\u0219i Cibernetic\u0103, Specialitatea Matematic\u0103\u00a0aplicat\u0103<\/li>\n<li>1996-1999\u00a0<span lang=\"RO\" xml:lang=\"RO\">\u2013<\/span>\u00a0Doctorat,\u00a0Institutul de Matematic\u0103\u00a0\u0219i Informatic\u0103\u00a0al A\u0218RM,\u00a0Specialitatea 05.13.11- Programarea Calculatoarelor<\/li>\n<\/ul>\n<\/div>\n<\/div>\n<\/div>\n<\/div>\n<div class=\"pp_section\">\n<div class=\"pp_label\"><\/div>\n<div class=\"pp_value\">\n<div class=\"field field--name-field-experienta-profesionala field--type-text-long field--label-above\">\n<div class=\"field--label\">Experien\u021ba profesional\u0103<\/div>\n<div class=\"field--item\">\n<ul>\n<li><span lang=\"RO\" xml:lang=\"RO\">1995-1996 \u2013 Inginer programator la Centrul Na\u0163ional de Epidemiologie al RM, or.Chi\u015fin\u0103u.<\/span><\/li>\n<li><span lang=\"RO\" xml:lang=\"RO\">1997-1999 \u2013 Lector universitar prin cumul la Catedra Informatic\u0103 \u015fi Tehnologii de Programare,\u00a0USM, Chihin\u0103u.<\/span><\/li>\n<li><span lang=\"RO\" xml:lang=\"RO\">2000-2001 \u2013 Lector universitar prin concurs la Catedra Informatic\u0103 \u015fi Tehnologii de Programare,\u00a0USM, Chihin\u0103u.<\/span><\/li>\n<li><span lang=\"RO\" xml:lang=\"RO\">2002-prezent \u2013 Lector superior universitar prin concurs la Departamentul de Informatic\u0103,\u00a0USM, Chihin\u0103u.<\/span><\/li>\n<li><span lang=\"RO\" xml:lang=\"RO\">2002-prezent \u2013 Prodecan al\u00a0Facult\u0103\u021bii\u00a0de Matematic\u0103 \u015fi Informatic\u0103,\u00a0USM, Chihin\u0103u.<\/span><\/li>\n<\/ul>\n<\/div>\n<\/div>\n<\/div>\n<\/div>\n<div class=\"pp_section\">\n<div class=\"pp_label\"><\/div>\n<div class=\"pp_value\">\n<div class=\"field field--name-field-activitatea-didactica field--type-text-long field--label-above\">\n<div class=\"field--label\">Activitatea didactic\u0103<\/div>\n<div class=\"field--item\">\n<p>Cursuri predate:<\/p>\n<ul>\n<li><span lang=\"RO\" xml:lang=\"RO\">Inteligen\u0163\u0103 artificial\u0103<\/span><\/li>\n<li><span lang=\"RO\" xml:lang=\"RO\">Programare logic\u0103<\/span><\/li>\n<li><span lang=\"RO\" xml:lang=\"RO\">Programare func\u0163ional\u0103<\/span><\/li>\n<li><span lang=\"RO\" xml:lang=\"RO\">Programare orientat\u0103 pe obiecte<\/span><\/li>\n<li><span lang=\"RO\" xml:lang=\"RO\">Fundamentele program\u0103rii<\/span><\/li>\n<li><span lang=\"RO\" xml:lang=\"RO\">Tehnici de programare<\/span><\/li>\n<li><span lang=\"RO\" xml:lang=\"RO\">Arhitectura calculatoarelor<\/span><\/li>\n<li><span lang=\"RO\" xml:lang=\"RO\">Sisteme de operare<\/span><\/li>\n<li><span lang=\"RO\" xml:lang=\"RO\">Sisteme expert<\/span><\/li>\n<\/ul>\n<\/div>\n<\/div>\n<\/div>\n<\/div>\n<div class=\"pp_section\">\n<div class=\"pp_label\"><\/div>\n<div class=\"pp_value\">\n<div class=\"field field--name-field-activitatea-stiintifica field--type-text-long field--label-above\">\n<div class=\"field--label\">Activitatea \u0219tiin\u021bific\u0103<\/div>\n<div class=\"field--item\">\n<ul>\n<li><span lang=\"RO\" xml:lang=\"RO\">1996-1999 \u2013 Doctorand,\u00a0Specialitatea 05.13.11- Programarea Calculatoarelor, Institutul de Matematic\u0103 \u015fi Informatic\u0103 al A\u015eRM.<\/span><\/li>\n<li><span lang=\"RO\" xml:lang=\"RO\">1996-1997 \u2013 Colaborator \u015ftiin\u0163ific inferior prin cumul, Sec\u0163ia Sisteme ale Inteligen\u0163ei Artificiale, Institutul de Matematic\u0103 \u015fi Informatic\u0103 al A\u015eRM.<\/span><\/li>\n<li>2001-prezent \u2013 Colaborator \u015ftiin\u0163ific stagiar \u00een cadrul proiectului institu\u0163ional \u201eCercetarea \u015fi elaborarea aspectelor teoretice \u015fi practice ale tehnologiilor moderne de programare\u201d.<\/li>\n<\/ul>\n<h4>Publica\u021bii:<\/h4>\n<ol>\n<li>Grigorcea V. Proiectarea bazelor de date rela\u0163ionale \u00een mediul Turbo-Prolog.\u00a0Conferin\u0163a \u015ftiin\u0163ific\u0103 studen\u0163easc\u0103 dedicat\u0103 jubileului de 50 ani de la fondarea USM, Moldova, Chi\u015fin\u0103u, 24-26 aprilie 1996, pag. 30.<\/li>\n<li>Grigorcea V., Pecerschi Iu.\u00a0\u0410\u043b\u0433\u043e\u0440\u0438\u0442\u043c\u0438\u0447\u0435\u0441\u043a\u0438\u0435 \u0442\u0440\u0443\u0434\u043d\u043e\u0441\u0442\u0438 \u0432\u044b\u044f\u0432\u043b\u0435\u043d\u0438\u044f \u0441\u0445\u043e\u0434\u0441\u0442\u0432\u0430 \u043c\u0435\u0436\u0434\u0443 \u043e\u0431\u044a\u0435\u043a\u0442\u0430\u043c\u0438.\u00a0Conferin\u0163a \u015ftiin\u0163ific\u0103 interna\u0163ional\u0103 a tinerilor savan\u0163i, Institutul de Matematic\u0103 \u015fi\u00a0 Informatic\u0103 al Academiei de \u015etiin\u0163e din Republica Moldova, Chi\u015fin\u0103u, 25-26 august,\u00a01998, pag. 55-56.<\/li>\n<li>Grigorcea V., Pecerschi Iu.\u00a0\u041f\u043e\u0438\u0441\u043a \u0430\u043d\u0430\u043b\u043e\u0433\u0438\u0438 \u0434\u043b\u044f \u043e\u0431\u044a\u0435\u043a\u0442\u043e\u0432 \u0441 \u0440\u0430\u0437\u043d\u043e\u0441\u043e\u0440\u0442\u043d\u044b\u043c\u0438 \u043f\u0440\u0438\u0437\u043d\u0430\u043a\u0430\u043c\u0438.\u00a0Conferin\u0163a \u015ftiin\u0163ific\u0103 interna\u0163ional\u0103 a tinerilor savan\u0163i, Institutul de Matematic\u0103 \u015fi Informatic\u0103 al Academiei de \u015etiin\u0163e din Republica Moldova, Chi\u015fin\u0103u, 25-26 august, 1998, pag. 57-59.<\/li>\n<li>Grigorcea V., Pecerschi Iu.\u00a0O abordare a model\u0103rii ra\u0163ionamentelor\u00a0dup\u0103 analogie. Conferin\u0163a\u00a0corpului didactico-\u015ftiin\u0163ific &#8220;Bilan\u0163ul activit\u0103\u0163ii \u015ftiin\u0163ifice a USM pe anii 1996\/97&#8221;,\u00a0<span lang=\"RO\" xml:lang=\"RO\">30 septembrie \u2013 5 octombrie, 1998, pag. 59.<\/span><\/li>\n<li>Grigorcea V.\u00a0<span lang=\"RU\" xml:lang=\"RU\">\u0410\u043b\u0433\u043e\u0440\u0438\u0442\u043c \u0443\u043f\u0440\u043e\u0449\u0435\u043d\u0438\u044f \u043f\u0440\u0438\u0437\u043d\u0430\u043a\u043e\u0432\u043e\u0439 \u043c\u043e\u0434\u0435\u043b\u0438 \u043f\u0440\u0435\u0434\u043c\u0435\u0442\u043d\u043e\u0439 \u043e\u0431\u043b\u0430\u0441\u0442\u0438. Conferin\u0163a corpului didactico-\u015ftiin\u0163ific &#8220;Bilan\u0163ul activit\u0103\u0163ii \u015ftiin\u0163ifice a USM pe anii 1998\/99&#8221;,\u00a0<\/span><span lang=\"RO\" xml:lang=\"RO\">27 septembrie \u2013 2 octombrie, 2000, pag. 111-112.<\/span><\/li>\n<li>Grigorcea V.\u00a0The algorithm of minimizing of the attributive model of formalizing. First Conference of the Mathematical Society of the Republic of Moldova, Chi\u015fin\u0103u,\u00a0<span lang=\"RU\" xml:lang=\"RU\">16-18 august, 2001, page 66-68.<\/span><\/li>\n<li>Grigorcea V.\u00a0\u041a \u043f\u0440\u043e\u0431\u043b\u0435\u043c\u0435 \u043c\u043e\u0434\u0435\u043b\u0438\u0440\u043e\u0432\u0430\u043d\u0438\u044f \u0440\u0430\u0441\u0441\u0443\u0436\u0434\u0435\u043d\u0438\u0439 \u043f\u043e \u0430\u043d\u0430\u043b\u043e\u0433\u0438\u0438 \u0438 \u043d\u0430 \u043e\u0441\u043d\u043e\u0432\u0435 \u043f\u0440\u0435\u0446\u0435\u0434\u0435\u043d\u0442\u043e\u0432 \u0432 \u0441\u0438\u0441\u0442\u0435\u043c\u0430\u0445 \u0438\u0441\u043a\u0443\u0441\u0441\u0442\u0432\u0435\u043d\u043d\u043e\u0433\u043e \u0438\u043d\u0442\u0435\u043b\u043b\u0435\u043a\u0442\u0430.\u00a0Depunere a manuscrisului, nr.1860 \u2013 M2002\u00a0la Institutul Na\u0163ional de Economie \u015fi Informa\u0163ie, 28 mai 2002.<\/li>\n<li>Grigorcea V.\u00a0O metod\u0103 de calculare a ponderilor atributelor ce descriu domeniul de aplica\u0163ie. Conferin\u0163a corpului didactico-\u015ftiin\u0163ific &#8220;Bilan\u0163ul activit\u0103\u0163ii \u015ftiin\u0163ifice a USM pe anii 2000\/2002&#8221;,\u00a0<span lang=\"RO\" xml:lang=\"RO\">30 septembrie \u2013\u00a0<\/span>6 octombrie, 2003, pag. 210-211.<\/li>\n<li>Grigorcea V.\u00a0Raport \u015ftiin\u0163ific asupra activit\u0103\u0163ii de cercetare \u00een cadrul proiectului institu\u0163ional \u201dCercetarea \u015fi elaborarea aspectelor teoretice \u015fi practice ale tehnologiilor moderne de programare\u201d, Cap.II.,\u00a0Chi\u015fin\u0103u, 2002, pag.23-50.<\/li>\n<li>L\u00e2s\u00e2i S., Sturza G., Grigorcea V.\u00a0Introducere \u00een programarea logic\u0103. Ciclu de prelegeri.\u00a0Centrul Editorial al USM, Chi\u015fin\u0103u, 2003.<\/li>\n<li>Grigorcea V.\u00a0Metode de luare a deciziilor pe baza precedentelor.\u00a0Conferin\u0163a \u015etiin\u0163ific\u0103 Interna\u0163ional\u0103 \u00een memoria prof.univ. V.A.Zolotarevschi \u201dEcua\u0163ii Integrale \u015fi Modelarea Problemelor Aplicative\u201d, Moldova, Chi\u015fin\u0103u, 20-25 iunie, 2005, p.293-296.<\/li>\n<li>Grigorcea V.\u00a0The application of generic objects in modelling of the case based reasoning.\u00a0Conference Mathematics &amp; Information Technologies: Research and Education (MITRE-2008), Chi\u015fin\u0103u, October 1-4, 2008, Abstracts, page 58-59.<\/li>\n<li>Grigorcea V.\u00a0A method of realization of case based reasoning.\u00a0Conference Mathematics &amp; Information Technologies: Research and Education (MITRE-2011), Chi\u015fin\u0103u, August 22-25, 2011, Abstracts, page 139-140.<\/li>\n<li>A.Topal\u0103, I.Spinei, V.Grigorcea, \u201dStudiu de evaluare a rezultatelor \u0219colare \/ competen\u021belor de baz\u0103 ale absolven\u021bilor \u00eenv\u0103\u021b\u0103m\u00e2ntului primar \u0219i gimnazial, anul de studii 2014-2015, la Matematic\u0103, Limba rom\u00e2n\u0103 \u0219i Limba rus\u0103\u201d. Agen\u021bia Na\u021bional\u0103 pentru Curriculum \u0219i Evaluare, Chi\u0219in\u0103u, 2016, 347 p.<\/li>\n<li>A.Topal\u0103, I.Spinei, V.Grigorcea, \u201dStudiu de evaluare a rezultatelor \u0219colare \/ competen\u021belor de baz\u0103 ale absolven\u021bilor \u00eenv\u0103\u021b\u0103m\u00e2ntului primar \u0219i gimnazial, anul de studii 2015-2016, la Matematic\u0103, Limba rom\u00e2n\u0103 \u0219i Limba rus\u0103\u201d. Agen\u021bia Na\u021bional\u0103 pentru Curriculum \u0219i Evaluare, Chi\u0219in\u0103u, 2017, 324 p.<\/li>\n<\/ol>\n<\/div>\n<\/div>\n<\/div>\n<\/div>\n<\/div>\n<\/div>\n<\/div>\n<\/div>\n<\/div>\n<\/div>\n","protected":false},"excerpt":{"rendered":"<p>Viorel Grigorcea senior lecturer Department Computer Science Department Studii 1991-1996\u00a0\u2013\u00a0Licen\u021b\u0103, U.S.M.,\u00a0Facultatea de Matematic\u0103\u00a0\u0219i Cibernetic\u0103, Specialitatea Matematic\u0103\u00a0aplicat\u0103 1996-1999\u00a0\u2013\u00a0Doctorat,\u00a0Institutul de Matematic\u0103\u00a0\u0219i Informatic\u0103\u00a0al A\u0218RM,\u00a0Specialitatea 05.13.11- Programarea Calculatoarelor Experien\u021ba profesional\u0103 1995-1996 \u2013 Inginer programator la Centrul Na\u0163ional de Epidemiologie al RM, or.Chi\u015fin\u0103u. 1997-1999 \u2013 Lector universitar prin cumul la Catedra Informatic\u0103 \u015fi Tehnologii de Programare,\u00a0USM, Chihin\u0103u. 2000-2001 \u2013 Lector&hellip; <br \/> <a class=\"read-more\" href=\"https:\/\/fmi.usm.md\/en\/viorel-grigorcea\/\">Read more<\/a><\/p>\n","protected":false},"author":1,"featured_media":0,"parent":0,"menu_order":0,"comment_status":"closed","ping_status":"closed","template":"elementor_theme","meta":{"_seopress_robots_primary_cat":"","_seopress_titles_title":"","_seopress_titles_desc":"","_seopress_robots_index":"","footnotes":""},"class_list":["post-733","page","type-page","status-publish","hentry"],"rttpg_featured_image_url":null,"rttpg_author":{"display_name":"","author_link":"https:\/\/fmi.usm.md\/en\/author\/"},"rttpg_comment":0,"rttpg_category":null,"rttpg_excerpt":"Viorel Grigorcea senior lecturer Department Computer Science Department Studii 1991-1996\u00a0\u2013\u00a0Licen\u021b\u0103, U.S.M.,\u00a0Facultatea de Matematic\u0103\u00a0\u0219i Cibernetic\u0103, Specialitatea Matematic\u0103\u00a0aplicat\u0103 1996-1999\u00a0\u2013\u00a0Doctorat,\u00a0Institutul de Matematic\u0103\u00a0\u0219i Informatic\u0103\u00a0al A\u0218RM,\u00a0Specialitatea 05.13.11- Programarea Calculatoarelor Experien\u021ba profesional\u0103 1995-1996 \u2013 Inginer programator la Centrul Na\u0163ional de Epidemiologie al RM, or.Chi\u015fin\u0103u. 1997-1999 \u2013 Lector universitar prin cumul la Catedra Informatic\u0103 \u015fi Tehnologii de Programare,\u00a0USM, Chihin\u0103u. 2000-2001 \u2013 Lector&hellip;&hellip;","_links":{"self":[{"href":"https:\/\/fmi.usm.md\/en\/wp-json\/wp\/v2\/pages\/733","targetHints":{"allow":["GET"]}}],"collection":[{"href":"https:\/\/fmi.usm.md\/en\/wp-json\/wp\/v2\/pages"}],"about":[{"href":"https:\/\/fmi.usm.md\/en\/wp-json\/wp\/v2\/types\/page"}],"author":[{"embeddable":true,"href":"https:\/\/fmi.usm.md\/en\/wp-json\/wp\/v2\/users\/1"}],"replies":[{"embeddable":true,"href":"https:\/\/fmi.usm.md\/en\/wp-json\/wp\/v2\/comments?post=733"}],"version-history":[{"count":2,"href":"https:\/\/fmi.usm.md\/en\/wp-json\/wp\/v2\/pages\/733\/revisions"}],"predecessor-version":[{"id":738,"href":"https:\/\/fmi.usm.md\/en\/wp-json\/wp\/v2\/pages\/733\/revisions\/738"}],"wp:attachment":[{"href":"https:\/\/fmi.usm.md\/en\/wp-json\/wp\/v2\/media?parent=733"}],"curies":[{"name":"wp","href":"https:\/\/api.w.org\/{rel}","templated":true}]}}