{"id":790,"date":"2023-04-20T15:31:30","date_gmt":"2023-04-20T12:31:30","guid":{"rendered":"https:\/\/new.usm.md\/?page_id=790"},"modified":"2025-01-27T18:26:35","modified_gmt":"2025-01-27T15:26:35","slug":"ungureanu-valeriu","status":"publish","type":"page","link":"https:\/\/fmi.usm.md\/en\/ungureanu-valeriu\/","title":{"rendered":"Ungureanu Valeriu"},"content":{"rendered":"<p><img alt=\"\" fetchpriority=\"high\" decoding=\"async\" class=\"alignnone size-medium wp-image-99 aligncenter\" src=\"http:\/\/fmi.usm.md\/wp-content\/uploads\/2023\/04\/VU-227x300.jpg\" alt=\"\" width=\"227\" height=\"300\" \/><\/p>\n<h2 class=\"page-header\" style=\"text-align: center;\">Ungureanu Valeriu<\/h2>\n<div class=\"pp_first\">\n<div class=\"pp_information\">\n<div class=\"field field--name-field-grad-stiintific field--type-entity-reference field--label-visually_hidden\" style=\"text-align: center;\">\n<div class=\"field--item\">\n<div class=\"field field--name-field-grad-stiintific field--type-entity-reference field--label-visually_hidden\">\n<div class=\"field--item\">doctor<\/div>\n<\/div>\n<div class=\"field field--name-field-titlu-didactic field--type-entity-reference field--label-visually_hidden\">\n<div class=\"field--label sr-only\">Academic title\/position<\/div>\n<div class=\"field--item\">associate professor<\/div>\n<\/div>\n<div class=\"field field--name-field-departament field--type-entity-reference field--label-visually_hidden\">\n<div class=\"field--label sr-only\">Department<\/div>\n<div class=\"field--item\">Computer Science Department<\/div>\n<\/div>\n<\/div>\n<\/div>\n<\/div>\n<\/div>\n<div class=\"pp_section\">\n<div class=\"pp_label\"><\/div>\n<div class=\"pp_value\">\n<div class=\"field field--name-field-studii field--type-text-long field--label-above\">\n<div class=\"field--label\">Studii<\/div>\n<div class=\"field--item\">\n<p>&nbsp;<\/p>\n<ul>\n<li>1992, doctor \u00een \u0219tiin\u021be\u00a0(Cibernetic\u0103 Matematic\u0103), Institutul de\u00a0Matematic\u0103 al Academiei de \u0218tiin\u021be a Republicii\u00a0Belarus, Minsk,\u00a0 Certificat al\u00a0Comisiei Superioare al Consiliului de\u00a0Mini\u0219tri al URSS,\u00a0<em>Teza\u00a0\u201cAlgoritmi de Optimizare Baza\u021bi pe Propriet\u0103\u021bi de Incluziune a Mul\u021bimilor Poliedrale\u201d<\/em>;<\/li>\n<li>1988-1991, doctorat, Institutul de Matematic\u0103\u00a0\u0219i Informatic\u0103, Academia de \u0218tiin\u021be a Moldovei;<\/li>\n<li>1985-1986, stagiu, Universitatea de Stat M. Lomonosov din Moscova;<\/li>\n<li>1976-1981, Universitatea de Stat din Moldova, Facultatea de Matematic\u0103 \u0219i Cibernetic\u0103, specialitatea matematic\u0103 aplicat\u0103, diplom\u0103 de studii superioare<\/li>\n<\/ul>\n<p>&nbsp;<\/p>\n<\/div>\n<\/div>\n<\/div>\n<\/div>\n<div class=\"pp_section\">\n<div class=\"pp_label\"><\/div>\n<div class=\"pp_value\">\n<div class=\"field field--name-field-experienta-profesionala field--type-text-long field--label-above\">\n<div class=\"field--label\">Experien\u021ba profesional\u0103<\/div>\n<div class=\"field--item\">\n<p>&nbsp;<\/p>\n<ul>\n<li>2021 &#8211; prezent, decan al\u00a0Facult\u0103\u021bii de\u00a0Matematic\u0103 \u0219i Informatic\u0103,\u00a0Universitatea de Stat din Moldova;<\/li>\n<li>2021, \u0219ef al Laboratorului de Inteligen\u021b\u0103 Artificial\u0103 \u0219i Realitatea Virtual\u0103 &amp; Augmentat\u0103, USM;<\/li>\n<li>2018-2021, \u0219ef al Departamentului de Informatic\u0103, Facultatea de Matematic\u0103 \u0219i Informatic\u0103, USM;<\/li>\n<li>2016 &#8211;\u00a0prezent, conferen\u021biar universitar,\u00a0Departamentul de Informatic\u0103, USM;<\/li>\n<li>2016 &#8211; prezent, \u0219ef al Centrului\u00a0Wolfram Moldova, USM;<\/li>\n<li>2015-2016, conferen\u021biar universitar,\u00a0Departamentul de\u00a0Matematic\u0103, USM;<\/li>\n<li>2000-2015, conferen\u021biar universitar, Departamentul de\u00a0Matematic\u0103 Aplicat\u0103, USM;<\/li>\n<li>2001-2002, prodecan al\u00a0Facult\u0103\u021bii de\u00a0Matematic\u0103 \u0219i Informatic\u0103, USM;<\/li>\n<li>1999-2000, \u0219ef al Departamentului de \u0218tiin\u021be Fizice, Matematice \u0219i Tehnice al Comisiei Superioare de Atestare a Republicii Moldova;<\/li>\n<li>1994-1999, colaborator \u0219tiin\u021bific superior,\u00a0Institutul de\u00a0Matematic\u0103,\u00a0Moldavian Academy of Sciences;<\/li>\n<li>1991-1999, lector\u00a0universitar\u00a0(cumul extern), Academia de Studii Economice din Moldova;<\/li>\n<li>1988-1991, doctorat prin coresponden\u021b\u0103, Institutul de Matematic\u0103 cu Centru de Calcul, Academia de \u0218tiin\u021be a Moldovei;<\/li>\n<li>1986-1994, colaborator \u0219tiin\u021bific inferior, Institutul de\u00a0Matematic\u0103 \u0219i Informatic\u0103, Academia de \u0218tiin\u021be a Moldovei;<\/li>\n<li>1985-1986, stagiu, Universitatea de Stat\u00a0M.\u00a0Lomonosov din Moscova;<\/li>\n<li>1982-1985, inginer-programator superior, Institutul de Matematic\u0103, Academia de \u0218tiin\u021be a Moldovei;<\/li>\n<li>1981-1982, inginer-programator, Institutul de Matematic\u0103, Academia de \u0218tiin\u021be a Moldovei;<\/li>\n<\/ul>\n<p>&nbsp;<\/p>\n<\/div>\n<\/div>\n<\/div>\n<\/div>\n<div class=\"pp_section\">\n<div class=\"pp_label\"><\/div>\n<div class=\"pp_value\">\n<div class=\"field field--name-field-activitatea-didactica field--type-text-long field--label-above\">\n<div class=\"field--label\">Activitatea didactic\u0103<\/div>\n<div class=\"field--item\">\n<p>&nbsp;<\/p>\n<p><strong><span lang=\"EN-GB\" xml:lang=\"EN-GB\">Cursuri predate \u00een cadrul Universit\u0103\u021bii de Stat din Moldova<\/span><\/strong><\/p>\n<ul>\n<li>Metode de optimizare;<\/li>\n<li>Analiz\u0103 convex\u0103 \u0219i optimizare;<\/li>\n<li>Calcul\u00a0Varia\u021bional;<\/li>\n<li>Control optimal;<\/li>\n<li>Programare liniar\u0103 \u00een numere \u00eentregi;<\/li>\n<li>Optimizare combinatorie;<\/li>\n<li>Optimizare global\u0103;<\/li>\n<li>Teoria jocurilor;<\/li>\n<li>Teoria jocurilor experimentale;<\/li>\n<li>Cercet\u0103ri opera\u021bionale;<\/li>\n<li>Sisteme de algebr\u0103 computa\u021bional\u0103;<\/li>\n<li>Wolfram Mathematica;<\/li>\n<li>Modelare &amp; Simulare;<\/li>\n<li>Modele socio-economice \u0219i teoria jocurilor;<\/li>\n<li>Programarea func\u021bional\u0103;<\/li>\n<li>Anima\u021bia Web: Adobe Flash;<\/li>\n<li>Tehnologii informa\u021bionale \u0219i de comunicare (TIC);<\/li>\n<li>Sisteme orientate pe cercetare: Wolfram Mathematica;<\/li>\n<li>Fundamentele program\u0103rii (C, C++);<\/li>\n<li>Teoria probabilit\u0103\u021bilor \u00een finan\u021be: ghid matematic \u00een formula\u00a0Black-Scholes;<\/li>\n<li>Paradigme de programare.<\/li>\n<\/ul>\n<p>&nbsp;<\/p>\n<p><strong><span lang=\"EN-GB\" xml:lang=\"EN-GB\">Cursuri predate la Academia de Studii Economice din Moldova<\/span><\/strong><\/p>\n<ul>\n<li>Matematica superioar\u0103;<\/li>\n<li>Modele \u0219i metode economico &#8211; matematice;<\/li>\n<li>Teoria probabilit\u0103\u021bilor \u0219i statistica matematic\u0103;<\/li>\n<li>Analiza matematic\u0103.<\/li>\n<\/ul>\n<p>&nbsp;<\/p>\n<\/div>\n<\/div>\n<\/div>\n<\/div>\n<div class=\"pp_section\">\n<div class=\"pp_label\"><\/div>\n<div class=\"pp_value\">\n<div class=\"field field--name-field-activitatea-stiintifica field--type-text-long field--label-above\">\n<div class=\"field--label\">Activitatea \u0219tiin\u021bific\u0103<\/div>\n<div class=\"field--item\">\n<p>&nbsp;<\/p>\n<p><strong><span lang=\"EN-GB\" xml:lang=\"EN-GB\">Domenii de interes \u0219tiin\u021bific<\/span><\/strong><\/p>\n<ul>\n<li>Teoria optimiz\u0103rii;<\/li>\n<li>Teoria jocurilor;<\/li>\n<li>Calcul varia\u021bional \u0219i control optimal;<\/li>\n<li>Cercet\u0103ri opera\u021bionale;<\/li>\n<li>Informatic\u0103;<\/li>\n<li>Sisteme de calcul performant;<\/li>\n<li>Limbajul Wolfram;<\/li>\n<li>Paradigme de programare.<\/li>\n<\/ul>\n<p>&nbsp;<\/p>\n<p><strong><span lang=\"EN-GB\" xml:lang=\"EN-GB\">Experien\u021b\u0103 profesional\u0103<\/span><\/strong><\/p>\n<ul>\n<li><em>Publica\u021bii \u0219tiin\u021bifice<\/em>\u00a0&#8211; peste 125;<\/li>\n<li>Prezent\u0103ri la conferin\u021be \u0219tiin\u021bifice<em>:<\/em>\u00a0mai mult de 52, \u00een<em>:<\/em>\u00a0SUA, Rusia, Belarus, Ucraina, Lituania, Rom\u00e2nia, Serbia, Spania, Italia,\u00a0Fran\u021ba, Elve\u021bia, India, Polonia, Moldova;<\/li>\n<li><em>Monografie:<\/em><\/li>\n<\/ul>\n<p><span lang=\"RU\" xml:lang=\"RU\"><a href=\"https:\/\/link.springer.com\/book\/10.1007%2F978-3-319-75151-1\"><span lang=\"EN-US\" xml:lang=\"EN-US\"><strong>\u00a0 \u00a0 \u00a0 \u00a0 \u00a0 Pareto-Nash-Stackelberg Game and Control Theory<\/strong>, Springer International\u00a0 Publishing, 2018, XXI + 343 pp.<\/span><\/a><\/span><\/p>\n<ul>\n<li><em>Manuale:<\/em><\/li>\n<\/ul>\n<ol>\n<li>Programarea matematic\u0103, Chisinau, USM, 2001, 344 p.<\/li>\n<li>Cercet\u0103ri opera\u021bionale, Chisinau, CEP USM, 2004, 296 p.\u00a0(co-autor M. Sagaidac)<\/li>\n<li>Anima\u021bia Web, Chisinau, CEP USM, 2011, 178 p.<\/li>\n<\/ol>\n<ul>\n<li>Conduc\u0103tor \u0219tiin\u021bific<em>:<\/em>\u00a0o tez\u0103 de doctor, circa 91 de teze de licen\u021b\u0103 \u0219i 30 de master;<\/li>\n<li><a href=\"http:\/\/www.wolfram.com\/wolfram-u\/instructors\/ungureanu.html\">Instructor autorizat al Companiei Wolfram Research Incorporation<\/a>.<\/li>\n<\/ul>\n<p>&nbsp;<\/p>\n<\/div>\n<\/div>\n<\/div>\n<\/div>\n<div class=\"pp_section\">\n<div class=\"pp_label\"><\/div>\n<div class=\"pp_value\">\n<div class=\"field field--name-field-altele field--type-text-long field--label-visually_hidden\">\n<div class=\"field--label sr-only\">Altele<\/div>\n<div class=\"field--item\">\n<p>&nbsp;<\/p>\n<p><strong><span lang=\"EN-GB\" xml:lang=\"EN-GB\">Fellowships\/Awards\/Nominations\/Mobility<\/span><\/strong><\/p>\n<ul>\n<li><span lang=\"EN-GB\" xml:lang=\"EN-GB\">2019, Premiul\u00a0<\/span>C. Sibirschi al Academiei de \u0218tiin\u021bei a Moldovei;<\/li>\n<li>2019, Mobilitate didactic\u0103\u00a0<span lang=\"RO\" xml:lang=\"RO\">Erasmus+<\/span><span lang=\"RO\" xml:lang=\"RO\">, Keele\u00a0University, Great Britain;<\/span><\/li>\n<li>2018,\u00a0Diplom\u0103\u00a0a Ministerului Educa\u021biei, Culturii \u0219i Cercet\u0103rii;<\/li>\n<li><span lang=\"RO\" xml:lang=\"RO\">2017, Mobilitate didactic\u0103\u00a0Erasmus+ Staff<\/span><span lang=\"RO\" xml:lang=\"RO\">, Bialystok University of Technology, Poland;<\/span><\/li>\n<li><span lang=\"RO\" xml:lang=\"RO\">2014,<strong>\u00a0<\/strong>DAAD Scholarship<\/span><span lang=\"RO\" xml:lang=\"RO\">, Babes-Bolyai University, Cluj, Romania;<\/span><\/li>\n<li>2013,\u00a0Participation Grant for the\u00a0EURO | INFORMS 26TH EUROPEAN CONFERENCE ON OPERATIONAL RESEARCH, ROME, Sapienza Universita di Roma, 1-4 JULY, 2013<\/li>\n<li><span lang=\"RO\" xml:lang=\"RO\">2012,\u00a0DAAD Scholarship<\/span><span lang=\"RO\" xml:lang=\"RO\">, University of Novi Sad, Serbia;<\/span><\/li>\n<li>2012,\u00a0Participation Grant for<strong>\u00a0<\/strong><span lang=\"RO\" xml:lang=\"RO\">25TH<\/span>\u00a0EUROPEAN CONFERENCE ON OPERATION RESEARCH, 8-11 July 2012, Vilnius, Lithuania;<\/li>\n<li>2008, Tuition fees waiving (2500$) at the Advanced Mathematica Summer School 2008, July 6-18, 2008, Champaign, Illinois, Wolfram Research, Inc.;<\/li>\n<li>2007,\u00a0Award #ETGP-1130\u00a0of the Moldovan Research and Development Association and U.S. Civilian Research Development Foundation for the Independent States of the Former Soviet Union;<\/li>\n<li>2007,\u00a0ICIAM07\u00a0Organizing Committee financial supports grant to attend congress (Zurich);<\/li>\n<li>2007,\u00a0CODE 2007\u00a0Organizing Committee financial supports grant to attend conference (Paris);<\/li>\n<li>2006, 2007,\u00a0SING2 (Foggia), SING3 (Madrid)\u00a0Registration Fee Grants<\/li>\n<li>2006-2008,\u00a0Award CERIM-1006-06 (along with other colleagues)\u00a0<em>for equipment (cluster) support\u00a0<\/em>of the Moldovan Research and Development Association and U.S. Civilian Research Development Foundation for the Independent States of the Former Soviet Union;<\/li>\n<li>2004,\u00a0Award of the Moldova State University for the best textbook\u00a0<em>\u201cMathematical Programming\u201d\u00a0<\/em>(the natural science contest winner);<\/li>\n<li>1999-2000,<strong>\u00a0<\/strong>Soros Foundation Grants;<\/li>\n<\/ul>\n<\/div>\n<\/div>\n<\/div>\n<\/div>\n","protected":false},"excerpt":{"rendered":"<p>Ungureanu Valeriu doctor Academic title\/position associate professor Department Computer Science Department Studii &nbsp; 1992, doctor \u00een \u0219tiin\u021be\u00a0(Cibernetic\u0103 Matematic\u0103), Institutul de\u00a0Matematic\u0103 al Academiei de \u0218tiin\u021be a Republicii\u00a0Belarus, Minsk,\u00a0 Certificat al\u00a0Comisiei Superioare al Consiliului de\u00a0Mini\u0219tri al URSS,\u00a0Teza\u00a0\u201cAlgoritmi de Optimizare Baza\u021bi pe Propriet\u0103\u021bi de Incluziune a Mul\u021bimilor Poliedrale\u201d; 1988-1991, doctorat, Institutul de Matematic\u0103\u00a0\u0219i Informatic\u0103, Academia de \u0218tiin\u021be a&hellip; <br \/> <a class=\"read-more\" href=\"https:\/\/fmi.usm.md\/en\/ungureanu-valeriu\/\">Read more<\/a><\/p>\n","protected":false},"author":1,"featured_media":0,"parent":0,"menu_order":0,"comment_status":"closed","ping_status":"closed","template":"elementor_theme","meta":{"_seopress_robots_primary_cat":"","_seopress_titles_title":"","_seopress_titles_desc":"","_seopress_robots_index":"","footnotes":""},"class_list":["post-790","page","type-page","status-publish","hentry"],"rttpg_featured_image_url":null,"rttpg_author":{"display_name":"","author_link":"https:\/\/fmi.usm.md\/en\/author\/"},"rttpg_comment":0,"rttpg_category":null,"rttpg_excerpt":"Ungureanu Valeriu doctor Academic title\/position associate professor Department Computer Science Department Studii &nbsp; 1992, doctor \u00een \u0219tiin\u021be\u00a0(Cibernetic\u0103 Matematic\u0103), Institutul de\u00a0Matematic\u0103 al Academiei de \u0218tiin\u021be a Republicii\u00a0Belarus, Minsk,\u00a0 Certificat al\u00a0Comisiei Superioare al Consiliului de\u00a0Mini\u0219tri al URSS,\u00a0Teza\u00a0\u201cAlgoritmi de Optimizare Baza\u021bi pe Propriet\u0103\u021bi de Incluziune a Mul\u021bimilor Poliedrale\u201d; 1988-1991, doctorat, Institutul de Matematic\u0103\u00a0\u0219i Informatic\u0103, Academia de \u0218tiin\u021be a&hellip;&hellip;","_links":{"self":[{"href":"https:\/\/fmi.usm.md\/en\/wp-json\/wp\/v2\/pages\/790","targetHints":{"allow":["GET"]}}],"collection":[{"href":"https:\/\/fmi.usm.md\/en\/wp-json\/wp\/v2\/pages"}],"about":[{"href":"https:\/\/fmi.usm.md\/en\/wp-json\/wp\/v2\/types\/page"}],"author":[{"embeddable":true,"href":"https:\/\/fmi.usm.md\/en\/wp-json\/wp\/v2\/users\/1"}],"replies":[{"embeddable":true,"href":"https:\/\/fmi.usm.md\/en\/wp-json\/wp\/v2\/comments?post=790"}],"version-history":[{"count":1,"href":"https:\/\/fmi.usm.md\/en\/wp-json\/wp\/v2\/pages\/790\/revisions"}],"predecessor-version":[{"id":792,"href":"https:\/\/fmi.usm.md\/en\/wp-json\/wp\/v2\/pages\/790\/revisions\/792"}],"wp:attachment":[{"href":"https:\/\/fmi.usm.md\/en\/wp-json\/wp\/v2\/media?parent=790"}],"curies":[{"name":"wp","href":"https:\/\/api.w.org\/{rel}","templated":true}]}}