{"id":984,"date":"2023-04-26T13:12:39","date_gmt":"2023-04-26T10:12:39","guid":{"rendered":"https:\/\/new.usm.md\/?page_id=984"},"modified":"2025-01-27T18:26:35","modified_gmt":"2025-01-27T15:26:35","slug":"practica-de-initiere-in-specialitate","status":"publish","type":"page","link":"https:\/\/fmi.usm.md\/en\/practica-de-initiere-in-specialitate\/","title":{"rendered":"Practica de Ini\u021biere \u00een Specialitate"},"content":{"rendered":"<section id=\"block-views-block-discipline-block-2\" class=\"views-element-container block block-views block-views-blockdiscipline-block-2 clearfix\">\n<div class=\"form-group\">\n<div class=\"view view-discipline view-id-discipline view-display-id-block_2 js-view-dom-id-c408edaa0dbb2735923a68e945a142d973f873987578dfcf115ea427d58277fe\">\n<div class=\"view-content\">\n<div class=\"table-responsive\">\n<table class=\"table table-hover table-striped\">\n<thead>\n<tr>\n<th id=\"view-field-cod-disciplina-table-column\" class=\"views-align-center views-field views-field-field-cod-disciplina views-align-center\" scope=\"col\">Codul disciplinei<\/th>\n<th id=\"view-title-table-column\" class=\"views-align-center views-field views-field-title views-align-center\" scope=\"col\">Denumirea disciplinei<\/th>\n<th id=\"view-field-responsabil-table-column\" class=\"views-align-center views-field views-field-field-responsabil views-align-center\" scope=\"col\">Persoana(e) responsabil\u0103(e)<\/th>\n<th id=\"view-field-semestrul-table-column\" class=\"views-align-center views-field views-field-field-semestrul views-align-center\" scope=\"col\">Semestrul<\/th>\n<th id=\"view-field-tip-evaluare-table-column\" class=\"views-align-center views-field views-field-field-tip-evaluare views-align-center\" scope=\"col\">Tipul de evaluare<\/th>\n<th id=\"view-field-numarul-de-credite-table-column\" class=\"views-align-center views-field views-field-field-numarul-de-credite views-align-center\" scope=\"col\">Num\u0103rul de credite<\/th>\n<th id=\"view-field-specialitati-table-column\" class=\"views-align-center views-field views-field-field-specialitati views-align-center\" scope=\"col\">Specialitatea(\u0103\u021bi)<\/th>\n<\/tr>\n<\/thead>\n<tbody>\n<tr class=\"info\">\n<td class=\"views-field views-field-field-cod-disciplina views-align-center\" headers=\"view-field-cod-disciplina-table-column\"><\/td>\n<td class=\"views-field views-field-title views-align-center\" headers=\"view-title-table-column\">Practica de Ini\u021biere \u00een Specialitate<\/td>\n<td class=\"views-field views-field-field-responsabil views-align-center\" headers=\"view-field-responsabil-table-column\"><a href=\"https:\/\/fmi.usm.md\/?page_id=627\" hreflang=\"ro\">Arnaut.Vsevolod<\/a>, <a href=\"https:\/\/fmi.usm.md\/?page_id=634\" hreflang=\"ro\">Bragaru.Tudor<\/a>, <a href=\"https:\/\/fmi.usm.md\/?page_id=653\" hreflang=\"ro\">Capatana.Gheorghe<\/a><\/td>\n<td class=\"views-field views-field-field-semestrul views-align-center\" headers=\"view-field-semestrul-table-column\">II (Ciclu I)<\/td>\n<td class=\"views-field views-field-field-tip-evaluare views-align-center\" headers=\"view-field-tip-evaluare-table-column\">Examen<\/td>\n<td class=\"views-field views-field-field-numarul-de-credite views-align-center\" headers=\"view-field-numarul-de-credite-table-column\">2<\/td>\n<td class=\"views-field views-field-field-specialitati views-align-center\" headers=\"view-field-specialitati-table-column\"><a href=\"https:\/\/fmi.usm.md\/?page_id=809\">Informatica<\/a><a href=\"http:\/\/fmi.usm.md\/ro\/specialitate-matematica-aplicata\" hreflang=\"ro\">, <\/a><a href=\"https:\/\/fmi.usm.md\/?page_id=871\">Informatica Aplicat\u0103<\/a><a href=\"http:\/\/fmi.usm.md\/ro\/specialitate-matematica-aplicata\" hreflang=\"ro\">, <\/a><a href=\"https:\/\/fmi.usm.md\/?page_id=826\" hreflang=\"ro\">Matematica<\/a><a href=\"http:\/\/fmi.usm.md\/ro\/specialitate-matematica-aplicata\" hreflang=\"ro\">, <\/a><a href=\"https:\/\/fmi.usm.md\/?page_id=842\" hreflang=\"ro\">Matematici Aplicate<\/a><\/td>\n<\/tr>\n<\/tbody>\n<\/table>\n<\/div>\n<\/div>\n<\/div>\n<\/div>\n<\/section>\n<article class=\"curriculum full clearfix\" role=\"article\" data-history-node-id=\"183\">\n<div class=\"content\">\n<div class=\"field field--name-field-rezumat field--type-text-long field--label-hidden field--item\">\n<p>La <em>practica de ini\u0163iere \u00een specialitate<\/em> studentul opteaz\u0103 pentru locul de desf\u0103\u015furare a practicii\u00a0\u00een cadrul laboratoarelor facult\u0103\u021bii.\u00a0\u00cen cadrul practicii de ini\u0163iere studentul se informeaz\u0103 de principiile de func\u0163ionare a calculatoarelor, sistemelor de operare, aplica\u0163iilor <em>Word<\/em>, <em>Excel<\/em>, <em>Access<\/em>, <em>PowerPoint<\/em>, sistemelor de fi\u015fiere, bazelor de date, navigarea \u015fi comunicarea pe Internet, se familiarizeaz\u0103 cu softuri matematice moderne, sistemul LATEX etc. Practica de ini\u0163iere finalizeaz\u0103 cu elaborarea unui produs program adecvat nivelului de cuno\u015ftin\u0163e stipulat \u00een Planul de studii la momentul organiz\u0103rii practicii<\/p>\n<\/div>\n<\/div>\n<\/article>\n","protected":false},"excerpt":{"rendered":"<p>Codul disciplinei Denumirea disciplinei Persoana(e) responsabil\u0103(e) Semestrul Tipul de evaluare Num\u0103rul de credite Specialitatea(\u0103\u021bi) Practica de Ini\u021biere \u00een Specialitate Arnaut.Vsevolod, Bragaru.Tudor, Capatana.Gheorghe II (Ciclu I) Examen 2 Informatica, Informatica Aplicat\u0103, Matematica, Matematici Aplicate La practica de ini\u0163iere \u00een specialitate studentul opteaz\u0103 pentru locul de desf\u0103\u015furare a practicii\u00a0\u00een cadrul laboratoarelor facult\u0103\u021bii.\u00a0\u00cen cadrul practicii de ini\u0163iere studentul&hellip; <br \/> <a class=\"read-more\" href=\"https:\/\/fmi.usm.md\/en\/practica-de-initiere-in-specialitate\/\">Read more<\/a><\/p>\n","protected":false},"author":1,"featured_media":0,"parent":0,"menu_order":0,"comment_status":"closed","ping_status":"closed","template":"elementor_theme","meta":{"_seopress_robots_primary_cat":"","_seopress_titles_title":"","_seopress_titles_desc":"","_seopress_robots_index":"","footnotes":""},"class_list":["post-984","page","type-page","status-publish","hentry"],"rttpg_featured_image_url":null,"rttpg_author":{"display_name":"","author_link":"https:\/\/fmi.usm.md\/en\/author\/"},"rttpg_comment":0,"rttpg_category":null,"rttpg_excerpt":"Codul disciplinei Denumirea disciplinei Persoana(e) responsabil\u0103(e) Semestrul Tipul de evaluare Num\u0103rul de credite Specialitatea(\u0103\u021bi) Practica de Ini\u021biere \u00een Specialitate Arnaut.Vsevolod, Bragaru.Tudor, Capatana.Gheorghe II (Ciclu I) Examen 2 Informatica, Informatica Aplicat\u0103, Matematica, Matematici Aplicate La practica de ini\u0163iere \u00een specialitate studentul opteaz\u0103 pentru locul de desf\u0103\u015furare a practicii\u00a0\u00een cadrul laboratoarelor facult\u0103\u021bii.\u00a0\u00cen cadrul practicii de ini\u0163iere studentul&hellip;&hellip;","_links":{"self":[{"href":"https:\/\/fmi.usm.md\/en\/wp-json\/wp\/v2\/pages\/984","targetHints":{"allow":["GET"]}}],"collection":[{"href":"https:\/\/fmi.usm.md\/en\/wp-json\/wp\/v2\/pages"}],"about":[{"href":"https:\/\/fmi.usm.md\/en\/wp-json\/wp\/v2\/types\/page"}],"author":[{"embeddable":true,"href":"https:\/\/fmi.usm.md\/en\/wp-json\/wp\/v2\/users\/1"}],"replies":[{"embeddable":true,"href":"https:\/\/fmi.usm.md\/en\/wp-json\/wp\/v2\/comments?post=984"}],"version-history":[{"count":5,"href":"https:\/\/fmi.usm.md\/en\/wp-json\/wp\/v2\/pages\/984\/revisions"}],"predecessor-version":[{"id":992,"href":"https:\/\/fmi.usm.md\/en\/wp-json\/wp\/v2\/pages\/984\/revisions\/992"}],"wp:attachment":[{"href":"https:\/\/fmi.usm.md\/en\/wp-json\/wp\/v2\/media?parent=984"}],"curies":[{"name":"wp","href":"https:\/\/api.w.org\/{rel}","templated":true}]}}