{"id":1009,"date":"2023-04-26T13:25:58","date_gmt":"2023-04-26T10:25:58","guid":{"rendered":"https:\/\/new.usm.md\/?page_id=1009"},"modified":"2025-01-27T18:26:35","modified_gmt":"2025-01-27T15:26:35","slug":"sisteme-de-operare","status":"publish","type":"page","link":"https:\/\/fmi.usm.md\/ru\/sisteme-de-operare\/","title":{"rendered":"Sisteme de Operare"},"content":{"rendered":"<section id=\"block-views-block-discipline-block-2\" class=\"views-element-container block block-views block-views-blockdiscipline-block-2 clearfix\">\n<div class=\"form-group\">\n<div class=\"view view-discipline view-id-discipline view-display-id-block_2 js-view-dom-id-e33612cde83426707d0e87a7b83037a79b34053bb6443d319176c5eed60f96f8\">\n<div class=\"view-content\">\n<div class=\"table-responsive\">\n<table class=\"table table-hover table-striped\">\n<thead>\n<tr>\n<th id=\"view-field-cod-disciplina-table-column\" class=\"views-align-center views-field views-field-field-cod-disciplina views-align-center\" scope=\"col\">Codul disciplinei<\/th>\n<th id=\"view-title-table-column\" class=\"views-align-center views-field views-field-title views-align-center\" scope=\"col\">Denumirea disciplinei<\/th>\n<th id=\"view-field-responsabil-table-column\" class=\"views-align-center views-field views-field-field-responsabil views-align-center\" scope=\"col\">Persoana(e) responsabil\u0103(e)<\/th>\n<th id=\"view-field-semestrul-table-column\" class=\"views-align-center views-field views-field-field-semestrul views-align-center\" scope=\"col\">Semestrul<\/th>\n<th id=\"view-field-tip-evaluare-table-column\" class=\"views-align-center views-field views-field-field-tip-evaluare views-align-center\" scope=\"col\">Tipul de evaluare<\/th>\n<th id=\"view-field-numarul-de-credite-table-column\" class=\"views-align-center views-field views-field-field-numarul-de-credite views-align-center\" scope=\"col\">Num\u0103rul de credite<\/th>\n<th id=\"view-field-specialitati-table-column\" class=\"views-align-center views-field views-field-field-specialitati views-align-center\" scope=\"col\">Specialitatea(\u0103\u021bi)<\/th>\n<\/tr>\n<\/thead>\n<tbody>\n<tr class=\"info\">\n<td class=\"views-field views-field-field-cod-disciplina views-align-center\" headers=\"view-field-cod-disciplina-table-column\">F.02.O.010<\/td>\n<td class=\"views-field views-field-title views-align-center\" headers=\"view-title-table-column\">Sisteme de Operare<\/td>\n<td class=\"views-field views-field-field-responsabil views-align-center\" headers=\"view-field-responsabil-table-column\"><a href=\"https:\/\/fmi.usm.md\/?page_id=777\">Seiciuc.Eleonora<\/a><\/td>\n<td class=\"views-field views-field-field-semestrul views-align-center\" headers=\"view-field-semestrul-table-column\">II (Ciclu I)<\/td>\n<td class=\"views-field views-field-field-tip-evaluare views-align-center\" headers=\"view-field-tip-evaluare-table-column\">Examen<\/td>\n<td class=\"views-field views-field-field-numarul-de-credite views-align-center\" headers=\"view-field-numarul-de-credite-table-column\">5<\/td>\n<td class=\"views-field views-field-field-specialitati views-align-center\" headers=\"view-field-specialitati-table-column\"><a href=\"https:\/\/fmi.usm.md\/?page_id=809\">Informatica<\/a>, <a href=\"https:\/\/fmi.usm.md\/?page_id=848\">Informatica (\u0218tiin\u021be ale Educa\u021biei)<\/a>, <a href=\"https:\/\/fmi.usm.md\/?page_id=871\">Informatica Aplicat\u0103<\/a><\/td>\n<\/tr>\n<\/tbody>\n<\/table>\n<\/div>\n<\/div>\n<\/div>\n<\/div>\n<\/section>\n<article class=\"curriculum full clearfix\" role=\"article\" data-history-node-id=\"182\">\n<div class=\"content\">\n<div class=\"field field--name-field-rezumat field--type-text-long field--label-hidden field--item\">\n<p>Cursul este destinat studen\u0163ilor anului I, Facultatea de Matematic\u0103 \u015fi Informatic\u0103, specialit\u0103\u021bile Informatic\u0103, Informatic\u0103 Aplicat\u0103 \u015fi Management informa\u021bional pentru a fi familiariza\u0163i cu principiile generale de lucru ale sistemelor de operare DOS, SO WINDOWS \u015fi LINUX \u015fi de a le forma deprinderi practice de a lucra cu SO MS-DOS, familia SO Windows \u015fi LINUX la calculatoarele moderne.<\/p>\n<\/div>\n<\/div>\n<\/article>\n","protected":false},"excerpt":{"rendered":"<p>Codul disciplinei Denumirea disciplinei Persoana(e) responsabil\u0103(e) Semestrul Tipul de evaluare Num\u0103rul de credite Specialitatea(\u0103\u021bi) F.02.O.010 Sisteme de Operare Seiciuc.Eleonora II (Ciclu I) Examen 5 Informatica, Informatica (\u0218tiin\u021be ale Educa\u021biei), Informatica Aplicat\u0103 Cursul este destinat studen\u0163ilor anului I, Facultatea de Matematic\u0103 \u015fi Informatic\u0103, specialit\u0103\u021bile Informatic\u0103, Informatic\u0103 Aplicat\u0103 \u015fi Management informa\u021bional pentru a fi familiariza\u0163i cu principiile&hellip; <br \/> <a class=\"read-more\" href=\"https:\/\/fmi.usm.md\/ru\/sisteme-de-operare\/\">\u0427\u0438\u0442\u0430\u0442\u044c \u0434\u0430\u043b\u044c\u0448\u0435<\/a><\/p>\n","protected":false},"author":1,"featured_media":0,"parent":0,"menu_order":0,"comment_status":"closed","ping_status":"closed","template":"elementor_theme","meta":{"_seopress_robots_primary_cat":"","_seopress_titles_title":"","_seopress_titles_desc":"","_seopress_robots_index":"","footnotes":""},"class_list":["post-1009","page","type-page","status-publish","hentry"],"rttpg_featured_image_url":null,"rttpg_author":{"display_name":"","author_link":"https:\/\/fmi.usm.md\/ru\/author\/"},"rttpg_comment":0,"rttpg_category":null,"rttpg_excerpt":"Codul disciplinei Denumirea disciplinei Persoana(e) responsabil\u0103(e) Semestrul Tipul de evaluare Num\u0103rul de credite Specialitatea(\u0103\u021bi) F.02.O.010 Sisteme de Operare Seiciuc.Eleonora II (Ciclu I) Examen 5 Informatica, Informatica (\u0218tiin\u021be ale Educa\u021biei), Informatica Aplicat\u0103 Cursul este destinat studen\u0163ilor anului I, Facultatea de Matematic\u0103 \u015fi Informatic\u0103, specialit\u0103\u021bile Informatic\u0103, Informatic\u0103 Aplicat\u0103 \u015fi Management informa\u021bional pentru a fi familiariza\u0163i cu principiile&hellip;&hellip;","_links":{"self":[{"href":"https:\/\/fmi.usm.md\/ru\/wp-json\/wp\/v2\/pages\/1009","targetHints":{"allow":["GET"]}}],"collection":[{"href":"https:\/\/fmi.usm.md\/ru\/wp-json\/wp\/v2\/pages"}],"about":[{"href":"https:\/\/fmi.usm.md\/ru\/wp-json\/wp\/v2\/types\/page"}],"author":[{"embeddable":true,"href":"https:\/\/fmi.usm.md\/ru\/wp-json\/wp\/v2\/users\/1"}],"replies":[{"embeddable":true,"href":"https:\/\/fmi.usm.md\/ru\/wp-json\/wp\/v2\/comments?post=1009"}],"version-history":[{"count":3,"href":"https:\/\/fmi.usm.md\/ru\/wp-json\/wp\/v2\/pages\/1009\/revisions"}],"predecessor-version":[{"id":1017,"href":"https:\/\/fmi.usm.md\/ru\/wp-json\/wp\/v2\/pages\/1009\/revisions\/1017"}],"wp:attachment":[{"href":"https:\/\/fmi.usm.md\/ru\/wp-json\/wp\/v2\/media?parent=1009"}],"curies":[{"name":"wp","href":"https:\/\/api.w.org\/{rel}","templated":true}]}}