{"id":1063,"date":"2023-04-26T14:43:16","date_gmt":"2023-04-26T11:43:16","guid":{"rendered":"https:\/\/new.usm.md\/?page_id=1063"},"modified":"2025-12-11T01:22:43","modified_gmt":"2025-12-10T22:22:43","slug":"seminare-stiintifice-de-profil","status":"publish","type":"page","link":"https:\/\/fmi.usm.md\/ru\/seminare-stiintifice-de-profil\/","title":{"rendered":"\u041d\u0430\u0443\u0447\u043d\u044b\u0435 \u0441\u0435\u043c\u0438\u043d\u0430\u0440\u044b"},"content":{"rendered":"<div class=\"views-element-container form-group\">\n<div class=\"view view--consilii-stiintifice view-id-_consilii_stiintifice view-display-id-page_1 js-view-dom-id-bf2f2e68c2a2f688fc88b0f9a03e7a9d18517e5a57bf9d544da0f4c53440fd7d\">\n<div class=\"view-content\">\n<div class=\"views-row\">\n<div>\n<h3 class=\"field field--name-name field--type-string field--label-hidden field--item\">\u041d\u0430\u0443\u0447\u043d\u044b\u0439 \u0441\u0435\u043c\u0438\u043d\u0430\u0440: 111. \u0422\u0435\u043e\u0440\u0435\u0442\u0438\u0447\u0435\u0441\u043a\u0430\u044f \u043c\u0430\u0442\u0435\u043c\u0430\u0442\u0438\u043a\u0430<\/h3>\n<div class=\"field field--name-field-specialitati-stiintifice field--type-entity-reference field--label-above\">\n<div class=\"field--label\">\u041d\u0430\u0443\u0447\u043d\u044b\u0435 \u0441\u043f\u0435\u0446\u0438\u0430\u043b\u044c\u043d\u043e\u0441\u0442\u0438<\/div>\n<div class=\"field--items\">\n<div class=\"field--item\">111. 01. \u041c\u0430\u0442\u0435\u043c\u0430\u0442\u0438\u0447\u0435\u0441\u043a\u0438\u0439 \u0430\u043d\u0430\u043b\u0438\u0437<\/div>\n<div class=\"field--item\">111. 02. \u0414\u0438\u0444\u0444\u0435\u0440\u0435\u043d\u0446\u0438\u0430\u043b\u044c\u043d\u044b\u0435 \u0443\u0440\u0430\u0432\u043d\u0435\u043d\u0438\u044f<\/div>\n<\/div>\n<\/div>\n<div class=\"field field--name-description field--type-text-long field--label-hidden field--item\">\n<p><strong>\u0427\u043b\u0435\u043d\u044b \u043d\u0430\u0443\u0447\u043d\u043e\u0433\u043e \u0441\u0435\u043c\u0438\u043d\u0430\u0440\u0430:<\/strong><\/p>\n<ol>\n<li><strong>\u041f\u0440\u0435\u0434\u0441\u0435\u0434\u0430\u0442\u0435\u043b\u044c:<\/strong>\u00a0Neagu Vasile, doctor habilitat \u00een \u015ftiin\u0163e fizico-matematice, profesor universitar<\/li>\n<li><strong>\u0412\u0438\u0446\u0435-\u043f\u0440\u0435\u0434\u0441\u0435\u0434\u0430\u0442\u0435\u043b\u044c<\/strong>: Perjan Andrei, doctor habilitat \u00een \u015ftiin\u0163e fizico-matematice, profesor universitar<\/li>\n<li><strong>\u041d\u0430\u0443\u0447\u043d\u044b\u0439 \u0441\u0435\u043a\u0440\u0435\u0442\u0430\u0440\u044c<\/strong>: Rusu Galina, doctor \u00een \u015ftiin\u0163e fizico-matematice, conferen\u0163iar universitar<\/li>\n<li>Vulpe Nicolae, doctor habilitat \u00een \u015ftiin\u0163e fizico-matematice, profesor universitar, m.c.<\/li>\n<li>Glavan Vasile, doctor habilitat \u00een \u015ftiin\u0163e fizico-matematice, profesor universitar<\/li>\n<li>Popa Mihail, doctor habilitat \u00een \u015ftiin\u0163e fizico-matematice, profesor universitar<\/li>\n<li>\u015eub\u0103 Alexandru, doctor habilitat \u00een \u015ftiin\u0163e fizico-matematice, profesor universitar<\/li>\n<li>Baltag Valeriu, doctor \u00een \u015ftiin\u0163e fizico-matematice, conferen\u0163iar cercet\u0103tor<\/li>\n<li>Braicov Andrei, doctor \u00een \u015ftiin\u0163e fizico-matematice, conferen\u0163iar universitar<\/li>\n<li>Calin Iurie, doctor \u00een \u015ftiin\u0163e fizico-matematice, conferen\u0163iar universitar<\/li>\n<li>Cozma Dumitru, doctor habilitat\u00a0 \u00een \u015ftiin\u0163e matematice, conferen\u0163iar universitar<\/li>\n<li>Driuma Valerii, doctor \u00een \u015ftiin\u0163e fizico-matematice, conferen\u0163iar cercet\u0103tor<\/li>\n<li>Gu\u021bu Valeriu, doctor \u00een \u015ftiin\u0163e fizico-matematice, conferen\u0163iar universitar<\/li>\n<li>Pu\u0163untic\u0103 Vitalie, doctor \u00een \u015ftiin\u0163e fizico-matematice<\/li>\n<li>Dovbu\u015f Petru, doctor habilitat \u00een \u015ftiin\u0163e fizico-matematice<\/li>\n<li>Ciobanu Vasile, doctor \u00een \u015ftiin\u0163e fizico-matematice, conferen\u0163iar universitar<\/li>\n<li>Rusu Gheorghe, doctor \u00een \u015ftiin\u0163e fizico-matematice, conferen\u0163iar universitar<\/li>\n<li>Semen\u0163ul Arcadie, doctor \u00een \u015ftiin\u0163e fizico-matematice, conferen\u0163iar universitar<\/li>\n<li>Taragan Dumitru, doctor \u00een \u015ftiin\u0163e fizico-matematice, conferen\u0163iar universitar<\/li>\n<\/ol>\n<\/div>\n<\/div>\n<\/div>\n<div class=\"views-row\">\n<h3 class=\"field field--name-name field--type-string field--label-hidden field--item\">\u041d\u0430\u0443\u0447\u043d\u044b\u0439 \u0441\u0435\u043c\u0438\u043d\u0430\u0440: 112. \u041f\u0440\u0438\u043a\u043b\u0430\u0434\u043d\u0430\u044f \u043c\u0430\u0442\u0435\u043c\u0430\u0442\u0438\u043a\u0430<\/h3>\n<div class=\"field field--name-field-specialitati-stiintifice field--type-entity-reference field--label-above\">\n<div class=\"field--label\">\u041d\u0430\u0443\u0447\u043d\u044b\u0435 \u0441\u043f\u0435\u0446\u0438\u0430\u043b\u044c\u043d\u043e\u0441\u0442\u0438<\/div>\n<div class=\"field--items\">\n<div class=\"field--item\">112. 01. \u0412\u044b\u0447\u0438\u0441\u043b\u0438\u0442\u0435\u043b\u044c\u043d\u0430\u044f \u043c\u0430\u0442\u0435\u043c\u0430\u0442\u0438\u043a\u0430<\/div>\n<div class=\"field--item\">112. 03. \u041c\u0430\u0442\u0435\u043c\u0430\u0442\u0438\u0447\u0435\u0441\u043a\u0430\u044f \u043a\u0438\u0431\u0435\u0440\u043d\u0435\u0442\u0438\u043a\u0430 \u0438 \u043e\u043f\u0435\u0440\u0430\u0446\u0438\u043e\u043d\u043d\u044b\u0435 \u0438\u0441\u0441\u043b\u0435\u0434\u043e\u0432\u0430\u043d\u0438\u044f<\/div>\n<\/div>\n<\/div>\n<div class=\"field field--name-description field--type-text-long field--label-hidden field--item\">\n<p><strong>\u0427\u043b\u0435\u043d\u044b \u043d\u0430\u0443\u0447\u043d\u043e\u0433\u043e \u0441\u0435\u043c\u0438\u043d\u0430\u0440\u0430:<\/strong><\/p>\n<ol>\n<li><strong>\u041f\u0440\u0435\u0434\u0441\u0435\u0434\u0430\u0442\u0435\u043b\u044c:<\/strong><\/li>\n<li><strong>\u0412\u0438\u0446\u0435-\u043f\u0440\u0435\u0434\u0441\u0435\u0434\u0430\u0442\u0435\u043b\u044c:<\/strong><\/li>\n<li><strong>\u041d\u0430\u0443\u0447\u043d\u044b\u0439 \u0441\u0435\u043a\u0440\u0435\u0442\u0430\u0440\u044c:<\/strong><\/li>\n<li>Mi\u0219coi Gheorghe, doctor habilitat \u00een \u0219tiin\u021be fizico-matematice, profesor universitar, academician<\/li>\n<li>Lozovanu Dumitru, doctor habilitat \u00een \u0219tiin\u021be fizico-matematice, profesor universitar<\/li>\n<li>Solomon Dumitru, doctor habilitat \u00een \u0219tiin\u021be tehnice, conferen\u0163iar universitar<\/li>\n<li>Benderschi Olga, doctor \u00een \u015ftiin\u0163e fizico-matematice, conferen\u0163iar universitar<\/li>\n<li>Capcelea Titu, doctor \u00een \u015ftiin\u0163e fizico-matematice, conferen\u0163iar universitar<\/li>\n<li>Godonoag\u0103 Anatol, doctor \u00een \u015ftiin\u0163e fizico-matematice, conferen\u0163iar universitar<\/li>\n<li>H\u00e2ncu Boris, doctor \u00een \u015ftiin\u0163e fizico-matematice, conferen\u0163iar universitar<\/li>\n<li>Niculi\u021b\u0103 Angela, doctor \u00een \u015ftiin\u0163e fizico-matematice, conferen\u0163iar universitar<\/li>\n<li>Novac Ludmila, doctor \u00een \u015ftiin\u0163e fizico-matematice, conferen\u0163iar universitar<\/li>\n<li>Po\u0219taru Andrei, doctor \u00een \u015ftiin\u0163e fizico-matematice, conferen\u0163iar universitar<\/li>\n<li>Tkacenko Alexandra, doctor \u00een \u015ftiin\u0163e economice, conferen\u0163iar universitar<\/li>\n<li>Topal\u0103 Oleg, doctor \u00een \u015ftiin\u0163e fizico-matematice, conferen\u0163iar universitar<\/li>\n<li>Ungureanu Valeriu, doctor \u00een \u015ftiin\u0163e fizico-matematice, conferen\u0163iar universitar<\/li>\n<li>Zgureanu Aureliu, doctor \u00een \u015ftiin\u0163e fizico-matematice, conferen\u0163iar universitar<\/li>\n<\/ol>\n<\/div>\n<\/div>\n<div class=\"views-row\">\n<div>\n<h3 class=\"field field--name-name field--type-string field--label-hidden field--item\">\u041d\u0430\u0443\u0447\u043d\u044b\u0439 \u0441\u0435\u043c\u0438\u043d\u0430\u0440: 121. \u0422\u0435\u043e\u0440\u0435\u0442\u0438\u0447\u0435\u0441\u043a\u0430\u044f \u0438\u043d\u0444\u043e\u0440\u043c\u0430\u0442\u0438\u043a\u0430; 122. \u041f\u0440\u0438\u043a\u043b\u0430\u0434\u043d\u0430\u044f \u0438\u043d\u0444\u043e\u0440\u043c\u0430\u0442\u0438\u043a\u0430; 232. \u0412\u044b\u0447\u0438\u0441\u043b\u0438\u0442\u0435\u043b\u044c\u043d\u0430\u044f \u0442\u0435\u0445\u043d\u0438\u043a\u0430 \u0438 \u0438\u043d\u0444\u043e\u0440\u043c\u0430\u0446\u0438\u043e\u043d\u043d\u044b\u0435 \u0442\u0435\u0445\u043d\u043e\u043b\u043e\u0433\u0438\u0438<\/h3>\n<div class=\"field field--name-field-specialitati-stiintifice field--type-entity-reference field--label-above\">\n<div class=\"field--label\">\u041d\u0430\u0443\u0447\u043d\u044b\u0435 \u0441\u043f\u0435\u0446\u0438\u0430\u043b\u044c\u043d\u043e\u0441\u0442\u0438<\/div>\n<div class=\"field--items\">\n<div class=\"field--item\">121. 03. \u041f\u0440\u043e\u0433\u0440\u0430\u043c\u043c\u0438\u0440\u043e\u0432\u0430\u043d\u0438\u0435 \u0432\u044b\u0447\u0438\u0441\u043b\u0438\u0442\u0435\u043b\u044c\u043d\u044b\u0445 \u043c\u0430\u0448\u0438\u043d<\/div>\n<div class=\"field--item\">122.03. \u041c\u043e\u0434\u0435\u043b\u0438\u0440\u043e\u0432\u0430\u043d\u0438\u0435, \u043c\u0430\u0442\u0435\u043c\u0430\u0442\u0438\u0447\u0435\u0441\u043a\u0438\u0435 \u043c\u0435\u0442\u043e\u0434\u044b, \u043f\u0440\u043e\u0433\u0440\u0430\u043c\u043c\u043d\u043e\u0435 \u043e\u0431\u0435\u0441\u043f\u0435\u0447\u0435\u043d\u0438\u0435<\/div>\n<div class=\"field--item\">232.02. \u0418\u043d\u0444\u043e\u0440\u043c\u0430\u0446\u0438\u043e\u043d\u043d\u044b\u0435 \u0442\u0435\u0445\u043d\u043e\u043b\u043e\u0433\u0438\u0438, \u043f\u0440\u043e\u0434\u0443\u043a\u0442\u044b \u0438 \u0441\u0438\u0441\u0442\u0435\u043c\u044b<\/div>\n<\/div>\n<\/div>\n<div class=\"field field--name-description field--type-text-long field--label-hidden field--item\">\n<p><span style=\"font-family: Gentium Book Basic;\"><strong>\u0427\u043b\u0435\u043d\u044b \u043d\u0430\u0443\u0447\u043d\u043e\u0433\u043e \u0441\u0435\u043c\u0438\u043d\u0430\u0440\u0430:<\/strong><\/span><\/p>\n<ol>\n<li><strong>\u041f\u0440\u0435\u0434\u0441\u0435\u0434\u0430\u0442\u0435\u043b\u044c:<\/strong><\/li>\n<li><strong>\u0412\u0438\u0446\u0435-\u043f\u0440\u0435\u0434\u0441\u0435\u0434\u0430\u0442\u0435\u043b\u044c<\/strong>:<\/li>\n<li><strong>\u041d\u0430\u0443\u0447\u043d\u044b\u0439 \u0441\u0435\u043a\u0440\u0435\u0442\u0430\u0440\u044c<\/strong>:<\/li>\n<li>Arnaut Vsevolod, doctor \u00een \u015ftiin\u0163e fizico-matematice, conferen\u021biar universitar<\/li>\n<li>Andrie\u0219 Ion, doctor \u00een \u0219tiin\u021be fizico-matematice, conferen\u0163iar universitar<\/li>\n<li>Be\u015fliu Victor, doctor \u00een informatic\u0103, conferen\u0163iar universitar<\/li>\n<li>Bragaru Tudor, doctor \u00een economie, conferen\u021biar universitar<\/li>\n<li>Cerbu Olga, doctor \u00een \u015ftiin\u0163e fizico-matematice, conferen\u0163iar universitar<\/li>\n<li>Ciubotaru Constantin, doctor \u00een informatic\u0103, conferen\u021biar universitar<\/li>\n<li>Ciubotaru Tudor, doctor \u00een \u015ftiin\u0163e fizico-matematice, conferen\u0163iar universitar<\/li>\n<li>Costa\u015f Ilie, doctor habilitat \u00een informatic\u0103, profesor universitar<\/li>\n<li>Gu\u0163uleac Emilian, doctor habilitat \u00een tehnic\u0103, profesor universitar<\/li>\n<li>Objelean Nicolae, doctor \u00een tehnic\u0103, conferen\u0163iar universitar<\/li>\n<li>Perju Veaceslav, doctor habilitat \u00een tehnic\u0103, conferen\u0163iar universitar<\/li>\n<li>Pereteatcu Sergiu, doctor \u00een tehnic\u0103, conferen\u0163iar universitar<\/li>\n<li>Prepeli\u0163\u0103 Aurelia, doctor \u00een \u0219tiin\u021be fizico-matematice, conferen\u021biar universitar<\/li>\n<li>Seiciuc Eleonora, doctor \u00een \u015ftiin\u0163e fizico-matematice, conferen\u0163iar universitar<\/li>\n<\/ol>\n<\/div>\n<\/div>\n<\/div>\n<\/div>\n<\/div>\n<\/div>\n","protected":false},"excerpt":{"rendered":"<p>\u041d\u0430\u0443\u0447\u043d\u044b\u0439 \u0441\u0435\u043c\u0438\u043d\u0430\u0440: 111. \u0422\u0435\u043e\u0440\u0435\u0442\u0438\u0447\u0435\u0441\u043a\u0430\u044f \u043c\u0430\u0442\u0435\u043c\u0430\u0442\u0438\u043a\u0430 \u041d\u0430\u0443\u0447\u043d\u044b\u0435 \u0441\u043f\u0435\u0446\u0438\u0430\u043b\u044c\u043d\u043e\u0441\u0442\u0438 111. 01. \u041c\u0430\u0442\u0435\u043c\u0430\u0442\u0438\u0447\u0435\u0441\u043a\u0438\u0439 \u0430\u043d\u0430\u043b\u0438\u0437 111. 02. \u0414\u0438\u0444\u0444\u0435\u0440\u0435\u043d\u0446\u0438\u0430\u043b\u044c\u043d\u044b\u0435 \u0443\u0440\u0430\u0432\u043d\u0435\u043d\u0438\u044f \u0427\u043b\u0435\u043d\u044b \u043d\u0430\u0443\u0447\u043d\u043e\u0433\u043e \u0441\u0435\u043c\u0438\u043d\u0430\u0440\u0430: \u041f\u0440\u0435\u0434\u0441\u0435\u0434\u0430\u0442\u0435\u043b\u044c:\u00a0Neagu Vasile, doctor habilitat \u00een \u015ftiin\u0163e fizico-matematice, profesor universitar \u0412\u0438\u0446\u0435-\u043f\u0440\u0435\u0434\u0441\u0435\u0434\u0430\u0442\u0435\u043b\u044c: Perjan Andrei, doctor habilitat \u00een \u015ftiin\u0163e fizico-matematice, profesor universitar \u041d\u0430\u0443\u0447\u043d\u044b\u0439 \u0441\u0435\u043a\u0440\u0435\u0442\u0430\u0440\u044c: Rusu Galina, doctor \u00een \u015ftiin\u0163e fizico-matematice, conferen\u0163iar universitar Vulpe Nicolae, doctor habilitat \u00een \u015ftiin\u0163e fizico-matematice, profesor&hellip; <br \/> <a class=\"read-more\" href=\"https:\/\/fmi.usm.md\/ru\/seminare-stiintifice-de-profil\/\">\u0427\u0438\u0442\u0430\u0442\u044c \u0434\u0430\u043b\u044c\u0448\u0435<\/a><\/p>\n","protected":false},"author":1,"featured_media":0,"parent":0,"menu_order":0,"comment_status":"closed","ping_status":"closed","template":"","meta":{"_seopress_robots_primary_cat":"","_seopress_titles_title":"","_seopress_titles_desc":"","_seopress_robots_index":"","footnotes":""},"class_list":["post-1063","page","type-page","status-publish","hentry"],"rttpg_featured_image_url":null,"rttpg_author":{"display_name":"","author_link":"https:\/\/fmi.usm.md\/ru\/author\/"},"rttpg_comment":0,"rttpg_category":null,"rttpg_excerpt":"\u041d\u0430\u0443\u0447\u043d\u044b\u0439 \u0441\u0435\u043c\u0438\u043d\u0430\u0440: 111. \u0422\u0435\u043e\u0440\u0435\u0442\u0438\u0447\u0435\u0441\u043a\u0430\u044f \u043c\u0430\u0442\u0435\u043c\u0430\u0442\u0438\u043a\u0430 \u041d\u0430\u0443\u0447\u043d\u044b\u0435 \u0441\u043f\u0435\u0446\u0438\u0430\u043b\u044c\u043d\u043e\u0441\u0442\u0438 111. 01. \u041c\u0430\u0442\u0435\u043c\u0430\u0442\u0438\u0447\u0435\u0441\u043a\u0438\u0439 \u0430\u043d\u0430\u043b\u0438\u0437 111. 02. \u0414\u0438\u0444\u0444\u0435\u0440\u0435\u043d\u0446\u0438\u0430\u043b\u044c\u043d\u044b\u0435 \u0443\u0440\u0430\u0432\u043d\u0435\u043d\u0438\u044f \u0427\u043b\u0435\u043d\u044b \u043d\u0430\u0443\u0447\u043d\u043e\u0433\u043e \u0441\u0435\u043c\u0438\u043d\u0430\u0440\u0430: \u041f\u0440\u0435\u0434\u0441\u0435\u0434\u0430\u0442\u0435\u043b\u044c:\u00a0Neagu Vasile, doctor habilitat \u00een \u015ftiin\u0163e fizico-matematice, profesor universitar \u0412\u0438\u0446\u0435-\u043f\u0440\u0435\u0434\u0441\u0435\u0434\u0430\u0442\u0435\u043b\u044c: Perjan Andrei, doctor habilitat \u00een \u015ftiin\u0163e fizico-matematice, profesor universitar \u041d\u0430\u0443\u0447\u043d\u044b\u0439 \u0441\u0435\u043a\u0440\u0435\u0442\u0430\u0440\u044c: Rusu Galina, doctor \u00een \u015ftiin\u0163e fizico-matematice, conferen\u0163iar universitar Vulpe Nicolae, doctor habilitat \u00een \u015ftiin\u0163e fizico-matematice, profesor&hellip;&hellip;","_links":{"self":[{"href":"https:\/\/fmi.usm.md\/ru\/wp-json\/wp\/v2\/pages\/1063","targetHints":{"allow":["GET"]}}],"collection":[{"href":"https:\/\/fmi.usm.md\/ru\/wp-json\/wp\/v2\/pages"}],"about":[{"href":"https:\/\/fmi.usm.md\/ru\/wp-json\/wp\/v2\/types\/page"}],"author":[{"embeddable":true,"href":"https:\/\/fmi.usm.md\/ru\/wp-json\/wp\/v2\/users\/1"}],"replies":[{"embeddable":true,"href":"https:\/\/fmi.usm.md\/ru\/wp-json\/wp\/v2\/comments?post=1063"}],"version-history":[{"count":6,"href":"https:\/\/fmi.usm.md\/ru\/wp-json\/wp\/v2\/pages\/1063\/revisions"}],"predecessor-version":[{"id":6919,"href":"https:\/\/fmi.usm.md\/ru\/wp-json\/wp\/v2\/pages\/1063\/revisions\/6919"}],"wp:attachment":[{"href":"https:\/\/fmi.usm.md\/ru\/wp-json\/wp\/v2\/media?parent=1063"}],"curies":[{"name":"wp","href":"https:\/\/api.w.org\/{rel}","templated":true}]}}