{"id":1142,"date":"2023-05-02T12:19:44","date_gmt":"2023-05-02T09:19:44","guid":{"rendered":"https:\/\/new.usm.md\/?page_id=1142"},"modified":"2025-01-27T18:25:56","modified_gmt":"2025-01-27T15:25:56","slug":"erasmus-mobilitati-2018-2019","status":"publish","type":"page","link":"https:\/\/fmi.usm.md\/ru\/erasmus-mobilitati-2018-2019\/","title":{"rendered":"ERASMUS + Mobilitati 2018 &#8212; 2019"},"content":{"rendered":"<p>au fost lansate cateva apeluri de mobilitate pentru anul de studii 2018-2019:<\/p>\n<p>&nbsp;<\/p>\n<p><strong><img decoding=\"async\" src=\"http:\/\/fmi.usm.md\/wp-content\/uploads\/2023\/05\/116.png\" \/><\/strong><\/p>\n<p>&nbsp;<\/p>\n<p>Va \u00eendemn\u0103m s\u0103 participa\u021bi.<\/p>\n","protected":false},"excerpt":{"rendered":"<p>au fost lansate cateva apeluri de mobilitate pentru anul de studii 2018-2019: &nbsp; &nbsp; Va \u00eendemn\u0103m s\u0103 participa\u021bi.<\/p>\n","protected":false},"author":1,"featured_media":0,"parent":0,"menu_order":0,"comment_status":"closed","ping_status":"closed","template":"elementor_theme","meta":{"_seopress_robots_primary_cat":"","_seopress_titles_title":"","_seopress_titles_desc":"","_seopress_robots_index":"","footnotes":""},"class_list":["post-1142","page","type-page","status-publish","hentry"],"rttpg_featured_image_url":null,"rttpg_author":{"display_name":"","author_link":"https:\/\/fmi.usm.md\/ru\/author\/"},"rttpg_comment":0,"rttpg_category":null,"rttpg_excerpt":"au fost lansate cateva apeluri de mobilitate pentru anul de studii 2018-2019: &nbsp; &nbsp; Va \u00eendemn\u0103m s\u0103 participa\u021bi.","_links":{"self":[{"href":"https:\/\/fmi.usm.md\/ru\/wp-json\/wp\/v2\/pages\/1142","targetHints":{"allow":["GET"]}}],"collection":[{"href":"https:\/\/fmi.usm.md\/ru\/wp-json\/wp\/v2\/pages"}],"about":[{"href":"https:\/\/fmi.usm.md\/ru\/wp-json\/wp\/v2\/types\/page"}],"author":[{"embeddable":true,"href":"https:\/\/fmi.usm.md\/ru\/wp-json\/wp\/v2\/users\/1"}],"replies":[{"embeddable":true,"href":"https:\/\/fmi.usm.md\/ru\/wp-json\/wp\/v2\/comments?post=1142"}],"version-history":[{"count":1,"href":"https:\/\/fmi.usm.md\/ru\/wp-json\/wp\/v2\/pages\/1142\/revisions"}],"predecessor-version":[{"id":1144,"href":"https:\/\/fmi.usm.md\/ru\/wp-json\/wp\/v2\/pages\/1142\/revisions\/1144"}],"wp:attachment":[{"href":"https:\/\/fmi.usm.md\/ru\/wp-json\/wp\/v2\/media?parent=1142"}],"curies":[{"name":"wp","href":"https:\/\/api.w.org\/{rel}","templated":true}]}}