{"id":1147,"date":"2023-05-02T12:22:53","date_gmt":"2023-05-02T09:22:53","guid":{"rendered":"https:\/\/new.usm.md\/?page_id=1147"},"modified":"2025-01-27T18:26:35","modified_gmt":"2025-01-27T15:26:35","slug":"universitatea-vasile-alecsandri-din-bacau-burse-erasmus","status":"publish","type":"page","link":"https:\/\/fmi.usm.md\/ru\/universitatea-vasile-alecsandri-din-bacau-burse-erasmus\/","title":{"rendered":"Universitatea \u201dVasile Alecsandri\u201d din Bac\u0103u, Burse Erasmus+"},"content":{"rendered":"<div class=\"field field--name-body field--type-text-with-summary field--label-hidden field--item\">\n<p>Universitatea \u201dVasile Alecsandri\u201d\u00a0din Bac\u0103u,\u00a0Rom\u00e2nia.<\/p>\n<p>Ofert\u0103 de burse Erasmus+ termen de depunere a dosarului\u00a0<strong>10 noiembrie 2017.<\/strong><\/p>\n<p>Perioada de desf\u0103\u0219urare a mobilit\u0103\u021bii &#8212; semestrul II, anul academic 2017\/2018.<\/p>\n<p>Criterii:<br \/>\nStuden\u021bii viza\u021bi sunt cei din anul II (licenta) sau master (anul I) de la specializ\u0103ri din USM compatibile cu UBc precum: Limba \u0219i literatura rom\u00e2n\u0103 &#8212; Limba \u0219i literatura englez\u0103\/francez\u0103, Biologie, Matematic\u0103, Informatic\u0103, Pedagogia \u00eenv\u0103\u021b\u0103m\u00e2ntului primar (PIPP), Administrarea afacerilor.<\/p>\n<p>2 Mobilit\u0103\u021bi &#8212; burse &#8212; pentru Licen\u021b\u0103 \u0219i Master (Ph. D &#8212; Ingineria mediului),<br \/>\n1 Mobilitate\/grant &#8212; STA (proferori pentru predare),<br \/>\n1 Mobilitate\/grant &#8212; STT (administrativ &#8212; training).<\/p>\n<p>Mobilit\u0103\u021bile de studii (B,M,D) vor avea finan\u021bare pentru un semestru de studii (4,5 luni), \u00een jur de 3260 euro. Stagiul de predare\/formare (STA- STT) reprezint\u0103 5 zile de predare\/formare \u0219i 1 zi de transport \u00een valoare de 1020 euro.<\/p>\n<p>Termenul limit\u0103 de depunere a dosarelor 10.11.2017.<\/p>\n<p>DOSARUL DE CANDIDATUR\u0102 pentru studen\u021bi trebuie s\u0103 cuprind\u0103:<br \/>\n&#8212; un document oficial, eliberat de facultatea la care este \u00eenscris studentul, din care s\u0103 reias\u0103 situa\u021bia lui \u0219colar\u0103 la zi;<br \/>\n&#8212; CV european (\u00een limba rom\u00e2n\u0103);<br \/>\n&#8212; O scrisoare de motiva\u021bie adresat\u0103 Comisiei de selec\u021bie din Universitatea dvs.<\/p>\n<p>Pentru mobilit\u0103\u021bile de predare, se pot lua \u00een considerare toate domeniile de schimb incluse \u00een acordul Erasmus+.<\/p>\n<p>Pentru stagiile de predare \u0219i formare se vor depune urm\u0103toarele documente:<br \/>\n&#8212; CV european<br \/>\n&#8212; O scrisoare de inten\u021bie \u00een care este prezentat (pe scurt) \u0219i programul de predare\/formare propus a se derula la Universitatea \u201dVasile Alecsandri\u201d\u00a0din Bac\u0103u.<\/p>\n<p>Dosarul se depune format h\u00e2rtie la responsabilii de mobilitate academic\u0103 a facult\u0103\u021bii\u00a0<a href=\"http:\/\/usm.md\/?page_id=15126&amp;lang=ro\">http:\/\/usm.md\/?page_id=15126&amp;lang=ro<\/a>\u00a0\u0219i \u00een format PDF pe E-mail:\u00a0<a href=\"mailto:usm.international@yahoo.com\">usm.international@yahoo.com<\/a><br \/>\nInforma\u021biile suplimentare:\u00a0<a href=\"mailto:usm.international@yahoo.com\">usm.international@yahoo.com<\/a><\/p>\n<\/div>\n<div class=\"field field--name-field-tags field--type-entity-reference field--label-above\"><\/div>\n","protected":false},"excerpt":{"rendered":"<p>Universitatea \u201dVasile Alecsandri\u201d\u00a0din Bac\u0103u,\u00a0Rom\u00e2nia. Ofert\u0103 de burse Erasmus+ termen de depunere a dosarului\u00a010 noiembrie 2017. Perioada de desf\u0103\u0219urare a mobilit\u0103\u021bii &#8212; semestrul II, anul academic 2017\/2018. Criterii: Studen\u021bii viza\u021bi sunt cei din anul II (licenta) sau master (anul I) de la specializ\u0103ri din USM compatibile cu UBc precum: Limba \u0219i literatura rom\u00e2n\u0103 &#8212; Limba \u0219i&hellip; <br \/> <a class=\"read-more\" href=\"https:\/\/fmi.usm.md\/ru\/universitatea-vasile-alecsandri-din-bacau-burse-erasmus\/\">\u0427\u0438\u0442\u0430\u0442\u044c \u0434\u0430\u043b\u044c\u0448\u0435<\/a><\/p>\n","protected":false},"author":1,"featured_media":0,"parent":0,"menu_order":0,"comment_status":"closed","ping_status":"closed","template":"elementor_theme","meta":{"_seopress_robots_primary_cat":"","_seopress_titles_title":"","_seopress_titles_desc":"","_seopress_robots_index":"","footnotes":""},"class_list":["post-1147","page","type-page","status-publish","hentry"],"rttpg_featured_image_url":null,"rttpg_author":{"display_name":"","author_link":"https:\/\/fmi.usm.md\/ru\/author\/"},"rttpg_comment":0,"rttpg_category":null,"rttpg_excerpt":"Universitatea \u201dVasile Alecsandri\u201d\u00a0din Bac\u0103u,\u00a0Rom\u00e2nia. Ofert\u0103 de burse Erasmus+ termen de depunere a dosarului\u00a010 noiembrie 2017. Perioada de desf\u0103\u0219urare a mobilit\u0103\u021bii &#8212; semestrul II, anul academic 2017\/2018. Criterii: Studen\u021bii viza\u021bi sunt cei din anul II (licenta) sau master (anul I) de la specializ\u0103ri din USM compatibile cu UBc precum: Limba \u0219i literatura rom\u00e2n\u0103 &#8212; Limba \u0219i&hellip;&hellip;","_links":{"self":[{"href":"https:\/\/fmi.usm.md\/ru\/wp-json\/wp\/v2\/pages\/1147","targetHints":{"allow":["GET"]}}],"collection":[{"href":"https:\/\/fmi.usm.md\/ru\/wp-json\/wp\/v2\/pages"}],"about":[{"href":"https:\/\/fmi.usm.md\/ru\/wp-json\/wp\/v2\/types\/page"}],"author":[{"embeddable":true,"href":"https:\/\/fmi.usm.md\/ru\/wp-json\/wp\/v2\/users\/1"}],"replies":[{"embeddable":true,"href":"https:\/\/fmi.usm.md\/ru\/wp-json\/wp\/v2\/comments?post=1147"}],"version-history":[{"count":1,"href":"https:\/\/fmi.usm.md\/ru\/wp-json\/wp\/v2\/pages\/1147\/revisions"}],"predecessor-version":[{"id":1148,"href":"https:\/\/fmi.usm.md\/ru\/wp-json\/wp\/v2\/pages\/1147\/revisions\/1148"}],"wp:attachment":[{"href":"https:\/\/fmi.usm.md\/ru\/wp-json\/wp\/v2\/media?parent=1147"}],"curies":[{"name":"wp","href":"https:\/\/api.w.org\/{rel}","templated":true}]}}