{"id":175,"date":"2023-04-19T13:23:15","date_gmt":"2023-04-19T10:23:15","guid":{"rendered":"https:\/\/new.usm.md\/?page_id=175"},"modified":"2025-02-15T18:47:19","modified_gmt":"2025-02-15T15:47:19","slug":"ion-bet","status":"publish","type":"page","link":"https:\/\/fmi.usm.md\/ru\/ion-bet\/","title":{"rendered":"Ion Be\u0163"},"content":{"rendered":"<div class=\"firstname\" style=\"text-align: center;\">\n<div class=\"field field--name-field-prenume field--type-string field--label-visually_hidden\">\n<h2><\/h2>\n<h2 class=\"field--item\">Ion Be\u0163<\/h2>\n<\/div>\n<\/div>\n<div class=\"lastname\" style=\"text-align: center;\">\n<div class=\"field field--name-field-nume field--type-string field--label-visually_hidden\">\n<h2 class=\"field--label sr-only\">Num<\/h2>\n<\/div>\n<\/div>\n<div class=\"field field--name-field-grad-stiintific field--type-entity-reference field--label-visually_hidden\" style=\"text-align: center;\">\n<div class=\"field--label sr-only\">Grad \u015ftiin\u0163ific<\/div>\n<div class=\"field field--name-field-grad-stiintific field--type-entity-reference field--label-visually_hidden\">\n<div class=\"field--item\">\u0434\u043e\u043a\u0442\u043e\u0440<\/div>\n<\/div>\n<div class=\"field field--name-field-titlu-didactic field--type-entity-reference field--label-visually_hidden\">\n<div class=\"field--label sr-only\">\u0410\u043a\u0430\u0434\u0435\u043c\u0438\u0447\u0435\u0441\u043a\u043e\u0435 \u0437\u0432\u0430\u043d\u0438\u0435\/\u0434\u043e\u043b\u0436\u043d\u043e\u0441\u0442\u044c<\/div>\n<div class=\"field--item\">\u043f\u0440\u0435\u043f\u043e\u0434\u0430\u0432\u0430\u0442\u0435\u043b\u044c<\/div>\n<\/div>\n<div class=\"field field--name-field-departament field--type-entity-reference field--label-visually_hidden\">\n<div class=\"field--label sr-only\">\u0414\u0435\u043f\u0430\u0440\u0442\u0430\u043c\u0435\u043d\u0442<\/div>\n<div class=\"field--item\">\u0414\u0435\u043f\u0430\u0440\u0442\u0430\u043c\u0435\u043d\u0442 \u041c\u0430\u0442\u0435\u043c\u0430\u0442\u0438\u043a\u0438<\/div>\n<\/div>\n<\/div>\n","protected":false},"excerpt":{"rendered":"<p>Ion Be\u0163 Num Grad \u015ftiin\u0163ific \u0434\u043e\u043a\u0442\u043e\u0440 \u0410\u043a\u0430\u0434\u0435\u043c\u0438\u0447\u0435\u0441\u043a\u043e\u0435 \u0437\u0432\u0430\u043d\u0438\u0435\/\u0434\u043e\u043b\u0436\u043d\u043e\u0441\u0442\u044c \u043f\u0440\u0435\u043f\u043e\u0434\u0430\u0432\u0430\u0442\u0435\u043b\u044c \u0414\u0435\u043f\u0430\u0440\u0442\u0430\u043c\u0435\u043d\u0442 \u0414\u0435\u043f\u0430\u0440\u0442\u0430\u043c\u0435\u043d\u0442 \u041c\u0430\u0442\u0435\u043c\u0430\u0442\u0438\u043a\u0438<\/p>\n","protected":false},"author":1,"featured_media":0,"parent":0,"menu_order":0,"comment_status":"closed","ping_status":"closed","template":"elementor_theme","meta":{"_seopress_robots_primary_cat":"","_seopress_titles_title":"","_seopress_titles_desc":"","_seopress_robots_index":"","footnotes":""},"class_list":["post-175","page","type-page","status-publish","hentry"],"rttpg_featured_image_url":null,"rttpg_author":{"display_name":"","author_link":"https:\/\/fmi.usm.md\/ru\/author\/"},"rttpg_comment":0,"rttpg_category":null,"rttpg_excerpt":"Ion Be\u0163 Num Grad \u015ftiin\u0163ific \u0434\u043e\u043a\u0442\u043e\u0440 \u0410\u043a\u0430\u0434\u0435\u043c\u0438\u0447\u0435\u0441\u043a\u043e\u0435 \u0437\u0432\u0430\u043d\u0438\u0435\/\u0434\u043e\u043b\u0436\u043d\u043e\u0441\u0442\u044c \u043f\u0440\u0435\u043f\u043e\u0434\u0430\u0432\u0430\u0442\u0435\u043b\u044c \u0414\u0435\u043f\u0430\u0440\u0442\u0430\u043c\u0435\u043d\u0442 \u0414\u0435\u043f\u0430\u0440\u0442\u0430\u043c\u0435\u043d\u0442 \u041c\u0430\u0442\u0435\u043c\u0430\u0442\u0438\u043a\u0438","_links":{"self":[{"href":"https:\/\/fmi.usm.md\/ru\/wp-json\/wp\/v2\/pages\/175","targetHints":{"allow":["GET"]}}],"collection":[{"href":"https:\/\/fmi.usm.md\/ru\/wp-json\/wp\/v2\/pages"}],"about":[{"href":"https:\/\/fmi.usm.md\/ru\/wp-json\/wp\/v2\/types\/page"}],"author":[{"embeddable":true,"href":"https:\/\/fmi.usm.md\/ru\/wp-json\/wp\/v2\/users\/1"}],"replies":[{"embeddable":true,"href":"https:\/\/fmi.usm.md\/ru\/wp-json\/wp\/v2\/comments?post=175"}],"version-history":[{"count":5,"href":"https:\/\/fmi.usm.md\/ru\/wp-json\/wp\/v2\/pages\/175\/revisions"}],"predecessor-version":[{"id":4341,"href":"https:\/\/fmi.usm.md\/ru\/wp-json\/wp\/v2\/pages\/175\/revisions\/4341"}],"wp:attachment":[{"href":"https:\/\/fmi.usm.md\/ru\/wp-json\/wp\/v2\/media?parent=175"}],"curies":[{"name":"wp","href":"https:\/\/api.w.org\/{rel}","templated":true}]}}