{"id":4494,"date":"2025-02-28T13:26:46","date_gmt":"2025-02-28T10:26:46","guid":{"rendered":"https:\/\/fmi.usm.md\/?page_id=4494"},"modified":"2026-03-23T00:18:58","modified_gmt":"2026-03-22T21:18:58","slug":"practica","status":"publish","type":"page","link":"https:\/\/fmi.usm.md\/ru\/practica\/","title":{"rendered":"Practica"},"content":{"rendered":"<h3 style=\"text-align: center;\"><span style=\"font-size: 23px;\"><strong>Anul de studii 2025-2026<\/strong><\/span><\/h3>\n<p>&nbsp;<\/p>\n<table>\n<tbody>\n<tr>\n<td style=\"background-color: #475759eb; vertical-align: middle;\" width=\"20%\">\n<h3 style=\"text-align: center;\"><span style=\"color: #ffffff;\">Practica de ini\u021biere<br \/>\n\u00een specialitate<\/span><\/h3>\n<\/td>\n<td width=\"25%\">\n<h3>Ciclul I, Licen\u0163\u0103, ZI<\/h3>\n<p style=\"text-align: left;\"><strong>Anul I<\/strong><br \/>\n01.06.2026 &#8212; 14.06.2026<\/p>\n<\/td>\n<td width=\"25%\">\n<h3>Ciclul I, Licen\u0163\u0103, FR<\/h3>\n<p><strong>Anul I<br \/>\n<\/strong>22.09.2025 &#8212; 07.06.2026<\/p>\n<p>&nbsp;<\/td>\n<td width=\"30%\"><\/td>\n<\/tr>\n<\/tbody>\n<\/table>\n<table>\n<tbody>\n<tr>\n<td style=\"background-color: #475759eb; vertical-align: middle;\" width=\"20%\">\n<h3 style=\"text-align: center;\"><span style=\"color: #ffffff;\">Practica de specialitate<\/span><\/h3>\n<\/td>\n<td width=\"25%\">\n<h3>Ciclul I, Licen\u0163\u0103, ZI<\/h3>\n<p style=\"text-align: left;\"><strong>Anul II<\/strong><br \/>\n<a href=\"https:\/\/fmi.usm.md\/wp-content\/uploads\/2026\/03\/practica_an_2.pdf\">01.06.2026 &#8212; 26.06.2026<\/a><br \/>\nSus\u021binerea rapoartelor<br \/>\n29.06.2026 &#8212; 30.06.2026<\/p>\n<\/td>\n<td width=\"25%\">\n<h3>Ciclul I, Licen\u0163\u0103, FR<\/h3>\n<p><strong>Anul III<br \/>\n<\/strong><a href=\"https:\/\/fmi.usm.md\/wp-content\/uploads\/2025\/08\/aviz-fr-practica-2025.pdf\" target=\"_blank\" rel=\"noopener\">06.04.2026 &#8212; 08.05.2026<\/a><br \/>\nSus\u021binerea rapoartelor<br \/>\n10.06.2026 &#8212; 13.06.2026<strong><br \/>\n<\/strong><\/p>\n<p>&nbsp;<\/td>\n<td width=\"30%\">\n<h3>Ciclul II, Master<\/h3>\n<p><strong>Anul II<br \/>\n<\/strong><a href=\"https:\/\/fmi.usm.md\/wp-content\/uploads\/2025\/08\/aviz-master-practica-2025.pdf\" target=\"_blank\" rel=\"noopener\">17.11.2025 &#8212; 21.12.2025<\/a><\/td>\n<\/tr>\n<\/tbody>\n<\/table>\n<table>\n<tbody>\n<tr>\n<td style=\"background-color: #475759eb; vertical-align: middle;\" width=\"20%\">\n<h3 style=\"text-align: center;\"><span style=\"color: #ffffff;\">Practica de<br \/>\nproduc\u021bie \/ pedagogic\u0103<\/span><\/h3>\n<\/td>\n<td width=\"25%\">\n<h3>Ciclul I, Licen\u0163\u0103, ZI<\/h3>\n<p style=\"text-align: left;\"><strong>Anul III<\/strong><br \/>\n<a href=\"https:\/\/fmi.usm.md\/wp-content\/uploads\/2025\/11\/practica_an_3_lic_zi.pdf\">12.01.2026 &#8212; 21.02.2026<\/a><br \/>\nSus\u021binerea rapoartelor<br \/>\n23.02.2026 &#8212; 28.02.2026<\/p>\n<\/td>\n<td width=\"25%\">\n<h3>Ciclul I, Licen\u0163\u0103, FR<\/h3>\n<p><strong>Anul IV<br \/>\n<\/strong>23.03.2026 &#8212; 02.05.2026<br \/>\nSus\u021binerea rapoartelor<br \/>\n04.05.2026 &#8212; 09.05.2026<strong><br \/>\n<\/strong><\/td>\n<td width=\"30%\"><\/td>\n<\/tr>\n<\/tbody>\n<\/table>\n<table>\n<tbody>\n<tr>\n<td style=\"background-color: #475759eb; vertical-align: middle;\" width=\"20%\">\n<h3 style=\"text-align: center;\"><span style=\"color: #ffffff;\">Practica de<br \/>\ncercetare<\/span><\/h3>\n<\/td>\n<td width=\"25%\">\n<h3>Ciclul I, Licen\u0163\u0103, ZI<\/h3>\n<p style=\"text-align: left;\"><strong>Anul III<\/strong><br \/>\n11.05.2026 &#8212; 07.06.2026<\/p>\n<\/td>\n<td width=\"25%\">\n<h3>Ciclul I, Licen\u0163\u0103, FR<\/h3>\n<p><strong>Anul IV<br \/>\n<\/strong>04.05.2026 &#8212; 29.05.2026<\/p>\n<p>&nbsp;<\/td>\n<td width=\"30%\"><\/td>\n<\/tr>\n<\/tbody>\n<\/table>\n","protected":false},"excerpt":{"rendered":"<p>Anul de studii 2025-2026 &nbsp; Practica de ini\u021biere \u00een specialitate Ciclul I, Licen\u0163\u0103, ZI Anul I 01.06.2026 &#8212; 14.06.2026 Ciclul I, Licen\u0163\u0103, FR Anul I 22.09.2025 &#8212; 07.06.2026 &nbsp; Practica de specialitate Ciclul I, Licen\u0163\u0103, ZI Anul II 01.06.2026 &#8212; 26.06.2026 Sus\u021binerea rapoartelor 29.06.2026 &#8212; 30.06.2026 Ciclul I, Licen\u0163\u0103, FR Anul III 06.04.2026 &#8212; 08.05.2026&hellip; <br \/> <a class=\"read-more\" href=\"https:\/\/fmi.usm.md\/ru\/practica\/\">\u0427\u0438\u0442\u0430\u0442\u044c \u0434\u0430\u043b\u044c\u0448\u0435<\/a><\/p>\n","protected":false},"author":1,"featured_media":4465,"parent":0,"menu_order":0,"comment_status":"closed","ping_status":"closed","template":"","meta":{"_seopress_robots_primary_cat":"","_seopress_titles_title":"","_seopress_titles_desc":"","_seopress_robots_index":"","footnotes":""},"class_list":["post-4494","page","type-page","status-publish","has-post-thumbnail","hentry"],"rttpg_featured_image_url":{"full":["https:\/\/fmi.usm.md\/wp-content\/uploads\/2025\/02\/20250225_110413-scaled.jpg",2560,1920,false],"landscape":["https:\/\/fmi.usm.md\/wp-content\/uploads\/2025\/02\/20250225_110413-scaled.jpg",2560,1920,false],"portraits":["https:\/\/fmi.usm.md\/wp-content\/uploads\/2025\/02\/20250225_110413-scaled.jpg",2560,1920,false],"thumbnail":["https:\/\/fmi.usm.md\/wp-content\/uploads\/2025\/02\/20250225_110413-150x150.jpg",150,150,true],"medium":["https:\/\/fmi.usm.md\/wp-content\/uploads\/2025\/02\/20250225_110413-300x225.jpg",300,225,true],"large":["https:\/\/fmi.usm.md\/wp-content\/uploads\/2025\/02\/20250225_110413-1024x768.jpg",1024,768,true],"master_addons_team_thumb":["https:\/\/fmi.usm.md\/wp-content\/uploads\/2025\/02\/20250225_110413-250x330.jpg",250,330,true],"1536x1536":["https:\/\/fmi.usm.md\/wp-content\/uploads\/2025\/02\/20250225_110413-1536x1152.jpg",1536,1152,true],"2048x2048":["https:\/\/fmi.usm.md\/wp-content\/uploads\/2025\/02\/20250225_110413-2048x1536.jpg",2048,1536,true],"htmega_size_585x295":["https:\/\/fmi.usm.md\/wp-content\/uploads\/2025\/02\/20250225_110413-585x295.jpg",585,295,true],"htmega_size_1170x536":["https:\/\/fmi.usm.md\/wp-content\/uploads\/2025\/02\/20250225_110413-1170x536.jpg",1170,536,true],"htmega_size_396x360":["https:\/\/fmi.usm.md\/wp-content\/uploads\/2025\/02\/20250225_110413-396x360.jpg",396,360,true],"post-thumbnail":["https:\/\/fmi.usm.md\/wp-content\/uploads\/2025\/02\/20250225_110413-1024x768.jpg",1024,768,true],"mesmerize-full-hd":["https:\/\/fmi.usm.md\/wp-content\/uploads\/2025\/02\/20250225_110413-1440x1080.jpg",1440,1080,true]},"rttpg_author":{"display_name":"","author_link":"https:\/\/fmi.usm.md\/ru\/author\/"},"rttpg_comment":0,"rttpg_category":null,"rttpg_excerpt":"Anul de studii 2025-2026 &nbsp; Practica de ini\u021biere \u00een specialitate Ciclul I, Licen\u0163\u0103, ZI Anul I 01.06.2026 &#8212; 14.06.2026 Ciclul I, Licen\u0163\u0103, FR Anul I 22.09.2025 &#8212; 07.06.2026 &nbsp; Practica de specialitate Ciclul I, Licen\u0163\u0103, ZI Anul II 01.06.2026 &#8212; 26.06.2026 Sus\u021binerea rapoartelor 29.06.2026 &#8212; 30.06.2026 Ciclul I, Licen\u0163\u0103, FR Anul III 06.04.2026 &#8212; 08.05.2026&hellip;&hellip;","_links":{"self":[{"href":"https:\/\/fmi.usm.md\/ru\/wp-json\/wp\/v2\/pages\/4494","targetHints":{"allow":["GET"]}}],"collection":[{"href":"https:\/\/fmi.usm.md\/ru\/wp-json\/wp\/v2\/pages"}],"about":[{"href":"https:\/\/fmi.usm.md\/ru\/wp-json\/wp\/v2\/types\/page"}],"author":[{"embeddable":true,"href":"https:\/\/fmi.usm.md\/ru\/wp-json\/wp\/v2\/users\/1"}],"replies":[{"embeddable":true,"href":"https:\/\/fmi.usm.md\/ru\/wp-json\/wp\/v2\/comments?post=4494"}],"version-history":[{"count":22,"href":"https:\/\/fmi.usm.md\/ru\/wp-json\/wp\/v2\/pages\/4494\/revisions"}],"predecessor-version":[{"id":7190,"href":"https:\/\/fmi.usm.md\/ru\/wp-json\/wp\/v2\/pages\/4494\/revisions\/7190"}],"wp:featuredmedia":[{"embeddable":true,"href":"https:\/\/fmi.usm.md\/ru\/wp-json\/wp\/v2\/media\/4465"}],"wp:attachment":[{"href":"https:\/\/fmi.usm.md\/ru\/wp-json\/wp\/v2\/media?parent=4494"}],"curies":[{"name":"wp","href":"https:\/\/api.w.org\/{rel}","templated":true}]}}