{"id":495,"date":"2023-04-19T14:25:05","date_gmt":"2023-04-19T11:25:05","guid":{"rendered":"https:\/\/new.usm.md\/?page_id=495"},"modified":"2025-01-27T18:26:35","modified_gmt":"2025-01-27T15:26:35","slug":"valeriu-gutu","status":"publish","type":"page","link":"https:\/\/fmi.usm.md\/ru\/valeriu-gutu\/","title":{"rendered":"Valeriu Gu\u0163u"},"content":{"rendered":"<h2><img alt=\"\" fetchpriority=\"high\" decoding=\"async\" class=\"size-medium wp-image-154 aligncenter\" src=\"http:\/\/fmi.usm.md\/wp-content\/uploads\/2023\/04\/photo_2023-04-19_12-55-05-300x300.jpg\" alt=\"\" width=\"300\" height=\"300\" \/><\/h2>\n<div class=\"firstname\">\n<div class=\"field field--name-field-prenume field--type-string field--label-visually_hidden\">\n<h2 class=\"field--item\" style=\"text-align: center;\">Valeriu Gu\u0163u<\/h2>\n<\/div>\n<\/div>\n<div class=\"lastname\" style=\"text-align: center;\">\n<div class=\"field field--name-field-nume field--type-string field--label-visually_hidden\">\n<div class=\"field--label sr-only\">Nume<\/div>\n<\/div>\n<\/div>\n<div class=\"field field--name-field-grad-stiintific field--type-entity-reference field--label-visually_hidden\">\n<div class=\"field--label sr-only\" style=\"text-align: center;\">Grad \u015ftiin\u0163ific<\/div>\n<div class=\"field field--name-field-grad-stiintific field--type-entity-reference field--label-visually_hidden\" style=\"text-align: center;\">\n<div class=\"field--item\">\u0434\u043e\u043a\u0442\u043e\u0440<\/div>\n<\/div>\n<div class=\"field field--name-field-titlu-didactic field--type-entity-reference field--label-visually_hidden\" style=\"text-align: center;\">\n<div class=\"field--label sr-only\">\u0410\u043a\u0430\u0434\u0435\u043c\u0438\u0447\u0435\u0441\u043a\u043e\u0435 \u0437\u0432\u0430\u043d\u0438\u0435\/\u0434\u043e\u043b\u0436\u043d\u043e\u0441\u0442\u044c<\/div>\n<div class=\"field--item\">\u0434\u043e\u0446\u0435\u043d\u0442<\/div>\n<\/div>\n<div class=\"field field--name-field-departament field--type-entity-reference field--label-visually_hidden\">\n<div class=\"field--label sr-only\" style=\"text-align: center;\">\u0414\u0435\u043f\u0430\u0440\u0442\u0430\u043c\u0435\u043d\u0442<\/div>\n<div class=\"field--item\" style=\"text-align: center;\">\u0414\u0435\u043f\u0430\u0440\u0442\u0430\u043c\u0435\u043d\u0442 \u041c\u0430\u0442\u0435\u043c\u0430\u0442\u0438\u043a\u0438<\/div>\n<\/div>\n<\/div>\n","protected":false},"excerpt":{"rendered":"<p>Valeriu Gu\u0163u Nume Grad \u015ftiin\u0163ific \u0434\u043e\u043a\u0442\u043e\u0440 \u0410\u043a\u0430\u0434\u0435\u043c\u0438\u0447\u0435\u0441\u043a\u043e\u0435 \u0437\u0432\u0430\u043d\u0438\u0435\/\u0434\u043e\u043b\u0436\u043d\u043e\u0441\u0442\u044c \u0434\u043e\u0446\u0435\u043d\u0442 \u0414\u0435\u043f\u0430\u0440\u0442\u0430\u043c\u0435\u043d\u0442 \u0414\u0435\u043f\u0430\u0440\u0442\u0430\u043c\u0435\u043d\u0442 \u041c\u0430\u0442\u0435\u043c\u0430\u0442\u0438\u043a\u0438<\/p>\n","protected":false},"author":1,"featured_media":0,"parent":0,"menu_order":0,"comment_status":"closed","ping_status":"closed","template":"elementor_theme","meta":{"_seopress_robots_primary_cat":"","_seopress_titles_title":"","_seopress_titles_desc":"","_seopress_robots_index":"","footnotes":""},"class_list":["post-495","page","type-page","status-publish","hentry"],"rttpg_featured_image_url":null,"rttpg_author":{"display_name":"","author_link":"https:\/\/fmi.usm.md\/ru\/author\/"},"rttpg_comment":0,"rttpg_category":null,"rttpg_excerpt":"Valeriu Gu\u0163u Nume Grad \u015ftiin\u0163ific \u0434\u043e\u043a\u0442\u043e\u0440 \u0410\u043a\u0430\u0434\u0435\u043c\u0438\u0447\u0435\u0441\u043a\u043e\u0435 \u0437\u0432\u0430\u043d\u0438\u0435\/\u0434\u043e\u043b\u0436\u043d\u043e\u0441\u0442\u044c \u0434\u043e\u0446\u0435\u043d\u0442 \u0414\u0435\u043f\u0430\u0440\u0442\u0430\u043c\u0435\u043d\u0442 \u0414\u0435\u043f\u0430\u0440\u0442\u0430\u043c\u0435\u043d\u0442 \u041c\u0430\u0442\u0435\u043c\u0430\u0442\u0438\u043a\u0438","_links":{"self":[{"href":"https:\/\/fmi.usm.md\/ru\/wp-json\/wp\/v2\/pages\/495","targetHints":{"allow":["GET"]}}],"collection":[{"href":"https:\/\/fmi.usm.md\/ru\/wp-json\/wp\/v2\/pages"}],"about":[{"href":"https:\/\/fmi.usm.md\/ru\/wp-json\/wp\/v2\/types\/page"}],"author":[{"embeddable":true,"href":"https:\/\/fmi.usm.md\/ru\/wp-json\/wp\/v2\/users\/1"}],"replies":[{"embeddable":true,"href":"https:\/\/fmi.usm.md\/ru\/wp-json\/wp\/v2\/comments?post=495"}],"version-history":[{"count":4,"href":"https:\/\/fmi.usm.md\/ru\/wp-json\/wp\/v2\/pages\/495\/revisions"}],"predecessor-version":[{"id":513,"href":"https:\/\/fmi.usm.md\/ru\/wp-json\/wp\/v2\/pages\/495\/revisions\/513"}],"wp:attachment":[{"href":"https:\/\/fmi.usm.md\/ru\/wp-json\/wp\/v2\/media?parent=495"}],"curies":[{"name":"wp","href":"https:\/\/api.w.org\/{rel}","templated":true}]}}