{"id":549,"date":"2023-04-20T11:42:34","date_gmt":"2023-04-20T08:42:34","guid":{"rendered":"https:\/\/new.usm.md\/?page_id=549"},"modified":"2025-01-27T18:26:35","modified_gmt":"2025-01-27T15:26:35","slug":"vladimir-patiuc","status":"publish","type":"page","link":"https:\/\/fmi.usm.md\/ru\/vladimir-patiuc\/","title":{"rendered":"Vladimir Pa\u0163iuc"},"content":{"rendered":"<p><img alt=\"\" fetchpriority=\"high\" decoding=\"async\" class=\"alignnone size-medium wp-image-550 aligncenter\" src=\"http:\/\/fmi.usm.md\/wp-content\/uploads\/2023\/04\/Foto_Patsiuk_750_990_0-227x300.jpg\" alt=\"\" width=\"227\" height=\"300\" \/><\/p>\n<h2 style=\"text-align: center;\">Vladimir Pa\u0163iuc<\/h2>\n<div class=\"field field--name-field-grad-stiintific field--type-entity-reference field--label-visually_hidden\" style=\"text-align: center;\">\n<div class=\"field--item\">\n<div class=\"field field--name-field-grad-stiintific field--type-entity-reference field--label-visually_hidden\">\n<div class=\"field--item\">\u0434\u043e\u043a\u0442\u043e\u0440<\/div>\n<\/div>\n<div class=\"field field--name-field-titlu-didactic field--type-entity-reference field--label-visually_hidden\">\n<div class=\"field--label sr-only\">\u0410\u043a\u0430\u0434\u0435\u043c\u0438\u0447\u0435\u0441\u043a\u043e\u0435 \u0437\u0432\u0430\u043d\u0438\u0435\/\u0434\u043e\u043b\u0436\u043d\u043e\u0441\u0442\u044c<\/div>\n<div class=\"field--item\">\u0434\u043e\u0446\u0435\u043d\u0442<\/div>\n<\/div>\n<div class=\"field field--name-field-departament field--type-entity-reference field--label-visually_hidden\">\n<div class=\"field--label sr-only\">\u0414\u0435\u043f\u0430\u0440\u0442\u0430\u043c\u0435\u043d\u0442<\/div>\n<div class=\"field--item\">\u0414\u0435\u043f\u0430\u0440\u0442\u0430\u043c\u0435\u043d\u0442 \u041c\u0430\u0442\u0435\u043c\u0430\u0442\u0438\u043a\u0438<\/div>\n<\/div>\n<\/div>\n<\/div>\n<div class=\"field field--name-field-departament field--type-entity-reference field--label-visually_hidden\">\n<div>\n<div class=\"pp_section\">\n<div class=\"pp_value\">\n<div class=\"field field--name-field-studii field--type-text-long field--label-above\">\n<div class=\"field--label\">Studii<\/div>\n<div class=\"field--item\">\n<p>Facultatea de Matematic\u0103 \u015fi Informatic\u0103 a USM (1970 &#8212; 1975)<\/p>\n<p>Doctorand la Centrul de Calcul la Filial\u0103 Siberiana a Academiei de Stiinte URSS, or. Novosibirsk (1976 &#8212; 1979)<\/p>\n<p><strong>TITLURI<\/strong><\/p>\n<p>Conferen\u0163iar Universitar (Chi\u015fin\u0103u, 1992)<\/p>\n<p><span lang=\"RO\" xml:lang=\"RO\">Doctor \u00een \u015ftiin\u0163e fizico-matematice (Novosibirsk, Rusia, 1983)<\/span><\/p>\n<\/div>\n<\/div>\n<\/div>\n<\/div>\n<div class=\"pp_section\">\n<div class=\"pp_label\"><\/div>\n<div class=\"pp_value\">\n<div class=\"field field--name-field-experienta-profesionala field--type-text-long field--label-above\">\n<div class=\"field--label\">Experien\u021ba profesional\u0103<\/div>\n<div class=\"field--item\">\n<ol>\n<li>Conferen\u0163iar Universitar la catedra<br \/>\nMatematic\u0103 Aplicat\u0103 USM (denumirea actual\u0103 &#8212;<br \/>\nDepartamentul Matematica) \u00a0\u00a0\u00a0\u00a0\u00a0\u00a0\u00a0\u00a0\u00a0\u00a0\u00a0\u00a0\u00a0\u00a0\u00a0\u00a0\u00a0\u00a0\u00a0\u00a0\u00a0\u00a0\u00a0\u00a0\u00a0\u00a0\u00a0\u00a0\u00a0\u00a0\u00a0\u00a0\u00a0\u00a0\u00a0\u00a0\u00a0\u00a0\u00a0\u00a0\u00a0\u00a0\u00a0\u00a0\u00a0\u00a0\u00a0\u00a0\u00a0\u00a0\u00a0\u00a0\u00a0\u00a0\u00a0\u00a0\u00a0\u00a0\u00a0\u00a0\u00a0 05.11.1988 p\u00e2n\u0103 \u00een prezent<\/li>\n<li>Inginer Principal a proiectului la Centrul de<br \/>\nCalcul al U.S.M., Chi\u015fin\u0103u \u00a0\u00a0\u00a0\u00a0\u00a0\u00a0\u00a0\u00a0\u00a0\u00a0\u00a0\u00a0\u00a0\u00a0\u00a0\u00a0\u00a0\u00a0\u00a0\u00a0\u00a0\u00a0\u00a0\u00a0\u00a0\u00a0\u00a0\u00a0\u00a0\u00a0\u00a0\u00a0\u00a0\u00a0\u00a0\u00a0\u00a0\u00a0\u00a0\u00a0\u00a0\u00a0\u00a0\u00a0\u00a0\u00a0\u00a0\u00a0\u00a0\u00a0\u00a0\u00a0\u00a0\u00a0\u00a0\u00a0\u00a0\u00a0\u00a0\u00a0\u00a0\u00a0\u00a0\u00a0\u00a0 01.01.1988 &#8212; 04.11.1988<\/li>\n<li>\u015eef de grup\u0103 la Centrul de Calcul al U.S.M., Chi\u015fin\u0103u \u00a0\u00a0\u00a0\u00a0\u00a0\u00a0\u00a0\u00a0\u00a0\u00a0\u00a0\u00a0\u00a0\u00a0\u00a0\u00a0\u00a0\u00a0\u00a0\u00a0\u00a0\u00a0 01.01.1981 &#8212; 31.12.1987<\/li>\n<li>Inginer-programator superior la Centrul de<br \/>\nCalcul al U.S.M., Chi\u015fin\u0103u\u00a0\u00a0\u00a0\u00a0\u00a0\u00a0\u00a0\u00a0\u00a0\u00a0\u00a0\u00a0\u00a0\u00a0\u00a0\u00a0\u00a0\u00a0\u00a0\u00a0\u00a0\u00a0\u00a0\u00a0\u00a0\u00a0\u00a0\u00a0\u00a0\u00a0\u00a0\u00a0\u00a0\u00a0\u00a0\u00a0\u00a0\u00a0\u00a0\u00a0\u00a0\u00a0\u00a0\u00a0\u00a0\u00a0\u00a0\u00a0\u00a0\u00a0\u00a0\u00a0\u00a0\u00a0\u00a0\u00a0\u00a0\u00a0\u00a0\u00a0\u00a0\u00a0\u00a0\u00a0\u00a0\u00a0 12.12.1979 &#8212; 31.12.1980<\/li>\n<li>Aspirant la Centrul de Calcul la Filial\u0103 Siberiana<br \/>\na A.\u015e. al U.R.S.S., Novosibirsk\u00a0\u00a0\u00a0\u00a0\u00a0\u00a0\u00a0\u00a0\u00a0\u00a0\u00a0\u00a0\u00a0\u00a0\u00a0\u00a0\u00a0\u00a0\u00a0\u00a0\u00a0\u00a0\u00a0\u00a0\u00a0\u00a0\u00a0\u00a0\u00a0\u00a0\u00a0\u00a0\u00a0\u00a0\u00a0\u00a0\u00a0\u00a0\u00a0\u00a0\u00a0\u00a0\u00a0\u00a0\u00a0\u00a0\u00a0\u00a0\u00a0\u00a0\u00a0\u00a0\u00a0\u00a0\u00a0\u00a0\u00a0\u00a0\u00a0 11.12.1976 &#8212; 11.12.1979<\/li>\n<li>Inginer-programator la Centrul de Calcul al U.S.M., Chi\u015fin\u0103u \u00a0\u00a0\u00a0\u00a0\u00a0\u00a0\u00a0\u00a0\u00a0\u00a0\u00a0 01.08.1975 &#8212; 11.12.1976<\/li>\n<\/ol>\n<\/div>\n<\/div>\n<\/div>\n<\/div>\n<div class=\"pp_section\">\n<div class=\"pp_label\"><\/div>\n<div class=\"pp_value\">\n<div class=\"field field--name-field-activitatea-didactica field--type-text-long field--label-above\">\n<div class=\"field--label\">Activitatea didactic\u0103<\/div>\n<div class=\"field--item\">\n<p>Cursuri predate:<\/p>\n<p>Analiza Numerica<\/p>\n<\/div>\n<\/div>\n<\/div>\n<\/div>\n<div class=\"pp_section\">\n<div class=\"pp_label\"><\/div>\n<div class=\"pp_value\">\n<div class=\"field field--name-field-activitatea-stiintifica field--type-text-long field--label-above\">\n<div class=\"field--label\">Activitatea \u0219tiin\u021bific\u0103<\/div>\n<div class=\"field--item\">\n<p><span lang=\"RO\" xml:lang=\"RO\">Am preg\u0103tit 2 doctori \u00een\u00a0<\/span>\u015f<span lang=\"RO\" xml:lang=\"RO\">tiin\u0163e fizico-matematice la specialitatea 01.01.07 \u2013 Matematica\u00a0<\/span>de Calcul<span lang=\"RO\" xml:lang=\"RO\">.<\/span><\/p>\n<p>\u00cen total 171 de publica\u0163ii didactico-\u015ftiin\u0163ifice.<\/p>\n<p>Dintre care: 10 monografii, 86 articole \u0219tiin\u021bifice, 2 lucr\u0103ri didactice \u0219i 1 brevet<\/p>\n<p>Publica\u0163ii, dintre ultimele:<\/p>\n<p>&nbsp;<\/p>\n<ul>\n<li><span lang=\"RO\" xml:lang=\"RO\">V. BERZAN, V. PATSYUK, G. RIBACOVA, D. MAEVSKY, A. BOJKO, E. MAEVSKAYA.\u00a0<\/span>Long Line Mode Analysis with Superconducting Transformer.\u00a0<em>2020 IEEE 15th International Conference on Advanced Trends in Radioelectronics, Telecommunications and Computer Engineering (TCSET)<\/em><strong>,\u00a0<\/strong>07 May 2020, DOI: 10. 1109\/TCSET49122. 2020. 235516 . p. 670-675<\/li>\n<li>BERZAN V.,\u00a0<span lang=\"RO\" xml:lang=\"RO\">PA\u0162IUC V.,\u00a0<\/span>RYBACOVA G., PORUMB R., POSTOLACHE P. Calculation of the Electrostatic Field in Non-Homogeneous Structures.\u00a0<em>Problemele energeticii regionale. Revist\u0103 \u015ftiin\u0163ific\u0103, informa\u0163ional-analitic\u0103 \u015fi inginereasc\u0103<\/em>. 2020, Nr.\u00a0<strong>1(45)<\/strong>. p. 42-50<\/li>\n<li>BERZAN V., PATSYUK V., RYBACOVA G., ERMURACHI Iu.\u00a0Particularities of the Energy Storage Processes in the Functional Components of the Power Systems.\u00a0<em>2019 International Conference on Electromechanical and Energy Systems (SIELMEN)<\/em>, October 2019, DOI: 10. 1109\/SIELMEN. 2019. 8905920<\/li>\n<li>BERZAN V., RYBACOVA G., PORUMB R., POSTOLACHE P . The Analytical Method of Calculating the Transient Process in the Circuit&#8217;s with Distributed and Concentrated Parameters.\u00a0<em>Proceedings 8th International Conference on Modern Power Systems (MPS)<\/em>, IEEE, 2019. DOI: 10. 1109\/MPS. 2019. 8759700<\/li>\n<li>BERZAN V.,\u00a0<span lang=\"RO\" xml:lang=\"RO\">PA\u0162IUC V.,<\/span>\u00a0RIBACOVA G. Mathematical model of a three-phase electric line with split phases.\u00a0<em>Problemele energeticii regionale. Revist\u0103 \u015ftiin\u0163ific\u0103, informa\u0163ional-analitic\u0103 \u015fi inginereasc\u0103<\/em>. 2019, Nr.\u00a0<strong>1-3(42)<\/strong>. p. 53-67<\/li>\n<li>BERZAN, V. ;\u00a0<span lang=\"RO\" xml:lang=\"RO\">PA\u0162IUC V.,\u00a0<\/span>RIBACOVA, G. ; ERMURACHI, I. ; MORARU, L. Analytical solutions for wave process in electrical line with capacitive, inductive and active load.\u00a0<em>IEEE UKRCON-2019<\/em>, Lviv, Ukraine, July 2-6, 2019, Conference Proceedings. p. 441-447<\/li>\n<li><a>SIT M. L.,\u00a0<\/a><span lang=\"RO\" xml:lang=\"RO\">PA\u0162IUC V.,<\/span>\u00a0JURAVLIOV A. A., BURCIU V. I., TIMCHENKO D. V. Control of Heat Exchanger with Variable Heat Transfer Surface Area.\u00a0<em>Problemele energeticii regionale. Revist\u0103 \u015ftiin\u0163ific\u0103, informa\u0163ional-analitic\u0103 \u015fi inginereasc\u0103<\/em>. Nr.\u00a0<strong>1(39)<\/strong>, 2019, Institutul de Energetic\u0103 A. \u015e. M., Chi\u015fin\u0103u, 2019. p. 90-101<\/li>\n<li><span lang=\"RO\" xml:lang=\"RO\">PA\u0162IUC V.\u00a0<\/span>Numerical Method for Determining Potential Coefficients Matrix for Multiconductor Transmission Line.\u00a0<em>Problemele energeticii regionale. Revist\u0103 \u015ftiin\u0163ific\u0103, informa\u0163ional-analitic\u0103 \u015fi inginereasc\u0103<\/em>. Nr.\u00a0<strong>3(38)<\/strong>, 2018, Institutul de Energetic\u0103 A. \u015e. M., Chi\u015fin\u0103u, 2018. p. 28-35<\/li>\n<li><span lang=\"RO\" xml:lang=\"RO\">PA\u0162IUC V.,\u00a0<\/span>RIBACOVA G. Finite-Differences for Transmission Line Equations. CASTR 2018.\u00a0<em>Computer Algebra Systems in Teaching and Research<\/em>. Volume VII, Warsaw, Siedlce, 2018. p. 60-76<\/li>\n<li>BERZAN, V.,\u00a0<span lang=\"RO\" xml:lang=\"RO\">PATIUC, V<\/span>.<span lang=\"RO\" xml:lang=\"RO\">,\u00a0<\/span>\u00a0RIBACOVA, G.\u00a0Mathematical model of electrical line with transposition of phase circuits.\u00a0<em><span lang=\"IT\" xml:lang=\"IT\">Problemele energeticii regionale. Revist<\/span><\/em><em><span lang=\"RO\" xml:lang=\"RO\">\u0103 \u015ftiin\u0163ific\u0103, informa\u0163ional-analitic\u0103 \u015fi inginereasc\u0103<\/span><\/em><span lang=\"RO\" xml:lang=\"RO\">.<\/span>\u00a02018,\u00a0<strong>2<\/strong>(<strong>37<\/strong>), 1-12.\u00a0<span lang=\"EN-AU\" xml:lang=\"EN-AU\">ISSN 1857-0070<\/span>\u00a0<span lang=\"IT\" xml:lang=\"IT\">Problemele energeticii regionale.<\/span><\/li>\n<li><span lang=\"RU\" xml:lang=\"RU\">\u041f\u0410\u0426\u042e\u041a, \u0412.\u0418., \u0411\u0415\u0420\u0417\u0410\u041d, \u0412.\u041f., \u0420\u042b\u0411\u0410\u041a\u041e\u0412\u0410, \u0413.\u0410.\u00a0<\/span><span lang=\"RU\" xml:lang=\"RU\">\u041c\u0430\u0442\u0435\u043c\u0430\u0442\u0438\u0447\u0435\u0441\u043a\u0430\u044f \u043c\u043e\u0434\u0435\u043b\u044c \u043c\u043d\u043e\u0433\u043e\u043f\u0440\u043e\u0432\u043e\u0434\u043d\u043e\u0439 \u044d\u043b\u0435\u043a\u0442\u0440\u0438\u0447\u0435\u0441\u043a\u043e\u0439 \u043b\u0438\u043d\u0438\u0438 \u0441 \u043c\u0438\u043d\u0438\u043c\u0430\u043b\u044c\u043d\u044b\u043c\u0438 \u0434\u0438\u0441\u0438\u043f\u0430\u0442\u0438\u0432\u043d\u044b\u043c\u0438 \u0438 \u0434\u0438\u0441\u043f\u0435\u0440\u0441\u0438\u043e\u043d\u043d\u044b\u043c\u0438 \u044d\u0444\u0444\u0435\u043a\u0442\u0430\u043c\u0438.<\/span>\u00a0<em><span lang=\"RU\" xml:lang=\"RU\">\u0415\u043b\u0435\u043a\u0442\u0440\u043e\u0442\u0435\u0445\u043d\u0456\u0447\u043d\u0456 \u0442\u0430 \u043a\u043e\u043c\u043f\u2019\u044e\u0442\u0435\u0440\u043d\u0456 \u0441\u0438\u0441\u0442\u0435\u043c\u0438<\/span><\/em><em>.\u00a0<\/em><em><span lang=\"RU\" xml:lang=\"RU\">\u041e\u0434\u0435\u0441\u0441\u0430<\/span><\/em><span lang=\"RU\" xml:lang=\"RU\">.\u00a0<\/span>2018,\u00a0<strong>27<\/strong>(<strong>103<\/strong>), 8-16. ISSN 2221-3805<\/li>\n<li>BERZAN, V.,\u00a0<span lang=\"RO\" xml:lang=\"RO\">PATIUC, V.,\u00a0<\/span>\u00a0RIBACOVA, G.\u00a0Numerical method for calculating non-stationary processes in the non-homogeneous electric circuit. Direct and reverse problem.\u00a0<em><span lang=\"IT\" xml:lang=\"IT\">Problemele energeticii regionale. Revist<\/span><\/em><em><span lang=\"RO\" xml:lang=\"RO\">\u0103 \u015ftiin\u0163ific\u0103, informa\u0163ional-analitic\u0103 \u015fi inginereasc\u0103<\/span><\/em><span lang=\"RO\" xml:lang=\"RO\">.<\/span>\u00a02017,\u00a0<strong>2<\/strong>(<strong>34<\/strong>), 23-35.\u00a0<span lang=\"EN-AU\" xml:lang=\"EN-AU\">ISSN<\/span>\u00a01857-0070<\/li>\n<li><span lang=\"RO\" xml:lang=\"RO\">PATIUC, V<\/span>.<span lang=\"RO\" xml:lang=\"RO\">,\u00a0<\/span>RIBACOVA, G.\u00a0Numerical method for calculating electrical power in a multiwire transmission line. In\u00a0<em><span lang=\"EN-AU\" xml:lang=\"EN-AU\">Proceedings of the Fourth Conference of Mathematical Society Of Moldova, CMSM4, June 28 \u2013 July 2, 2017, Chisinau, Republic Of Moldova<\/span><\/em><span lang=\"EN-AU\" xml:lang=\"EN-AU\">,\u00a0<\/span><span lang=\"RO\" xml:lang=\"RO\">Chi\u015fin\u0103u, 2017,<\/span>\u00a0<span lang=\"IT\" xml:lang=\"IT\">p.p. 433-436. ISBN 978-9975-71-915-5<\/span><\/li>\n<li><span lang=\"RO\" xml:lang=\"RO\">PA\u0162IUC, V.,<\/span>\u00a0BERZAN, V.,\u00a0RIBACOVA, G.\u00a0Calculation of the magnetic fields of the electric power line.\u00a0<em><span lang=\"IT\" xml:lang=\"IT\">Problemele energeticii regionale. Revist<\/span><\/em><em><span lang=\"RO\" xml:lang=\"RO\">\u0103 \u015ftiin\u0163ific\u0103, informa\u0163ional-analitic\u0103 \u015fi inginereasc\u0103<\/span><\/em><span lang=\"RO\" xml:lang=\"RO\">.<\/span>\u00a02016,\u00a0<strong>3<\/strong>(<strong>32<\/strong>),\u00a015-26.\u00a0<span lang=\"EN-AU\" xml:lang=\"EN-AU\">ISSN<\/span>\u00a01857-0070<\/li>\n<li><span lang=\"RU\" xml:lang=\"RU\">\u041f\u0410\u0426\u042e\u041a<\/span><span lang=\"RO\" xml:lang=\"RO\">,<\/span><span lang=\"RU\" xml:lang=\"RU\">\u00a0\u0412.\u0418.,\u00a0<\/span><span lang=\"RO\" xml:lang=\"RO\">\u0411\u0415\u0420\u0417\u0410\u041d, \u0412.\u041f., \u0420\u042b\u0411\u0410\u041a\u041e\u0412\u0410, \u0413.\u0410., \u0410\u041d\u0418\u0421\u0418\u041c\u041e\u0412, \u0412.\u041a.<\/span>\u00a0<span lang=\"RO\" xml:lang=\"RO\">\u0420\u0430\u0441\u0447\u0435\u0442 \u044d\u043b\u0435\u043a\u0442\u0440\u0438\u0447\u0435\u0441\u043a\u043e\u0433\u043e \u043f\u043e\u043b\u044f \u0438 \u043f\u0430\u0440\u0430\u043c\u0435\u0442\u0440\u043e\u0432 \u043b\u0438\u043d\u0438\u0438 \u0443\u043f\u0440\u0430\u0432\u043b\u044f\u0435\u043c\u044b\u0445 \u0441\u0430\u043c\u043e\u043a\u043e\u043c\u043f\u0435\u043d\u0441\u0438\u0440\u0443\u044e\u0449\u0438\u0445\u0441\u044f \u0432\u044b\u0441\u043e\u043a\u043e\u0432\u043e\u043b\u044c\u0442\u043d\u044b\u0445 \u043b\u0438\u043d\u0438\u0439 110 \u043a\u0412 \u043c\u0435\u0442\u043e\u0434\u043e\u043c \u043a\u043e\u043d\u0435\u0447\u043d\u044b\u0445 \u043e\u0431\u044a\u0435\u043c\u043e\u0432.<\/span>\u00a0<em><span lang=\"IT\" xml:lang=\"IT\">Problemele energeticii regionale. Revist<\/span><\/em><em><span lang=\"RO\" xml:lang=\"RO\">\u0103 \u015ftiin\u0163ific\u0103, informa\u0163ional-analitic\u0103 \u015fi inginereasc\u0103<\/span><\/em><span lang=\"RO\" xml:lang=\"RO\">.<\/span>\u00a02015,\u00a0<strong>3<\/strong>(<strong>29<\/strong>), 32-39.\u00a0<span lang=\"EN-AU\" xml:lang=\"EN-AU\">ISSN 1857-0070<\/span><\/li>\n<li>BERZAN V.,\u00a0<span lang=\"RO\" xml:lang=\"RO\">PA\u0162IUC V.,<\/span>\u00a0RIBACOVA G., ERMURATSCHII V.\u00a0Electromagnetic field calculation for 110 kV power line.\u00a0<em><span lang=\"IT\" xml:lang=\"IT\">Problemele energeticii regionale. Revist<\/span><\/em><em><span lang=\"RO\" xml:lang=\"RO\">\u0103 \u015ftiin\u0163ific\u0103, informa\u0163ional-analitic\u0103 \u015fi inginereasc\u0103<\/span><\/em><span lang=\"RO\" xml:lang=\"RO\">.<\/span>\u00a02015,\u00a0<strong>2<\/strong>(<strong>28<\/strong>), 7-13.\u00a0<span lang=\"EN-AU\" xml:lang=\"EN-AU\">ISSN 1857-0070<\/span><\/li>\n<li><span lang=\"RO\" xml:lang=\"RO\">BOGATENCOV, P., ILIUHA, N., SECRIERU, G., HANCU, B., PA\u0162IUC, V., CALMIS, E.<\/span>\u00a0<span lang=\"EN-AU\" xml:lang=\"EN-AU\">Computational Infrastructure for Porting and Execution Complex Applications in Moldova<\/span>. In\u00a0<em><span lang=\"EN-AU\" xml:lang=\"EN-AU\">A V-a Conferin\u0163\u0103 Interna\u0163ional\u0103 &#171;Telecomunica\u0163ii, Electronic\u0103 \u015fi Informatic\u0103&#187; (ICTEI2015<strong>),\u00a0<\/strong><strong>Chi\u015fin\u0103u, 20 &#8212; 23 Mai, 2015<\/strong><\/span><\/em><span lang=\"IT\" xml:lang=\"IT\">,\u00a0<\/span><span lang=\"RO\" xml:lang=\"RO\">Chi\u015fin\u0103u, 2015,<\/span>\u00a0<span lang=\"IT\" xml:lang=\"IT\">p.<\/span>p. 21-26<\/li>\n<li>Berzan V., R\u00eebacova G.\u00a0<em>Finite Volume Method for Electrostatic Problems<\/em>. Analele Universit\u0103\u0163ii din Craiova, seria: ingenirie electric\u0103, No. 37, 2013. EUC, Craiova, Rom\u00e2nia.- p. 150-154<\/li>\n<li><strong>Pa\u0163iuc V.\u00a0<em>Reparti\u0163ie tridimensional\u0103 a c\u00e2mpului electric \u00een vecin\u0103tatea pilonului electric<\/em><\/strong><strong><em><span lang=\"RO\" xml:lang=\"RO\">.\u00a0<\/span><\/em><\/strong><strong><span lang=\"IT\" xml:lang=\"IT\">Problemele energeticii regionale. Revist<\/span><\/strong><strong><span lang=\"RO\" xml:lang=\"RO\">\u0103 \u015ftiin\u0163ific\u0103, informa\u0163ional-analitic\u0103 \u015fi inginereasc\u0103. Nr. 3(23), 2013, Institutul de Energetic\u0103 A.\u015e.M., Chi\u015fin\u0103u, 2013 \u2013 p. 54-65<\/span><\/strong><\/li>\n<li>Berzan V.P,\u00a0<strong>Pa\u0163iuk V.,\u00a0<\/strong>Rimschi V.X., Tirsu M.S., Uzun M.N.\u00a0<em>About some features of the power transfer mode on the long transmission line<\/em>. Euro-Asian Journal of sustainable energy development policy, 2013, vol.4, nr. 1, January-June 2011 &#8212; p. 1-10<\/li>\n<li><strong>Pa\u0163iuk V., R\u00eebacova G.\u00a0<\/strong><em>Numerical Simulation of Electrostatic Problems in Three-Dimensional Multiply-Connected Domain<\/em>. CASTR 2013. Computer Algebra Systems in Teaching and Research. Volume IV, No 1, Warsaw, Siedlce, 2013 &#8212; p. 215-222<\/li>\n<li>Berzan V., Patsiuk V., Rybakova G., Postolache P.\u00a0<em>Modeling of dynamic processes nonhomogeneous circuits with distributed and lumped parameters<\/em>. Buletinul AGIR nr. 3\/2012, iunie-august, Bucure\u0219ti, 2012. p. 141-149<\/li>\n<li><strong>Patsiuk V., Ribacova G., Berzan V.\u00a0<\/strong><em>Metoda volumelor finite pentru rezolvarea problemelor de reparti\u0163ie\u00a0 tridimensional\u0103 a c\u00e2mpului electric<\/em>. Problemele energeticii regionale. Revist\u0103 \u015ftiin\u0163ific\u0103, informa\u0163ional-analitic\u0103 \u015fi inginereasc\u0103. Nr. 1(15), 2011, Institutul de Energetic\u0103 A.\u015e.M., Chi\u015fin\u0103u, 2011. p. 31-41<\/li>\n<li><strong>Pa\u0163iuc V., R\u00eebacova G.\u00a0<\/strong><em>The solution of the cable equations by means of finite difference time domain method.<\/em>\u00a0<strong><span lang=\"IT\" xml:lang=\"IT\">Problemele energeticii regionale. Revist<\/span><\/strong><strong><span lang=\"RO\" xml:lang=\"RO\">\u0103 \u015ftiin\u0163ific\u0103, informa\u0163ional-analitic\u0103 \u015fi inginereasc\u0103. Nr. 1(12), 2010, Institutul de Energetic\u0103 A.\u015e.M., Chi\u015fin\u0103u, 2010.\u00a0<\/span><\/strong>p. 16-24<\/li>\n<li><strong>Patsiuk V.\u00a0<\/strong><em>Finite element method for elliptical equations<\/em>. Proceedings of the conferences \u201cMathematics &amp; Information Technologies: research and education\u201d (MITRE 2008-2009), Chi\u015fin\u0103u, 2010. p. 62-65<\/li>\n<li><strong>Patsiuk V.\u00a0<em>Mathematical methods for electrical circuits and fields calculation<\/em>.\u00a0<\/strong><strong><span lang=\"EN-AU\" xml:lang=\"EN-AU\">Chi\u015fin\u0103u, Centrul Editorial-Poligrafic al USM, 2009. 442 p.<\/span><\/strong><\/li>\n<\/ul>\n<p>&nbsp;<\/p>\n<p><strong><span lang=\"EN-AU\" xml:lang=\"EN-AU\">LUCR<\/span><\/strong><strong>\u0102<\/strong><strong><span lang=\"EN-AU\" xml:lang=\"EN-AU\">RI\u00a0 DIDACTICO-METODICE\u00a0<\/span><\/strong><span lang=\"EN-AU\" xml:lang=\"EN-AU\">(ultimele)<\/span><\/p>\n<ul>\n<li>Pa\u021biuc V., R\u00e2bacova G., Secrieru I., Zolotarevschi V.\u00a0<em>Metode numerice \u00een probleme diferen\u0163iale, integrale \u015fi de valori proprii (Indica\u0163ii metodice).<\/em>\u00a0Chi\u015fin\u0103u, Centrul poligrafic USM, 2001. 64 p.<\/li>\n<li><span lang=\"RO\" xml:lang=\"RO\">Pa\u021biuc V., R\u00e2bacova G.\u00a0<em>Elemente de analiz\u0103 tensorial\u0103 \u015fi introducere \u00een mecanica solidelor deformabile (Compendiu)<\/em>. Chi\u015fin\u0103u, USM, 1999. 102 p.<\/span><\/li>\n<\/ul>\n<\/div>\n<\/div>\n<\/div>\n<\/div>\n<div class=\"pp_section\">\n<div class=\"pp_label\"><\/div>\n<div class=\"pp_value\">\n<div class=\"field field--name-field-altele field--type-text-long field--label-visually_hidden\">\n<div class=\"field--label sr-only\">Altele<\/div>\n<div class=\"field--item\">\n<ol>\n<li>Membru al Consiliului Societ\u0103\u0163ii Matematicienilor din Republica Moldova<\/li>\n<li>Membru al Societ\u0103\u0163ii Rom\u00e2ne de cercet\u0103ri \u015ftiin\u0163ifice \u00een matematic\u0103<\/li>\n<li>Membru al Societ\u0103\u021bii Rom\u00e2ne de Matematica Aplicat\u0103 \u0219i Industrial\u0103 (ROMAI)<\/li>\n<li>Coduc\u0103tor \u015etiin\u0163ific la teze de doctorat la specialitatea 01.01.07 \u2013Matematica de Calcul<\/li>\n<li>Membru al Seminarului \u015ftiin\u0163ific de profil pentru sus\u0163inerea tezelor de doctorat la specialitate \u201eMecanica corpurilor solide deformabile\u201d \u2013 01.04.27, UTM<\/li>\n<\/ol>\n<\/div>\n<\/div>\n<\/div>\n<\/div>\n<\/div>\n<\/div>\n<p>&nbsp;<\/p>\n","protected":false},"excerpt":{"rendered":"<p>Vladimir Pa\u0163iuc \u0434\u043e\u043a\u0442\u043e\u0440 \u0410\u043a\u0430\u0434\u0435\u043c\u0438\u0447\u0435\u0441\u043a\u043e\u0435 \u0437\u0432\u0430\u043d\u0438\u0435\/\u0434\u043e\u043b\u0436\u043d\u043e\u0441\u0442\u044c \u0434\u043e\u0446\u0435\u043d\u0442 \u0414\u0435\u043f\u0430\u0440\u0442\u0430\u043c\u0435\u043d\u0442 \u0414\u0435\u043f\u0430\u0440\u0442\u0430\u043c\u0435\u043d\u0442 \u041c\u0430\u0442\u0435\u043c\u0430\u0442\u0438\u043a\u0438 Studii Facultatea de Matematic\u0103 \u015fi Informatic\u0103 a USM (1970 &#8212; 1975) Doctorand la Centrul de Calcul la Filial\u0103 Siberiana a Academiei de Stiinte URSS, or. Novosibirsk (1976 &#8212; 1979) TITLURI Conferen\u0163iar Universitar (Chi\u015fin\u0103u, 1992) Doctor \u00een \u015ftiin\u0163e fizico-matematice (Novosibirsk, Rusia, 1983) Experien\u021ba profesional\u0103 Conferen\u0163iar Universitar la&hellip; <br \/> <a class=\"read-more\" href=\"https:\/\/fmi.usm.md\/ru\/vladimir-patiuc\/\">\u0427\u0438\u0442\u0430\u0442\u044c \u0434\u0430\u043b\u044c\u0448\u0435<\/a><\/p>\n","protected":false},"author":1,"featured_media":0,"parent":0,"menu_order":0,"comment_status":"closed","ping_status":"closed","template":"elementor_theme","meta":{"_seopress_robots_primary_cat":"","_seopress_titles_title":"","_seopress_titles_desc":"","_seopress_robots_index":"","footnotes":""},"class_list":["post-549","page","type-page","status-publish","hentry"],"rttpg_featured_image_url":null,"rttpg_author":{"display_name":"","author_link":"https:\/\/fmi.usm.md\/ru\/author\/"},"rttpg_comment":0,"rttpg_category":null,"rttpg_excerpt":"Vladimir Pa\u0163iuc \u0434\u043e\u043a\u0442\u043e\u0440 \u0410\u043a\u0430\u0434\u0435\u043c\u0438\u0447\u0435\u0441\u043a\u043e\u0435 \u0437\u0432\u0430\u043d\u0438\u0435\/\u0434\u043e\u043b\u0436\u043d\u043e\u0441\u0442\u044c \u0434\u043e\u0446\u0435\u043d\u0442 \u0414\u0435\u043f\u0430\u0440\u0442\u0430\u043c\u0435\u043d\u0442 \u0414\u0435\u043f\u0430\u0440\u0442\u0430\u043c\u0435\u043d\u0442 \u041c\u0430\u0442\u0435\u043c\u0430\u0442\u0438\u043a\u0438 Studii Facultatea de Matematic\u0103 \u015fi Informatic\u0103 a USM (1970 &#8212; 1975) Doctorand la Centrul de Calcul la Filial\u0103 Siberiana a Academiei de Stiinte URSS, or. Novosibirsk (1976 &#8212; 1979) TITLURI Conferen\u0163iar Universitar (Chi\u015fin\u0103u, 1992) Doctor \u00een \u015ftiin\u0163e fizico-matematice (Novosibirsk, Rusia, 1983) Experien\u021ba profesional\u0103 Conferen\u0163iar Universitar la&hellip;&hellip;","_links":{"self":[{"href":"https:\/\/fmi.usm.md\/ru\/wp-json\/wp\/v2\/pages\/549","targetHints":{"allow":["GET"]}}],"collection":[{"href":"https:\/\/fmi.usm.md\/ru\/wp-json\/wp\/v2\/pages"}],"about":[{"href":"https:\/\/fmi.usm.md\/ru\/wp-json\/wp\/v2\/types\/page"}],"author":[{"embeddable":true,"href":"https:\/\/fmi.usm.md\/ru\/wp-json\/wp\/v2\/users\/1"}],"replies":[{"embeddable":true,"href":"https:\/\/fmi.usm.md\/ru\/wp-json\/wp\/v2\/comments?post=549"}],"version-history":[{"count":1,"href":"https:\/\/fmi.usm.md\/ru\/wp-json\/wp\/v2\/pages\/549\/revisions"}],"predecessor-version":[{"id":551,"href":"https:\/\/fmi.usm.md\/ru\/wp-json\/wp\/v2\/pages\/549\/revisions\/551"}],"wp:attachment":[{"href":"https:\/\/fmi.usm.md\/ru\/wp-json\/wp\/v2\/media?parent=549"}],"curies":[{"name":"wp","href":"https:\/\/api.w.org\/{rel}","templated":true}]}}