{"id":6141,"date":"2025-07-15T14:02:11","date_gmt":"2025-07-15T11:02:11","guid":{"rendered":"https:\/\/fmi.usm.md\/?page_id=6141"},"modified":"2025-09-05T16:13:09","modified_gmt":"2025-09-05T13:13:09","slug":"camin","status":"publish","type":"page","link":"https:\/\/fmi.usm.md\/ru\/camin\/","title":{"rendered":"C\u0103min"},"content":{"rendered":"<h3 style=\"text-align: center;\"><span style=\"color: #0000ff;\"><strong>Aviz pentru studen\u021bi privind cazarea \u00een c\u0103mine<\/strong> &#8212; TURUL II<\/span><\/h3>\n<p>Studen\u021bii sunt ruga\u021bi s\u0103 se prezinte la c\u0103minul la care au fost repartiza\u021bi, av\u00e2nd asupra lor:<br \/>\n\u2022 2 fotografii tip 3\u00d74;<br \/>\n\u2022 copia buletinului de identitate;<br \/>\n\u2022 suma necesar\u0103 pentru achitarea caz\u0103rii pe o perioad\u0103 de cel pu\u021bin 5 luni.<\/p>\n<p>La momentul caz\u0103rii, studen\u021bii vor \u00eencheia contractele de cazare, iar plata se va efectua prin banc\u0103, \u00een contul indicat \u00een contract.<\/p>\n<p><a href=\"https:\/\/fmi.usm.md\/wp-content\/uploads\/2025\/09\/repartizarea-locurilor-in-caminele-usm-tur-ii-2.pdf\" target=\"_blank\" rel=\"noopener\">Listele nominale de repartizare \u00een c\u0103mine pentru anul universitar 2025\u20132026, TUR II (PDF)<\/a>.<\/p>\n<p>&nbsp;<\/p>\n<p style=\"text-align: center;\"><strong>Aviz pentru studen\u021bi privind cazarea \u00een c\u0103mine &#8212; Turul I<\/strong><\/p>\n<div dir=\"ltr\">\n<div>\n<p>Cazarea studen\u021bilor \u00een c\u0103mine va \u00eencepe\u00a0\u00een data de<strong> 29 august 2025, ora 9:00<\/strong>.<\/p>\n<p>Studen\u021bii sunt ruga\u021bi s\u0103 se prezinte la c\u0103minul la care au fost repartiza\u021bi, av\u00e2nd asupra lor:<\/p>\n<ul>\n<li><strong>2 fotografii tip 3&#215;4<\/strong>;<\/li>\n<li><strong>copia buletinului de identitate<\/strong>;<\/li>\n<li><strong>suma necesar\u0103 pentru achitarea caz\u0103rii pe o perioad\u0103 de cel pu\u021bin 5 luni<\/strong>.<\/li>\n<\/ul>\n<div>\n<p>La momentul caz\u0103rii, studen\u021bii vor \u00eencheia\u00a0<strong>contractele de cazare<\/strong>, iar plata se va efectua\u00a0<strong>prin banc\u0103<\/strong>, \u00een contul indicat \u00een contract.<\/p>\n<p><a style=\"background-color: transparent;\" href=\"https:\/\/fmi.usm.md\/wp-content\/uploads\/2025\/08\/repartizarea-locurilor-in-caminele-usm-2025.pdf\" target=\"_blank\" rel=\"noopener\"><strong>Listele nominale de repartizare \u00een c\u0103mine pentru anul universitar 2025\u20132026<\/strong> (PDF).<\/a><\/p>\n<\/div>\n<\/div>\n<\/div>\n","protected":false},"excerpt":{"rendered":"<p>Aviz pentru studen\u021bi privind cazarea \u00een c\u0103mine &#8212; TURUL II Studen\u021bii sunt ruga\u021bi s\u0103 se prezinte la c\u0103minul la care au fost repartiza\u021bi, av\u00e2nd asupra lor: \u2022 2 fotografii tip 3\u00d74; \u2022 copia buletinului de identitate; \u2022 suma necesar\u0103 pentru achitarea caz\u0103rii pe o perioad\u0103 de cel pu\u021bin 5 luni. La momentul caz\u0103rii, studen\u021bii vor&hellip; <br \/> <a class=\"read-more\" href=\"https:\/\/fmi.usm.md\/ru\/camin\/\">\u0427\u0438\u0442\u0430\u0442\u044c \u0434\u0430\u043b\u044c\u0448\u0435<\/a><\/p>\n","protected":false},"author":1,"featured_media":2225,"parent":0,"menu_order":0,"comment_status":"closed","ping_status":"closed","template":"","meta":{"_seopress_robots_primary_cat":"","_seopress_titles_title":"","_seopress_titles_desc":"","_seopress_robots_index":"","footnotes":""},"class_list":["post-6141","page","type-page","status-publish","has-post-thumbnail","hentry"],"rttpg_featured_image_url":{"full":["https:\/\/fmi.usm.md\/wp-content\/uploads\/2024\/02\/Photo_USM-73-1024x700-1.jpg",480,328,false],"landscape":["https:\/\/fmi.usm.md\/wp-content\/uploads\/2024\/02\/Photo_USM-73-1024x700-1.jpg",480,328,false],"portraits":["https:\/\/fmi.usm.md\/wp-content\/uploads\/2024\/02\/Photo_USM-73-1024x700-1.jpg",480,328,false],"thumbnail":["https:\/\/fmi.usm.md\/wp-content\/uploads\/2024\/02\/Photo_USM-73-1024x700-1-150x150.jpg",150,150,true],"medium":["https:\/\/fmi.usm.md\/wp-content\/uploads\/2024\/02\/Photo_USM-73-1024x700-1-300x205.jpg",300,205,true],"large":["https:\/\/fmi.usm.md\/wp-content\/uploads\/2024\/02\/Photo_USM-73-1024x700-1.jpg",480,328,false],"master_addons_team_thumb":["https:\/\/fmi.usm.md\/wp-content\/uploads\/2024\/02\/Photo_USM-73-1024x700-1-250x328.jpg",250,328,true],"1536x1536":["https:\/\/fmi.usm.md\/wp-content\/uploads\/2024\/02\/Photo_USM-73-1024x700-1.jpg",480,328,false],"2048x2048":["https:\/\/fmi.usm.md\/wp-content\/uploads\/2024\/02\/Photo_USM-73-1024x700-1.jpg",480,328,false],"htmega_size_585x295":["https:\/\/fmi.usm.md\/wp-content\/uploads\/2024\/02\/Photo_USM-73-1024x700-1-480x295.jpg",480,295,true],"htmega_size_1170x536":["https:\/\/fmi.usm.md\/wp-content\/uploads\/2024\/02\/Photo_USM-73-1024x700-1.jpg",480,328,false],"htmega_size_396x360":["https:\/\/fmi.usm.md\/wp-content\/uploads\/2024\/02\/Photo_USM-73-1024x700-1-396x328.jpg",396,328,true],"post-thumbnail":["https:\/\/fmi.usm.md\/wp-content\/uploads\/2024\/02\/Photo_USM-73-1024x700-1.jpg",480,328,false],"mesmerize-full-hd":["https:\/\/fmi.usm.md\/wp-content\/uploads\/2024\/02\/Photo_USM-73-1024x700-1.jpg",480,328,false]},"rttpg_author":{"display_name":"","author_link":"https:\/\/fmi.usm.md\/ru\/author\/"},"rttpg_comment":0,"rttpg_category":null,"rttpg_excerpt":"Aviz pentru studen\u021bi privind cazarea \u00een c\u0103mine &#8212; TURUL II Studen\u021bii sunt ruga\u021bi s\u0103 se prezinte la c\u0103minul la care au fost repartiza\u021bi, av\u00e2nd asupra lor: \u2022 2 fotografii tip 3\u00d74; \u2022 copia buletinului de identitate; \u2022 suma necesar\u0103 pentru achitarea caz\u0103rii pe o perioad\u0103 de cel pu\u021bin 5 luni. La momentul caz\u0103rii, studen\u021bii vor&hellip;&hellip;","_links":{"self":[{"href":"https:\/\/fmi.usm.md\/ru\/wp-json\/wp\/v2\/pages\/6141","targetHints":{"allow":["GET"]}}],"collection":[{"href":"https:\/\/fmi.usm.md\/ru\/wp-json\/wp\/v2\/pages"}],"about":[{"href":"https:\/\/fmi.usm.md\/ru\/wp-json\/wp\/v2\/types\/page"}],"author":[{"embeddable":true,"href":"https:\/\/fmi.usm.md\/ru\/wp-json\/wp\/v2\/users\/1"}],"replies":[{"embeddable":true,"href":"https:\/\/fmi.usm.md\/ru\/wp-json\/wp\/v2\/comments?post=6141"}],"version-history":[{"count":16,"href":"https:\/\/fmi.usm.md\/ru\/wp-json\/wp\/v2\/pages\/6141\/revisions"}],"predecessor-version":[{"id":6315,"href":"https:\/\/fmi.usm.md\/ru\/wp-json\/wp\/v2\/pages\/6141\/revisions\/6315"}],"wp:featuredmedia":[{"embeddable":true,"href":"https:\/\/fmi.usm.md\/ru\/wp-json\/wp\/v2\/media\/2225"}],"wp:attachment":[{"href":"https:\/\/fmi.usm.md\/ru\/wp-json\/wp\/v2\/media?parent=6141"}],"curies":[{"name":"wp","href":"https:\/\/api.w.org\/{rel}","templated":true}]}}