{"id":656,"date":"2023-04-20T14:30:15","date_gmt":"2023-04-20T11:30:15","guid":{"rendered":"https:\/\/new.usm.md\/?page_id=656"},"modified":"2025-01-27T18:26:35","modified_gmt":"2025-01-27T15:26:35","slug":"titu-capcelea","status":"publish","type":"page","link":"https:\/\/fmi.usm.md\/ru\/titu-capcelea\/","title":{"rendered":"Titu Capcelea"},"content":{"rendered":"<p><img alt=\"\" fetchpriority=\"high\" decoding=\"async\" class=\"alignnone size-medium wp-image-660 aligncenter\" src=\"http:\/\/fmi.usm.md\/wp-content\/uploads\/2023\/04\/Titu-230x300.jpg\" alt=\"\" width=\"230\" height=\"300\" \/><\/p>\n<div class=\"pp_first\" style=\"text-align: center;\">\n<div class=\"pp_information\">\n<div class=\"field field--name-field-grad-stiintific field--type-entity-reference field--label-visually_hidden\">\n<h2 class=\"field--item\">Titu Capcelea<\/h2>\n<div class=\"field--item\">\n<div class=\"field field--name-field-grad-stiintific field--type-entity-reference field--label-visually_hidden\">\n<div class=\"field--item\">\u0434\u043e\u043a\u0442\u043e\u0440<\/div>\n<\/div>\n<div class=\"field field--name-field-titlu-didactic field--type-entity-reference field--label-visually_hidden\">\n<div class=\"field--label sr-only\">\u0410\u043a\u0430\u0434\u0435\u043c\u0438\u0447\u0435\u0441\u043a\u043e\u0435 \u0437\u0432\u0430\u043d\u0438\u0435\/\u0434\u043e\u043b\u0436\u043d\u043e\u0441\u0442\u044c<\/div>\n<div class=\"field--item\">\u0434\u043e\u0446\u0435\u043d\u0442<\/div>\n<\/div>\n<div class=\"field field--name-field-departament field--type-entity-reference field--label-visually_hidden\">\n<div class=\"field--label sr-only\">\u0414\u0435\u043f\u0430\u0440\u0442\u0430\u043c\u0435\u043d\u0442<\/div>\n<div class=\"field--item\">\u0414\u0435\u043f\u0430\u0440\u0442\u0430\u043c\u0435\u043d\u0442 \u0418\u043d\u0444\u043e\u0440\u043c\u0430\u0442\u0438\u043a\u0438<\/div>\n<\/div>\n<\/div>\n<\/div>\n<\/div>\n<\/div>\n<div class=\"pp_section\">\n<div class=\"pp_label\"><\/div>\n<div class=\"pp_value\">\n<div class=\"field field--name-field-activitatea-didactica field--type-text-long field--label-above\">\n<div class=\"field--label\">Activitatea didactic\u0103<\/div>\n<div class=\"field--item\">\n<p><strong>Cursuri \u021binute \u00een ultimii ani:<\/strong><\/p>\n<ul>\n<li><em>Calcul Varia\u021bional<\/em>, anul 3 licen\u021b\u0103, specialitatea Matematica<\/li>\n<li><em>Pachet Op\u021bional Metode Aproximative de Rezolvare a Problemelor Varia\u021bionale \u0219i<\/em>\u00a0<em>de Control Optimal<\/em>, anul 3 licen\u021b\u0103, specialitatea Matematica<\/li>\n<li><em>Calcul Numeric \u0219i Metode de Optimizare<\/em>, anul 2 licen\u021b\u0103, specialit\u0103\u021bile de la domeniul Informatica<\/li>\n<li><em>Criptografie \u0219i Securitatea Informa\u021biei<\/em>, anul 2 licen\u021b\u0103, specialitatea Informatica Aplicat\u0103, traseul Securitatea Informa\u021biei<\/li>\n<li><em>Protocoale Criptografice<\/em>, anul 3 licen\u021b\u0103, specialitatea Informatica Aplicat\u0103, traseul Securitatea Informa\u021biei<\/li>\n<li><em>Criptanaliza<\/em>, anul 3 licen\u021b\u0103, specialitatea Informatica Aplicat\u0103, traseul Securitatea Informa\u021biei<\/li>\n<li><em>Re\u021bele de Calculatoare<\/em>, anul 2 licen\u021b\u0103, specialit\u0103\u021bile de la domeniul Informatica<\/li>\n<li><em>Tehnologii Informa\u021bionale de Comunicare<\/em>, anul I licen\u021b\u0103, alte facult\u0103\u021bi<\/li>\n<li><em>Sisteme de Scriptare Vizual\u0103 \u00een Motoarele de Joc<\/em>, anul 1 licen\u021b\u0103, specialitatea Designul Jocurilor<\/li>\n<li><em>Dezvoltarea Jocurilor Video<\/em>, anul 1 masterat, programul Informatic\u0103 Aplicat\u0103<\/li>\n<\/ul>\n<p><strong>Manuale publicate \u00een ultimii ani:<\/strong><\/p>\n<ul>\n<li>M. Capcelea, T. Capcelea\u00a0<em>Criptografie \u015fi Securitatea Informa\u0163iei: Suport de curs<\/em>. \u2013 Chi\u015fin\u0103u: CEP USM \u2013 Partea I-a. \u2013 2021. \u2013 215 p.<\/li>\n<li>M. Capcelea, T. Capcelea\u00a0<em>Criptografie \u015fi Securitatea Informa\u0163iei: Suport de curs<\/em>. \u2013 Chi\u015fin\u0103u: CEP USM \u2013 Partea a II-a. \u2013 2021. \u2013 183 p.<\/li>\n<li>M. Capcelea, T. Capcelea\u00a0<em>Protocoale Criptografice: Suport de curs<\/em>. \u2013 Chi\u015fin\u0103u: CEP USM \u2013 Partea I-a. \u2013 2021. \u2013 196 p.<\/li>\n<li>M. Capcelea, T. Capcelea\u00a0<em>Protocoale Criptografice: Suport de curs<\/em>. \u2013 Chi\u015fin\u0103u: CEP USM \u2013 Partea a II-a. \u2013 2021. \u2013 139 p.<\/li>\n<li>M. Capcelea, T. Capcelea\u00a0<em>Calcul Numeric cu Aplica\u021bii \u00een MATLAB. Suport de curs<\/em>. \u2013 Chi\u015fin\u0103u: CEP USM \u2013 Partea a II-a. \u2013 2021. \u2013 137 p.<\/li>\n<li>M. Capcelea, T. Capcelea\u00a0<em>Calcul Numeric cu Aplica\u021bii \u00een MATLAB. Suport de curs<\/em>. \u2013 Chi\u015fin\u0103u: CEP USM \u2013 Partea I-a. &#8212; 2015. &#8212; 390 p.<\/li>\n<li>M. Capcelea, T. Capcelea\u00a0<em>Calcul Varia\u021bional cu Aplica\u021bii. Metode Aproximative. Suport de curs<\/em>. \u2013 Chi\u015fin\u0103u: CEP USM. \u2013 2014. \u2013 330 p.<\/li>\n<li>M. Capcelea, T. Capcelea\u00a0<em>Calcul Varia\u021bional cu Aplica\u021bii. Metode Analitice. Suport de curs<\/em>. \u2013 Chi\u015fin\u0103u: CEP USM. \u2013 2014. \u2013 146 p.<\/li>\n<\/ul>\n<p>&nbsp;<\/p>\n<\/div>\n<\/div>\n<\/div>\n<\/div>\n<div class=\"pp_section\">\n<div class=\"pp_label\"><\/div>\n<div class=\"pp_value\">\n<div class=\"field field--name-field-activitatea-stiintifica field--type-text-long field--label-above\">\n<div class=\"field--label\">Activitatea \u0219tiin\u021bific\u0103<\/div>\n<div class=\"field--item\">\n<p><strong>Domenii de interes \u0219tiin\u021bific:<\/strong><\/p>\n<p><em>Analiz\u0103 Numeric\u0103 \u0219i Optimizare, Criptologie \u0219i Securitatea Informa\u021biei<\/em><\/p>\n<p><strong>Proiecte de cercetare (recente):<\/strong><\/p>\n<ul>\n<li>Programe de Stat \u015fi Granturi (CS\u015eDT). 20.80009.5007.13\u00a0&#8212;\u00a0<em>Metode deterministe \u0219i stochastice de solu\u021bionare a problemelor de optimizare \u0219i control<\/em>\u00a0&#8212; Institutul de Matematic\u0103 \u015fi Informatic\u0103 &#171;Vladimir Andrunachievici&#187;, conduc\u0103tor &#8212; dr. hab., prof. univ. Dmitrii Lozovanu. Antrenat \u00een calitate de membru al echipei de proiect<\/li>\n<\/ul>\n<p><strong>Monografie:<\/strong><\/p>\n<ul>\n<li><span lang=\"RO\" xml:lang=\"RO\">M. Capcelea, T. Capcelea, Aproximarea func\u021biilor continue pe por\u021biuni. Monografie \u2013 Chi\u0219in\u0103u, 2022.<\/span><\/li>\n<\/ul>\n<p><strong>Articole recente \u00een reviste \u0219tiin\u021bifice:<\/strong><\/p>\n<ul>\n<li>M. Capcelea, T. Capcelea,\u00a0<em>Laurent-Pad\u00e9 approximation for locating singularities of meromorphic functions with values given on simple closed contours<\/em>.\u00a0<em>Buletinul Academiei de \u015etiin\u0163e a Republicii Moldova. Matematica,\u00a0<\/em>no. 2(93), pp. 76-87, 2020.<\/li>\n<li>M. Capcelea, T. Capcelea.\u00a0<em>Localization of singular points of meromorphic functions based on interpolation by rational functions<\/em>.\u00a0<em>Buletinul Academiei de \u015etiin\u0163e a Republicii Moldova. Matematica,\u00a0<\/em>no. 1(95)-2(96), pp.110-120, 2021.<\/li>\n<li>M. Capcelea, T. Capcelea.\u00a0<em>B-spline approximation of discontinuous functions defined on a closed contour in the complex plane.<\/em>\u00a0<em>Buletinul Academiei de \u015etiin\u0163e a Republicii Moldova. Matematica,\u00a0<\/em>no. 2(99), pp. 59-67, 2022.<\/li>\n<\/ul>\n<p><strong>Particip\u0103ri recente la conferin\u021be \u0219tiin\u021bifice:<\/strong><\/p>\n<ul>\n<li>M. Capcelea, T. Capcelea. Localization of singular points of meromorphic functions based on interpolation by rational functions. The 8th\u00a0<em>International Scientific Conference \u201eMathematics &amp; IT: Research and Education (MITRE-2021)&#187;<\/em>, dedicated to the 75th anniversary of Moldova State University, Chi\u015fin\u0103u, Republic of Moldova, July 01\u201303, 2021.<\/li>\n<\/ul>\n<p>&nbsp;<\/p>\n<\/div>\n<\/div>\n<\/div>\n<\/div>\n<div class=\"pp_section\">\n<div class=\"pp_label\"><\/div>\n<div class=\"pp_value\">\n<div class=\"field field--name-field-altele field--type-text-long field--label-visually_hidden\">\n<div class=\"field--label sr-only\">Altele<\/div>\n<div class=\"field--item\">\n<p><strong>E-mail:<\/strong>\u00a0\u00a0<span lang=\"EN-GB\" xml:lang=\"EN-GB\">titu.capcelea@gmail.com<\/span><\/p>\n<\/div>\n<\/div>\n<\/div>\n<\/div>\n","protected":false},"excerpt":{"rendered":"<p>Titu Capcelea \u0434\u043e\u043a\u0442\u043e\u0440 \u0410\u043a\u0430\u0434\u0435\u043c\u0438\u0447\u0435\u0441\u043a\u043e\u0435 \u0437\u0432\u0430\u043d\u0438\u0435\/\u0434\u043e\u043b\u0436\u043d\u043e\u0441\u0442\u044c \u0434\u043e\u0446\u0435\u043d\u0442 \u0414\u0435\u043f\u0430\u0440\u0442\u0430\u043c\u0435\u043d\u0442 \u0414\u0435\u043f\u0430\u0440\u0442\u0430\u043c\u0435\u043d\u0442 \u0418\u043d\u0444\u043e\u0440\u043c\u0430\u0442\u0438\u043a\u0438 Activitatea didactic\u0103 Cursuri \u021binute \u00een ultimii ani: Calcul Varia\u021bional, anul 3 licen\u021b\u0103, specialitatea Matematica Pachet Op\u021bional Metode Aproximative de Rezolvare a Problemelor Varia\u021bionale \u0219i\u00a0de Control Optimal, anul 3 licen\u021b\u0103, specialitatea Matematica Calcul Numeric \u0219i Metode de Optimizare, anul 2 licen\u021b\u0103, specialit\u0103\u021bile de la domeniul Informatica Criptografie&hellip; <br \/> <a class=\"read-more\" href=\"https:\/\/fmi.usm.md\/ru\/titu-capcelea\/\">\u0427\u0438\u0442\u0430\u0442\u044c \u0434\u0430\u043b\u044c\u0448\u0435<\/a><\/p>\n","protected":false},"author":1,"featured_media":0,"parent":0,"menu_order":0,"comment_status":"closed","ping_status":"closed","template":"elementor_theme","meta":{"_seopress_robots_primary_cat":"","_seopress_titles_title":"","_seopress_titles_desc":"","_seopress_robots_index":"","footnotes":""},"class_list":["post-656","page","type-page","status-publish","hentry"],"rttpg_featured_image_url":null,"rttpg_author":{"display_name":"","author_link":"https:\/\/fmi.usm.md\/ru\/author\/"},"rttpg_comment":0,"rttpg_category":null,"rttpg_excerpt":"Titu Capcelea \u0434\u043e\u043a\u0442\u043e\u0440 \u0410\u043a\u0430\u0434\u0435\u043c\u0438\u0447\u0435\u0441\u043a\u043e\u0435 \u0437\u0432\u0430\u043d\u0438\u0435\/\u0434\u043e\u043b\u0436\u043d\u043e\u0441\u0442\u044c \u0434\u043e\u0446\u0435\u043d\u0442 \u0414\u0435\u043f\u0430\u0440\u0442\u0430\u043c\u0435\u043d\u0442 \u0414\u0435\u043f\u0430\u0440\u0442\u0430\u043c\u0435\u043d\u0442 \u0418\u043d\u0444\u043e\u0440\u043c\u0430\u0442\u0438\u043a\u0438 Activitatea didactic\u0103 Cursuri \u021binute \u00een ultimii ani: Calcul Varia\u021bional, anul 3 licen\u021b\u0103, specialitatea Matematica Pachet Op\u021bional Metode Aproximative de Rezolvare a Problemelor Varia\u021bionale \u0219i\u00a0de Control Optimal, anul 3 licen\u021b\u0103, specialitatea Matematica Calcul Numeric \u0219i Metode de Optimizare, anul 2 licen\u021b\u0103, specialit\u0103\u021bile de la domeniul Informatica Criptografie&hellip;&hellip;","_links":{"self":[{"href":"https:\/\/fmi.usm.md\/ru\/wp-json\/wp\/v2\/pages\/656","targetHints":{"allow":["GET"]}}],"collection":[{"href":"https:\/\/fmi.usm.md\/ru\/wp-json\/wp\/v2\/pages"}],"about":[{"href":"https:\/\/fmi.usm.md\/ru\/wp-json\/wp\/v2\/types\/page"}],"author":[{"embeddable":true,"href":"https:\/\/fmi.usm.md\/ru\/wp-json\/wp\/v2\/users\/1"}],"replies":[{"embeddable":true,"href":"https:\/\/fmi.usm.md\/ru\/wp-json\/wp\/v2\/comments?post=656"}],"version-history":[{"count":1,"href":"https:\/\/fmi.usm.md\/ru\/wp-json\/wp\/v2\/pages\/656\/revisions"}],"predecessor-version":[{"id":664,"href":"https:\/\/fmi.usm.md\/ru\/wp-json\/wp\/v2\/pages\/656\/revisions\/664"}],"wp:attachment":[{"href":"https:\/\/fmi.usm.md\/ru\/wp-json\/wp\/v2\/media?parent=656"}],"curies":[{"name":"wp","href":"https:\/\/api.w.org\/{rel}","templated":true}]}}