{"id":757,"date":"2023-04-20T15:17:48","date_gmt":"2023-04-20T12:17:48","guid":{"rendered":"https:\/\/new.usm.md\/?page_id=757"},"modified":"2025-01-27T18:26:35","modified_gmt":"2025-01-27T15:26:35","slug":"tatiana-pasa","status":"publish","type":"page","link":"https:\/\/fmi.usm.md\/ru\/tatiana-pasa\/","title":{"rendered":"Tatiana Pa\u015fa"},"content":{"rendered":"<p><img alt=\"\" decoding=\"async\" class=\"alignnone size-full wp-image-760 aligncenter\" src=\"http:\/\/fmi.usm.md\/wp-content\/uploads\/2023\/04\/foto_eu.jpg\" alt=\"\" width=\"220\" height=\"220\" \/><\/p>\n<h2 class=\"page-header\" style=\"text-align: center;\">Tatiana Pa\u015fa<\/h2>\n<div class=\"pp_first\">\n<div class=\"pp_information\">\n<div class=\"field field--name-field-titlu-didactic field--type-entity-reference field--label-visually_hidden\" style=\"text-align: center;\">\n<div class=\"field--item\">\n<div class=\"field field--name-field-titlu-didactic field--type-entity-reference field--label-visually_hidden\">\n<div class=\"field--item\">\u043f\u0440\u0435\u043f\u043e\u0434\u0430\u0432\u0430\u0442\u0435\u043b\u044c<\/div>\n<\/div>\n<div class=\"field field--name-field-departament field--type-entity-reference field--label-visually_hidden\">\n<div class=\"field--label sr-only\">\u0414\u0435\u043f\u0430\u0440\u0442\u0430\u043c\u0435\u043d\u0442<\/div>\n<div class=\"field--item\">\u0414\u0435\u043f\u0430\u0440\u0442\u0430\u043c\u0435\u043d\u0442 \u0418\u043d\u0444\u043e\u0440\u043c\u0430\u0442\u0438\u043a\u0438<\/div>\n<\/div>\n<\/div>\n<\/div>\n<\/div>\n<\/div>\n<div class=\"pp_section\">\n<div class=\"pp_label\"><\/div>\n<div class=\"pp_value\">\n<div class=\"field field--name-field-studii field--type-text-long field--label-above\">\n<div class=\"field--label\">Studii<\/div>\n<div class=\"field--item\">\n<p>Master \u00een \u0218tiin\u021be Economice, Administrarea Afacerilor Universitatea de Stat din Moldova, Chi\u0219in\u0103u, RM<\/p>\n<p>Licen\u021biat \u00een Matematic\u0103, specialitatea Matematic\u0103 \u0219i Informatic\u0103 Universitatea de Stat din Moldova, Chi\u0219in\u0103u, RM<\/p>\n<\/div>\n<\/div>\n<\/div>\n<\/div>\n<div class=\"pp_section\">\n<div class=\"pp_label\"><\/div>\n<div class=\"pp_value\">\n<div class=\"field field--name-field-experienta-profesionala field--type-text-long field--label-above\">\n<div class=\"field--label\">Experien\u021ba profesional\u0103<\/div>\n<div class=\"field--item\">\n<p>01\/09\/1999 &#8212; prezent\u00a0Lector universitar, Universitatea de Stat din Moldova, Chi\u0219in\u0103u, RM<\/p>\n<p>16\/10\/2020 &#8212; prezent Pre\u0219edinta Comitetului Sindical al Facult\u0103\u021bii de Matematic\u0103 \u0219i Informatic\u0103<\/p>\n<\/div>\n<\/div>\n<\/div>\n<\/div>\n<div class=\"pp_section\">\n<div class=\"pp_label\"><\/div>\n<div class=\"pp_value\">\n<div class=\"field field--name-field-activitatea-didactica field--type-text-long field--label-above\">\n<div class=\"field--label\">Activitatea didactic\u0103<\/div>\n<div class=\"field--item\">\n<p><strong>Cursuri<\/strong><\/p>\n<ol>\n<li>Fundamentele program\u0103rii<\/li>\n<li>Tehnici de programare<\/li>\n<li>Programarea Orientat\u0103 Obiect<\/li>\n<li>Securitatea Bazelor de Date<\/li>\n<li>Securitatea Informa\u021biei \u00centreprinderii<\/li>\n<li>HTML, CSS, JS<\/li>\n<\/ol>\n<p><strong>Cursuri online<\/strong><\/p>\n<ol>\n<li>T., TIC, 2014, http:\/\/moodle.usm.md\/moodle\/ course\/view.php?id=890<\/li>\n<li>Pa\u0219a T., Securitatea Informa\u021biei \u00centreprinderii, 2018, http:\/\/moodle.usm.md\/moodle\/course\/view.php?id=1528<\/li>\n<li>Pa\u0219a T., Securitatea Bazelor de Date, 2018, http:\/\/moodle.usm.md\/moodle\/course\/ view.php?id=1525<\/li>\n<li>Pa\u0219a T., HTML CSS JS, 2019, http:\/\/moodle.usm.md\/moodle\/course\/view.php?id=1699<\/li>\n<li>Pa\u0219a T., POO, 2020, https:\/\/moodle.usm.md\/course\/view.php?id=2093<\/li>\n<\/ol>\n<\/div>\n<\/div>\n<\/div>\n<\/div>\n<div class=\"pp_section\">\n<div class=\"pp_label\"><\/div>\n<div class=\"pp_value\">\n<div class=\"field field--name-field-activitatea-stiintifica field--type-text-long field--label-above\">\n<div class=\"field--label\">Activitatea \u0219tiin\u021bific\u0103<\/div>\n<div class=\"field--item\">\n<p><strong>Conferin\u021be<\/strong><\/p>\n<ol>\n<li>Second Conference of the Mathematical Society of the Republic of Moldova dedicated to the 40th anniversary of the foundation of the Institute of Mathematics and Computer Science of ASM, 17 -19 August, 2004, Chi\u0219in\u0103u.<\/li>\n<li>The international Conference on &#171;Integral Equations and Problems of Applied Modeling&#187;, (IEMAP-2005), 20-25 June, 2006, Chi\u0219in\u0103u. http:\/\/www.uccm.md\/biblioteca\/IEMAP_Vol_2<\/li>\n<li>A 20-a Conferin\u021b\u0103 a SPSR, AFA \u201cHenri Coand\u0103\u201d, Departamentul de \u0218tiin\u021be Fundamentale \u0219i Management, 28-29 aprilie 2017, Bra\u0219ov, Rom\u00e2nia.<\/li>\n<li>The Fourth Conference of Mathematical Society of the Republic of Moldova dedicated to the centenary of Vladimir Andrunachevici (1917 &#8212; 1997), 28 iunie \u2013 2 iulie 2017, Institute of Mathematics and Computer Science, Academy of Sciences of Moldova, Chi\u0219in\u0103u.<\/li>\n<li>International Conference on Information Technologies, Systems and Networks ITSN-2017, 17-18 October, 2017, Chisinau, Republic of Moldova.<\/li>\n<li>The 50th anniversary of Computers, Informatics and Microelectronics Faculty &amp; Electronics and Telecommunications Faculty, 9th International Conference \u201cMicroelectronics and Computer Science\u201d &amp; The 6th Conference of Physicistists of Moldova, October 19-21, 2017, Chisinau, Republic of Moldova.<\/li>\n<li>A 21-a Conferin\u021b\u0103 a Societ\u0103\u021bii de Probabilit\u0103\u021bi \u0219i Statistic\u0103 din Rom\u00e2nia, Academia de Studii Economice din Bucure\u0219ti, 13-14 aprilie 2018, ASE, Bucure\u0219ti, Rom\u00e2nia.<\/li>\n<li>International Conference on Mathematics, Informatics and Information technologies dedicated to the illustrious scientist Valentin Belousov, MITI 2018, 19-21 April, 2018.<\/li>\n<li>Moldova Wolfram Technology Conference 2018, June 9, USM, Chi\u0219in\u0103u.<\/li>\n<li>CAIM 2018, The 26th Conference on Applied and Industrial Mathematics, 20th \u2013 23th September, 2018, Technical University of Moldova, Chi\u0219in\u0103u, Moldova.<\/li>\n<li>Conferin\u021ba Interna\u021bional\u0103 Modelare Matematic\u0103, Optimizare \u0219i Tehnologii informa\u021bionale, 12-16 noiembrie 2018, Chi\u0219in\u0103u.<\/li>\n<li>MITRE, Moldova State University, June 24-26, 2019, Chi\u0219in\u0103u.<\/li>\n<li>CAIM 2019, The 27th Conference on Applied and Industrial Mathematics, 19th \u2013 20th September, 2019, \u201cValahia\u201d University, T\u00e2rgovi\u0219te, Romania.<\/li>\n<li>IMCS &#8212; 55, The Fifth Conference of Mathematical Society of the Republic of Moldova, September 28 &#8212; October 1, 2019, Chi\u0219in\u0103u, Moldova.<\/li>\n<li>International Conference on Applied and Pure Mathematics, 6th edition, ICAPM 2019, October 31 \u2013 November 3, Ia\u0219i, Rom\u00e2nia.<\/li>\n<li>International Conference on Applied Mathematics and Numerical Methods, Third Edition, Craiova, October 29-31, 2020.<\/li>\n<li>International Symposium &#171;Actual Problems of Mathematics and Informatics&#187; dedicated to the 90th Birthday of Professor Ion Valu\u021b\u0103, November 27-28, 2020, TUM, Chi\u0219in\u0103u, Republic of Moldov<\/li>\n<\/ol>\n<p><strong>Publica\u021bii<\/strong><\/p>\n<ol>\n<li>LOZOVANU, D., PASHA, T., An algorithm for solving the transport problem on network with concave cost functions of flow on edges. In: CSJM, 2002, vol. 10, no. 3(30), p. 341-347. ISSN 1561-4042.<\/li>\n<li>PA\u0218A, T., Propriet\u0103\u021bile solu\u021bion\u0103rii optimale a problemei neliniare de transport pe re\u021bea. \u00cen: Analele Universit\u0103\u021bii de Stat din Moldova, Seria \u0218tiin\u021be fizico-matematice, 2004, p. 134-140. ISSN 1811-2641.<\/li>\n<li>PA\u0218A, T., Algoritmul determin\u0103rii solu\u021biilor admisibile \u0219i a solu\u021biilor optime pentru problemele de transport pe re\u021bea cu o singur\u0103 surs\u0103. In: Analele Universit\u0103\u021bii de Stat din Moldova, Seria \u0218tiin\u021be fizico-matematice, 2005, p. 188-190. ISSN 18811-2641.<\/li>\n<li>PA\u0218A, T., Sinteza metodelor de solu\u021bionare a unor cazuri particulare ale problemei de transport pe re\u021bea. \u00cen: Studia Universitatis Moldaviae, Seria \u0218tiin\u021be Exacte, 2011, nr.7 (47), p. 53-59. Online ISSN 2345-1033.<\/li>\n<li>PA\u0218A, T., UNGUREANU, V., Asupra metodei poten\u021bialelor pentru problema de transport degenerat\u0103. In: Studia Universitas Moldaviae, Seria \u0218tiin\u021be Exacte, 2017, nr. 2 (102), p. 30-36. ISSN 1857 \u2013 2073.<\/li>\n<li>PA\u0218A, T., UNGUREANU, V., Solving the transportation problem with piecewise &#8212; linear concave cost function. In: Review of AFA, The Scientific Informative Review, 2017, vol. XV no. 2 (34), p. 49 -56. SPSR, DOI: 10.19062\/1842-9238.2017.15.2. ISSN 1842-9238.<\/li>\n<li>PA\u0218A, T., Problema fluxului maxim \u00een re\u021bele \u2013 analiza \u0219i sinteza algoritmilor de solu\u021bionare. In: Studia Universitatis Moldaviae, Seria \u0218tiin\u021be exacte, 2017, nr. 7 (107), p. 150-158. ISSN 1857-2073, Online ISSN 2345-1033.<\/li>\n<li>PA\u0218A, T., UNGUREANU, V., Wolfram Mathematica as an enviroment for solving concave network transportation problem. In: The Fourth Conference of Mathematical Society of the Republic of Moldova dedicated to the centenary of Vladimir Andrunachevici (1917 &#8212; 1997), 28 iunie &#8212; 2 iulie 2017, p. 429 &#8212; 432. Chi\u0219in\u0103u: IMCS, A\u0218M. ISBN 978 &#8212; 9975 &#8212; 71 &#8212; 915 &#8212; 5.<\/li>\n<li>PA\u0218A, T., UNGUREANU, V., Non-Linear Concave Transportation Problem Solving and Implementation using Wolfram Language., In: ITSN, 2017, p. 30-39. Chi\u0219in\u0103u. ISBN 978-9975-3168-5-9.<\/li>\n<li>PA\u0218A, T., UNGUREANU, V., Applying sequential and parallel programming to solve a non-linear transport problem. In: ICMCS, October 19 &#8212; 21, 2017, p. 247-251. Chi\u0219in\u0103u, Republic of Moldova. ISBN 978-9975-4264-8-0.<\/li>\n<li>PA\u0218A, T., The genetic algorithm for solving the non-linear transportation problem. In: Review of the Air Force Academy, The Scientific Informative Review, 2018, Vol. XVI, nr. 2 (37), p. 37 &#8212; 44. Online ISSN: 2069-4733, ISSN-L: 1842-9238.<\/li>\n<li>PA\u0218A, T., Solu\u021bionarea problemei de transport pe re\u021bea ca problem\u0103 a program\u0103rii nelineare. \u00cen: Studia Universitatis Moldaviae, Seria \u0218tiin\u021be Exacte, 2018, nr. 7 (117), p. 14-24. ISSN 1857 \u2013 2073 Online ISSN 2345-1033.<\/li>\n<li>PA\u0218A, T., Multi-index transport problem with non-linear cost functions. In: Romai J., 2018, vol. 14, no. 2, p. 129-137. Disponibil: https:\/\/rj.romai.ro\/arhiva\/2018\/2\/Pasa.pdf.<\/li>\n<li>PA\u0218A, T., The application of parallel programming in solving the non-linear transport problem, In: Conferin\u021ba Interna\u021bional\u0103 Modelare Matematic\u0103, Optimizare \u0219i Tehnologii informa\u021bionale, 12-16 noiembrie 2018, Chi\u0219in\u0103u, p. 164-168. ISBN 978-9975-62-421-3.<\/li>\n<li>PA\u0218A, T. UNGUREANU, V., Solving the non-linear 4-index transportation problem. In: The Fifth Conference of Mathematical Society of the Republic of Moldova, 2019, p. 221-224. Chi\u0219in\u0103u: Vladimir Andrunachievici Institute of Mathematics and Computer Science.<\/li>\n<li>PA\u0218A, T., Solving non-linear multi-index transportation problems. In: Romai J., 2019, vol. 15, no. 2, p. 91-99. Disponibil: https:\/\/rj.romai.ro\/arhiva\/2019\/2\/Pasa.pdf.<\/li>\n<li>PA\u0218A, T., Solving transportation problems with concave cost functions using genetic algorithms. In: CSJM, 2020, vol. 28 no. 2 (83), p.140-151. ISSN 1561-4042.<\/li>\n<li>PA\u0218A, T., Algoritmi de solu\u021bionare a problemelor neliniare de transport cu mai mul\u021bi indici. \u00cen: Studia Universitatis Moldaviae, Seria \u0218tiin\u021be Exacte, 2020, nr. 2 (132), p. 36-44. ISSN 1857 &#8212; 2073 Online ISSN 2345-1033.<\/li>\n<li>PA\u0218A, T. Genetic algorithm for solving transportation problems on networks with one source and multiple sinks. In: ITM Web Conf., ICAMNM 2020, Section: Applied Mathematics and Numerical Methods, nr. 34, 11 pages. https:\/\/doi.org\/10.1051\/itmconf\/20203402006, Online ISSN 2271-2097.<\/li>\n<\/ol>\n<\/div>\n<\/div>\n<\/div>\n<\/div>\n","protected":false},"excerpt":{"rendered":"<p>Tatiana Pa\u015fa \u043f\u0440\u0435\u043f\u043e\u0434\u0430\u0432\u0430\u0442\u0435\u043b\u044c \u0414\u0435\u043f\u0430\u0440\u0442\u0430\u043c\u0435\u043d\u0442 \u0414\u0435\u043f\u0430\u0440\u0442\u0430\u043c\u0435\u043d\u0442 \u0418\u043d\u0444\u043e\u0440\u043c\u0430\u0442\u0438\u043a\u0438 Studii Master \u00een \u0218tiin\u021be Economice, Administrarea Afacerilor Universitatea de Stat din Moldova, Chi\u0219in\u0103u, RM Licen\u021biat \u00een Matematic\u0103, specialitatea Matematic\u0103 \u0219i Informatic\u0103 Universitatea de Stat din Moldova, Chi\u0219in\u0103u, RM Experien\u021ba profesional\u0103 01\/09\/1999 &#8212; prezent\u00a0Lector universitar, Universitatea de Stat din Moldova, Chi\u0219in\u0103u, RM 16\/10\/2020 &#8212; prezent Pre\u0219edinta Comitetului Sindical al Facult\u0103\u021bii&hellip; <br \/> <a class=\"read-more\" href=\"https:\/\/fmi.usm.md\/ru\/tatiana-pasa\/\">\u0427\u0438\u0442\u0430\u0442\u044c \u0434\u0430\u043b\u044c\u0448\u0435<\/a><\/p>\n","protected":false},"author":1,"featured_media":0,"parent":0,"menu_order":0,"comment_status":"closed","ping_status":"closed","template":"elementor_theme","meta":{"_seopress_robots_primary_cat":"","_seopress_titles_title":"","_seopress_titles_desc":"","_seopress_robots_index":"","footnotes":""},"class_list":["post-757","page","type-page","status-publish","hentry"],"rttpg_featured_image_url":null,"rttpg_author":{"display_name":"","author_link":"https:\/\/fmi.usm.md\/ru\/author\/"},"rttpg_comment":0,"rttpg_category":null,"rttpg_excerpt":"Tatiana Pa\u015fa \u043f\u0440\u0435\u043f\u043e\u0434\u0430\u0432\u0430\u0442\u0435\u043b\u044c \u0414\u0435\u043f\u0430\u0440\u0442\u0430\u043c\u0435\u043d\u0442 \u0414\u0435\u043f\u0430\u0440\u0442\u0430\u043c\u0435\u043d\u0442 \u0418\u043d\u0444\u043e\u0440\u043c\u0430\u0442\u0438\u043a\u0438 Studii Master \u00een \u0218tiin\u021be Economice, Administrarea Afacerilor Universitatea de Stat din Moldova, Chi\u0219in\u0103u, RM Licen\u021biat \u00een Matematic\u0103, specialitatea Matematic\u0103 \u0219i Informatic\u0103 Universitatea de Stat din Moldova, Chi\u0219in\u0103u, RM Experien\u021ba profesional\u0103 01\/09\/1999 &#8212; prezent\u00a0Lector universitar, Universitatea de Stat din Moldova, Chi\u0219in\u0103u, RM 16\/10\/2020 &#8212; prezent Pre\u0219edinta Comitetului Sindical al Facult\u0103\u021bii&hellip;&hellip;","_links":{"self":[{"href":"https:\/\/fmi.usm.md\/ru\/wp-json\/wp\/v2\/pages\/757","targetHints":{"allow":["GET"]}}],"collection":[{"href":"https:\/\/fmi.usm.md\/ru\/wp-json\/wp\/v2\/pages"}],"about":[{"href":"https:\/\/fmi.usm.md\/ru\/wp-json\/wp\/v2\/types\/page"}],"author":[{"embeddable":true,"href":"https:\/\/fmi.usm.md\/ru\/wp-json\/wp\/v2\/users\/1"}],"replies":[{"embeddable":true,"href":"https:\/\/fmi.usm.md\/ru\/wp-json\/wp\/v2\/comments?post=757"}],"version-history":[{"count":1,"href":"https:\/\/fmi.usm.md\/ru\/wp-json\/wp\/v2\/pages\/757\/revisions"}],"predecessor-version":[{"id":762,"href":"https:\/\/fmi.usm.md\/ru\/wp-json\/wp\/v2\/pages\/757\/revisions\/762"}],"wp:attachment":[{"href":"https:\/\/fmi.usm.md\/ru\/wp-json\/wp\/v2\/media?parent=757"}],"curies":[{"name":"wp","href":"https:\/\/api.w.org\/{rel}","templated":true}]}}